{"id":760126,"date":"2026-02-22T15:43:14","date_gmt":"2026-02-22T14:43:14","guid":{"rendered":"https:\/\/lucacastelli.com\/prodotto\/milwaukee-topfbuerste-gezopft-3\/"},"modified":"2026-02-22T15:43:14","modified_gmt":"2026-02-22T14:43:14","slug":"milwaukee-topfbuerste-gezopft-3","status":"publish","type":"product","link":"https:\/\/lucacastelli.com\/de\/produkt\/milwaukee-topfbuerste-gezopft-3\/","title":{"rendered":"MILWAUKEE Topfb\u00fcrste gezopft"},"content":{"rendered":"<p>SP TOPFB\u00dcRSTE M14 90X20MM STAHL 0,5 MM-1ST<br \/>\nTopfb\u00fcrsten f\u00fcr Winkelschleifer mit geflochtenen Dr\u00e4hten<\/p>\n<p>4058546644536<\/p>\n","protected":false},"excerpt":{"rendered":"<p>SP TOPFB\u00dcRSTE M14 90X20MM STAHL 0,5 MM-1ST Topfb\u00fcrsten f\u00fcr Winkelschleifer mit geflochtenen Dr\u00e4hten 4058546644536<\/p>\n","protected":false},"featured_media":739697,"template":"","meta":{"_seopress_robots_primary_cat":"","_seopress_titles_title":"","_seopress_titles_desc":"","_seopress_robots_index":""},"product_brand":[3407],"product_cat":[5531,29,555,549,550],"product_tag":[6832],"class_list":{"0":"post-760126","1":"product","2":"type-product","3":"status-publish","4":"has-post-thumbnail","6":"product_brand-milwaukee","7":"product_cat-vari-macchinari-milwaukee","8":"product_cat-macchinari","9":"product_cat-smerigliatrici","10":"product_cat-trapani-e-avvitatori","11":"product_cat-accessori-per-trapani-ed-avvitatori","12":"product_tag-imp-26-mw_new","13":"sws-gruppo-macchinari-de","14":"sws-conto-ricavi-merci-rivendita-macchinari-de","15":"sws-gruppo-iva-iva81-de","17":"first","18":"instock","19":"sale","20":"shipping-taxable","21":"purchasable","22":"product-type-simple"},"_links":{"self":[{"href":"https:\/\/lucacastelli.com\/de\/wp-json\/wp\/v2\/product\/760126","targetHints":{"allow":["GET"]}}],"collection":[{"href":"https:\/\/lucacastelli.com\/de\/wp-json\/wp\/v2\/product"}],"about":[{"href":"https:\/\/lucacastelli.com\/de\/wp-json\/wp\/v2\/types\/product"}],"wp:featuredmedia":[{"embeddable":true,"href":"https:\/\/lucacastelli.com\/de\/wp-json\/wp\/v2\/media\/739697"}],"wp:attachment":[{"href":"https:\/\/lucacastelli.com\/de\/wp-json\/wp\/v2\/media?parent=760126"}],"wp:term":[{"taxonomy":"product_brand","embeddable":true,"href":"https:\/\/lucacastelli.com\/de\/wp-json\/wp\/v2\/product_brand?post=760126"},{"taxonomy":"product_cat","embeddable":true,"href":"https:\/\/lucacastelli.com\/de\/wp-json\/wp\/v2\/product_cat?post=760126"},{"taxonomy":"product_tag","embeddable":true,"href":"https:\/\/lucacastelli.com\/de\/wp-json\/wp\/v2\/product_tag?post=760126"}],"curies":[{"name":"wp","href":"https:\/\/api.w.org\/{rel}","templated":true}]}}