{"id":759973,"date":"2026-02-28T21:23:04","date_gmt":"2026-02-28T20:23:04","guid":{"rendered":"https:\/\/lucacastelli.com\/prodotto\/stihl-fsa-60-r-akku-freischneider-ak-system-nur-geraet\/"},"modified":"2026-03-04T15:07:05","modified_gmt":"2026-03-04T14:07:05","slug":"stihl-fsa-60-r-akku-freischneider-ak-system-nur-geraet","status":"publish","type":"product","link":"https:\/\/lucacastelli.com\/de\/produkt\/stihl-fsa-60-r-akku-freischneider-ak-system-nur-geraet\/","title":{"rendered":"STIHL FSA 60 R Akku-Freischneider &#8211; AK System (nur Ger\u00e4t)"},"content":{"rendered":"<p>Akku-Freischneider FSA 60 R: leise, komfortabel und effizient<br \/>\nWenn Sie mittelhohen Rasen schnell m\u00e4hen, schwer erreichbare Bereiche oder Rasenkanten im privaten Bereich trimmen m\u00f6chten, ist der STIHL Akku-Freischneider FSA 60 R die richtige Wahl. Mit dem leichten FSA 60 R k\u00f6nnen Sie Gras entlang von Hecken und um Pflanzen oder Objekte herum schneiden und Rasenkanten trimmen. Besonderen Komfort bietet das Rapid Click System, mit dem sich der M\u00e4hkopf einfach und schnell per Knopfdruck entfernen l\u00e4sst. Mit dem Advanced EasySpool l\u00e4sst sich der neue Faden bequem von Hand aufwickeln.   <\/p>\n<p>Der effiziente EC-Motor arbeitet mit Lithium-Ionen-Akkus des STIHL AK Systems und bietet konstante Leistung. Die Geschwindigkeit kann direkt am Griff eingestellt werden, wobei zwei Stufen zur Verf\u00fcgung stehen. W\u00e4hlen Sie eine niedrigere Geschwindigkeit im ECO-Modus (Stufe 1) f\u00fcr einfache Arbeiten. F\u00fcr anspruchsvollere Aufgaben k\u00f6nnen Sie die maximale Geschwindigkeit nutzen, indem Sie \u00fcber den Schiebeschalter auf Stufe 2 wechseln. Der leise Betrieb erm\u00f6glicht das Arbeiten ohne Geh\u00f6rschutz auch in l\u00e4rmempfindlichen Bereichen.    <\/p>\n<p>Das geringe Gewicht und die optimale Balance des Ger\u00e4ts erm\u00f6glichen l\u00e4ngere Arbeitseins\u00e4tze. Der Pflanzenschutzb\u00fcgel verhindert Sch\u00e4den an Pflanzen, Beh\u00e4ltern oder Objekten sowie am Freischneider selbst. Der werkzeuglos verstellbare Griff erm\u00f6glicht eine einfache Anpassung an Ihre K\u00f6rpergr\u00f6\u00dfe und gew\u00e4hrleistet jederzeit eine ergonomische Haltung. Serienm\u00e4\u00dfig ist der FSA 60 R mit dem werkzeuglos nachf\u00fcllbaren M\u00e4hkopf AutoCut C 12-2 ausgestattet. Das einfache Nachwickeln des Fadens durch Antippen des halbautomatischen M\u00e4hkopfes erm\u00f6glicht schnelles und effizientes Arbeiten.    <\/p>\n<p>&nbsp;<\/p>\n<p>&nbsp;<\/p>\n<p>&nbsp;<\/p>\n<table data-test-id=\"pdp-spec-tech-table\">\n<tbody>\n<tr>\n<td>Nennspannung<\/td>\n<td>36 V<\/td>\n<\/tr>\n<tr>\n<td>Max. Spannung<\/td>\n<td>40 V<\/td>\n<\/tr>\n<tr>\n<td>Leistungsaufnahme<\/td>\n<td>0,80 kW<\/td>\n<\/tr>\n<tr>\n<td>Leistung<\/td>\n<td>0,60 kW<\/td>\n<\/tr>\n<tr>\n<td>Akkusystem<\/td>\n<td>AK<\/td>\n<\/tr>\n<tr>\n<td>Empfohlener Akku<\/td>\n<td>AK 20<\/td>\n<\/tr>\n<tr>\n<td>Gewicht des Ger\u00e4ts ohne Akku<\/td>\n<td>3 kg<\/td>\n<\/tr>\n<tr>\n<td>Schnittkreisdurchmesser<\/td>\n<td>350 mm<\/td>\n<\/tr>\n<tr>\n<td>IP-Schutzklasse<\/td>\n<td>N\/A<\/td>\n<\/tr>\n<tr>\n<td>Max. Akkulaufzeit AK 10 mit Fadenkopf<\/td>\n<td>13 min<\/td>\n<\/tr>\n<tr>\n<td>Max. Akkulaufzeit AK 10 mit Kunststoffmesser<\/td>\n<td>25 min<\/td>\n<\/tr>\n<tr>\n<td>Max. Akkulaufzeit AK 20 mit Fadenkopf<\/td>\n<td>30 min<\/td>\n<\/tr>\n<tr>\n<td>Max. Akkulaufzeit AK 20 mit Kunststoffmesser<\/td>\n<td>55 min<\/td>\n<\/tr>\n<tr>\n<td>Max. Akkulaufzeit AK 30 mit Fadenkopf<\/td>\n<td>35 min<\/td>\n<\/tr>\n<tr>\n<td>Max. Akkulaufzeit AK 30 mit Kunststoffmesser<\/td>\n<td>60 min<\/td>\n<\/tr>\n<tr>\n<td>Max. Akkulaufzeit AK 30 S mit Fadenkopf<\/td>\n<td>35 min<\/td>\n<\/tr>\n<tr>\n<td>Max. Akkulaufzeit AK 30 S mit Kunststoffmesser<\/td>\n<td>60 min<\/td>\n<\/tr>\n<tr>\n<td>Max. Fl\u00e4che pro Akkuladung AK 10<\/td>\n<td>100 m\u00b2<\/td>\n<\/tr>\n<tr>\n<td>Max. Fl\u00e4che pro Akkuladung AK 20<\/td>\n<td>250 m\u00b2<\/td>\n<\/tr>\n<tr>\n<td>Max. Fl\u00e4che pro Akkuladung AK 30<\/td>\n<td>300 m\u00b2<\/td>\n<\/tr>\n<tr>\n<td>Max. Fl\u00e4che pro Akkuladung AK 30 S<\/td>\n<td>300 m\u00b2<\/td>\n<\/tr>\n<tr>\n<td>Max. Rasenkante pro Akkuladung AK 10<\/td>\n<td>500 m<\/td>\n<\/tr>\n<tr>\n<td>Max. Rasenkante pro Akkuladung AK 20<\/td>\n<td>1250 m<\/td>\n<\/tr>\n<tr>\n<td>Max. Rasenkante pro Akkuladung AK 30<\/td>\n<td>1500 m<\/td>\n<\/tr>\n<tr>\n<td>Max. Rasenkante pro Akkuladung AK 30 S<\/td>\n<td>1500 m<\/td>\n<\/tr>\n<tr>\n<td>L\u00e4nge des Ger\u00e4ts ohne Schneidwerkzeug<\/td>\n<td>166 cm<\/td>\n<\/tr>\n<tr>\n<td>Schalldruckpegel<\/td>\n<td>76 dB(A)<\/td>\n<\/tr>\n<tr>\n<td>Schallleistungspegel<\/td>\n<td>90 dB(A)<\/td>\n<\/tr>\n<tr>\n<td>Vibrationswert links bei Rechtsh\u00e4ndern<\/td>\n<td>3,5 m\/s\u00b2<\/td>\n<\/tr>\n<tr>\n<td>Vibrationswert links bei Rechtsh\u00e4ndern<\/td>\n<td>2,3 m\/s\u00b2<\/td>\n<\/tr>\n<tr>\n<td>Vibrationswert rechts bei Rechtsh\u00e4ndern<\/td>\n<td>1,3 m\/s\u00b2<\/td>\n<\/tr>\n<tr>\n<td>Vibrationswert rechts bei Rechtsh\u00e4ndern<\/td>\n<td>1,1 m\/s\u00b2<\/td>\n<\/tr>\n<\/tbody>\n<\/table>\n","protected":false},"excerpt":{"rendered":"<p>Akku-Freischneider FSA 60 R: leise, komfortabel und effizient Wenn Sie mittelhohen Rasen schnell m\u00e4hen, schwer erreichbare Bereiche oder Rasenkanten im<\/p>\n","protected":false},"featured_media":759198,"template":"","meta":{"_seopress_robots_primary_cat":"","_seopress_titles_title":"","_seopress_titles_desc":"","_seopress_robots_index":""},"product_brand":[3554],"product_cat":[1609,1581,169],"product_tag":[],"class_list":{"0":"post-759973","1":"product","2":"type-product","3":"status-publish","4":"has-post-thumbnail","6":"product_brand-stihl-de","7":"product_cat-akkubetriebene-freischneider-und-trimmer","8":"product_cat-freischneider-und-trimmer","9":"product_cat-maschinen","10":"sws-gruppo-macchinari-de","11":"sws-conto-ricavi-merci-rivendita-macchinari-de","12":"sws-gruppo-iva-iva81-de","14":"first","15":"instock","16":"shipping-taxable","17":"purchasable","18":"product-type-simple"},"_links":{"self":[{"href":"https:\/\/lucacastelli.com\/de\/wp-json\/wp\/v2\/product\/759973","targetHints":{"allow":["GET"]}}],"collection":[{"href":"https:\/\/lucacastelli.com\/de\/wp-json\/wp\/v2\/product"}],"about":[{"href":"https:\/\/lucacastelli.com\/de\/wp-json\/wp\/v2\/types\/product"}],"wp:featuredmedia":[{"embeddable":true,"href":"https:\/\/lucacastelli.com\/de\/wp-json\/wp\/v2\/media\/759198"}],"wp:attachment":[{"href":"https:\/\/lucacastelli.com\/de\/wp-json\/wp\/v2\/media?parent=759973"}],"wp:term":[{"taxonomy":"product_brand","embeddable":true,"href":"https:\/\/lucacastelli.com\/de\/wp-json\/wp\/v2\/product_brand?post=759973"},{"taxonomy":"product_cat","embeddable":true,"href":"https:\/\/lucacastelli.com\/de\/wp-json\/wp\/v2\/product_cat?post=759973"},{"taxonomy":"product_tag","embeddable":true,"href":"https:\/\/lucacastelli.com\/de\/wp-json\/wp\/v2\/product_tag?post=759973"}],"curies":[{"name":"wp","href":"https:\/\/api.w.org\/{rel}","templated":true}]}}