{"id":759892,"date":"2026-03-01T09:01:00","date_gmt":"2026-03-01T08:01:00","guid":{"rendered":"https:\/\/lucacastelli.com\/prodotto\/stihl-bga-100-akku-blasgeraet-ap-system-grundgeraet\/"},"modified":"2026-03-01T09:01:00","modified_gmt":"2026-03-01T08:01:00","slug":"stihl-bga-100-akku-blasgeraet-ap-system-grundgeraet","status":"publish","type":"product","link":"https:\/\/lucacastelli.com\/de\/produkt\/stihl-bga-100-akku-blasgeraet-ap-system-grundgeraet\/","title":{"rendered":"STIHL BGA 100 Akku-Blasger\u00e4t \u2013 AP-System (Grundger\u00e4t)"},"content":{"rendered":"<p>Deutlich leistungsst\u00e4rker und leiser<br \/>\nIn l\u00e4rmsensiblen Bereichen wie Krankenhausg\u00e4rten, Kinderg\u00e4rten oder Wohngebieten bietet das leistungsstarke Akku-Blasger\u00e4t STIHL BGA 100 hohe Performance bei leisem, emissionsfreiem Betrieb f\u00fcr den professionellen Einsatz. \u00dcber die zentrale Steuereinheit des STIHL BGA 100 k\u00f6nnen Sie die Blaskraft je nach Aufgabe in 3 Stufen regulieren. Die Leistungsstufe des Akku-Blasger\u00e4ts wird \u00fcber LEDs angezeigt. Unabh\u00e4ngig von der gew\u00e4hlten Stufe k\u00f6nnen Sie durch einfaches Dr\u00fccken des Schalthebels eine zus\u00e4tzliche Boost-Funktion aktivieren. Der nahezu verschlei\u00dffreie EC-Motor sorgt f\u00fcr eine effiziente Kraftumsetzung.    <\/p>\n<p>Das STIHL BGA 100 wiegt 2,5 kg (ohne Akku). Dank des schnell verstellbaren Blasrohrs k\u00f6nnen Sie die L\u00e4nge in drei Positionen anpassen und je nach Arbeit verk\u00fcrzen oder verl\u00e4ngern. So entfernen Sie Laub und Unrat auch auf gr\u00f6\u00dferen Fl\u00e4chen effizient. Das Akku-Blasger\u00e4t STIHL BGA 100 wird mit Akkus aus dem STIHL AP-System betrieben. F\u00fcr komfortables Arbeiten sind optional die STIHL AP G\u00fcrteltasche mit Anschlussleitung, ein STIHL Tragsystem und ein STIHL Anlagepolster erh\u00e4ltlich. Das Anlagepolster kann direkt in die Einh\u00e4nge\u00f6se des Ger\u00e4ts eingeh\u00e4ngt werden. F\u00fcr l\u00e4ngere Arbeitsintervalle empfiehlt sich der Einsatz eines r\u00fcckentragbaren Akkus, wie zum Beispiel des STIHL AR 3000 L.      <\/p>\n<p>In unserer \u00dcbersicht der STIHL Akku-Lauf- und Ladezeiten sehen Sie, wie lange Sie mit Ihrem STIHL BGA 100 Akku-Blasger\u00e4t arbeiten k\u00f6nnen und wie lange der gew\u00e4hlte Akku zum Laden ben\u00f6tigt.<\/p>\n<p>Alle Akku-Ger\u00e4te des STIHL AP-Systems sind f\u00fcr professionelle Anwender und den t\u00e4glichen Einsatz auch unter widrigen Wettereinfl\u00fcssen konzipiert. Daher verf\u00fcgen sie \u00fcber einen gepr\u00fcften Spritzwasserschutz. Die Wirksamkeit wird durch strenge interne Pr\u00fcfungen nachgewiesen. Der Spritzwassertest orientiert sich unter anderem am IPX4-Standard.   <\/p>\n<p>&nbsp;<\/p>\n<p>&nbsp;<\/p>\n<table data-test-id=\"pdp-spec-tech-table\">\n<tbody>\n<tr>\n<td>Nennspannung<\/td>\n<td>36 V<\/td>\n<\/tr>\n<tr>\n<td>Maximale Spannung<\/td>\n<td>40 V<\/td>\n<\/tr>\n<tr>\n<td>Akkusystem<\/td>\n<td>AP<\/td>\n<\/tr>\n<tr>\n<td>Empfohlener Akku<\/td>\n<td>AR 3000 L<\/td>\n<\/tr>\n<tr>\n<td>Gewicht ohne Akku<\/td>\n<td>2,5 kg<\/td>\n<\/tr>\n<tr>\n<td>Max. Luftgeschwindigkeit mit Rundd\u00fcse<\/td>\n<td>75 m\/s<\/td>\n<\/tr>\n<tr>\n<td>Max. Luftgeschwindigkeit mit Rundd\u00fcse<\/td>\n<td>168 mph<\/td>\n<\/tr>\n<tr>\n<td>Max. Luftgeschwindigkeit mit Flachd\u00fcse<\/td>\n<td>81 m\/s<\/td>\n<\/tr>\n<tr>\n<td>Max. Luftgeschwindigkeit mit Flachd\u00fcse<\/td>\n<td>182 mph<\/td>\n<\/tr>\n<tr>\n<td>Luftdurchsatz mit Rundd\u00fcse<\/td>\n<td>840 m\u00b3\/h<\/td>\n<\/tr>\n<tr>\n<td>Luftdurchsatz mit Flachd\u00fcse<\/td>\n<td>760 m\u00b3\/h<\/td>\n<\/tr>\n<tr>\n<td>IP-Schutzart<\/td>\n<td>IPX4<\/td>\n<\/tr>\n<tr>\n<td>Minimale Akkulaufzeit AP 100<\/td>\n<td>8 min<\/td>\n<\/tr>\n<tr>\n<td>Maximale Akkulaufzeit AP 100<\/td>\n<td>32 min<\/td>\n<\/tr>\n<tr>\n<td>Akkulaufzeit AP 200<\/td>\n<td>12 min<\/td>\n<\/tr>\n<tr>\n<td>Maximale Akkulaufzeit AP 200<\/td>\n<td>66 min<\/td>\n<\/tr>\n<tr>\n<td>Minimale Akkulaufzeit AP 200 S<\/td>\n<td>12 min<\/td>\n<\/tr>\n<tr>\n<td>Maximale Akkulaufzeit AP 200 S<\/td>\n<td>66 min<\/td>\n<\/tr>\n<tr>\n<td>Minimale Akkulaufzeit AP 300<\/td>\n<td>16 min<\/td>\n<\/tr>\n<tr>\n<td>Maximale Akkulaufzeit AP 300<\/td>\n<td>83 min<\/td>\n<\/tr>\n<tr>\n<td>Minimale Akkulaufzeit AP 300 S<\/td>\n<td>20 min<\/td>\n<\/tr>\n<tr>\n<td>Maximale Akkulaufzeit AP 300 S<\/td>\n<td>103 min<\/td>\n<\/tr>\n<tr>\n<td>Minimale Akkulaufzeit AP 500 S<\/td>\n<td>24 min<\/td>\n<\/tr>\n<tr>\n<td>Maximale Akkulaufzeit AP 500 S<\/td>\n<td>123 min<\/td>\n<\/tr>\n<tr>\n<td>Minimale Akkulaufzeit AR 1000<\/td>\n<td>45 min<\/td>\n<\/tr>\n<tr>\n<td>Maximale Akkulaufzeit AR 1000<\/td>\n<td>225 min<\/td>\n<\/tr>\n<tr>\n<td>Minimale Akkulaufzeit AR 2000<\/td>\n<td>60 min<\/td>\n<\/tr>\n<tr>\n<td>Maximale Akkulaufzeit AR 2000<\/td>\n<td>300 min<\/td>\n<\/tr>\n<tr>\n<td>Minimale Akkulaufzeit AR 2000 L<\/td>\n<td>80 min<\/td>\n<\/tr>\n<tr>\n<td>Maximale Akkulaufzeit AR 2000 L<\/td>\n<td>400 min<\/td>\n<\/tr>\n<tr>\n<td>Minimale Akkulaufzeit AR 3000<\/td>\n<td>75 min<\/td>\n<\/tr>\n<tr>\n<td>Maximale Akkulaufzeit AR 3000<\/td>\n<td>395 min<\/td>\n<\/tr>\n<tr>\n<td>Minimale Akkulaufzeit AR 3000 L<\/td>\n<td>110 min<\/td>\n<\/tr>\n<tr>\n<td>Maximale Akkulaufzeit AR 3000 L<\/td>\n<td>595 min<\/td>\n<\/tr>\n<tr>\n<td>Schalldruckpegel<\/td>\n<td>80 dB(A)<\/td>\n<\/tr>\n<tr>\n<td>Schalldruckpegel in 15 m Entfernung<\/td>\n<td>56 dB(A)<\/td>\n<\/tr>\n<tr>\n<td>Schallleistungspegel<\/td>\n<td>90 dB(A)<\/td>\n<\/tr>\n<tr>\n<td>Vibrationswert rechts<\/td>\n<td>0,9 m\/s\u00b2<\/td>\n<\/tr>\n<\/tbody>\n<\/table>\n","protected":false},"excerpt":{"rendered":"<p>Deutlich leistungsst\u00e4rker und leiser In l\u00e4rmsensiblen Bereichen wie Krankenhausg\u00e4rten, Kinderg\u00e4rten oder Wohngebieten bietet das leistungsstarke Akku-Blasger\u00e4t STIHL BGA 100 hohe<\/p>\n","protected":false},"featured_media":759674,"template":"","meta":{"_seopress_robots_primary_cat":"","_seopress_titles_title":"","_seopress_titles_desc":"","_seopress_robots_index":""},"product_brand":[3554],"product_cat":[1654,1641,169],"product_tag":[],"class_list":{"0":"post-759892","1":"product","2":"type-product","3":"status-publish","4":"has-post-thumbnail","6":"product_brand-stihl-de","7":"product_cat-akku-geblase","8":"product_cat-geblase-und-staubsauger","9":"product_cat-maschinen","10":"sws-gruppo-macchinari-de","11":"sws-conto-ricavi-merci-rivendita-macchinari-de","12":"sws-gruppo-iva-iva81-de","14":"first","15":"instock","16":"shipping-taxable","17":"purchasable","18":"product-type-simple"},"_links":{"self":[{"href":"https:\/\/lucacastelli.com\/de\/wp-json\/wp\/v2\/product\/759892","targetHints":{"allow":["GET"]}}],"collection":[{"href":"https:\/\/lucacastelli.com\/de\/wp-json\/wp\/v2\/product"}],"about":[{"href":"https:\/\/lucacastelli.com\/de\/wp-json\/wp\/v2\/types\/product"}],"wp:featuredmedia":[{"embeddable":true,"href":"https:\/\/lucacastelli.com\/de\/wp-json\/wp\/v2\/media\/759674"}],"wp:attachment":[{"href":"https:\/\/lucacastelli.com\/de\/wp-json\/wp\/v2\/media?parent=759892"}],"wp:term":[{"taxonomy":"product_brand","embeddable":true,"href":"https:\/\/lucacastelli.com\/de\/wp-json\/wp\/v2\/product_brand?post=759892"},{"taxonomy":"product_cat","embeddable":true,"href":"https:\/\/lucacastelli.com\/de\/wp-json\/wp\/v2\/product_cat?post=759892"},{"taxonomy":"product_tag","embeddable":true,"href":"https:\/\/lucacastelli.com\/de\/wp-json\/wp\/v2\/product_tag?post=759892"}],"curies":[{"name":"wp","href":"https:\/\/api.w.org\/{rel}","templated":true}]}}