{"id":759883,"date":"2026-03-01T09:17:57","date_gmt":"2026-03-01T08:17:57","guid":{"rendered":"https:\/\/lucacastelli.com\/prodotto\/stihl-bra-280-akku-rueckengeblaese-ap-system\/"},"modified":"2026-03-01T09:17:57","modified_gmt":"2026-03-01T08:17:57","slug":"stihl-bra-280-akku-rueckengeblaese-ap-system","status":"publish","type":"product","link":"https:\/\/lucacastelli.com\/de\/produkt\/stihl-bra-280-akku-rueckengeblaese-ap-system\/","title":{"rendered":"STIHL BRA 280 Akku-R\u00fcckengebl\u00e4se &#8211; AP-System"},"content":{"rendered":"<p>Akku-R\u00fcckengebl\u00e4se BRA 280 B: leicht und leistungsstark f\u00fcr Profis<br \/>\nDas R\u00fcckengebl\u00e4se STIHL BRA 280 B bietet exzellente Balance, geringes Gewicht und konstante Leistung. Ideal f\u00fcr Parks, Rasenfl\u00e4chen, Wege und l\u00e4rmempfindliche urbane Bereiche. Mit einer Blaskraft von bis zu 26 N entfernt es schnell Laub, Gras und Unrat.  <\/p>\n<p>Kompatibel mit einem oder zwei Akkus des STIHL AP-Systems, mit automatischer Umschaltung auf den zweiten Akku. Steuerung \u00fcber HMI Premium PLUS und STIHL Smart Connector zur Optimierung des Energieverbrauchs. Schnell verstellbares Blasrohr und ergonomisches Tragsystem.  <\/p>\n<p>IPX4-zertifiziert f\u00fcr den Einsatz bei Regen.<\/p>\n<p>&nbsp;<\/p>\n<table data-test-id=\"pdp-spec-tech-table\">\n<tbody>\n<tr>\n<td>Nennspannung<\/td>\n<td>36 V<\/td>\n<\/tr>\n<tr>\n<td>Maximale Spannung<\/td>\n<td>40 V<\/td>\n<\/tr>\n<tr>\n<td>Akkusystem<\/td>\n<td>AP<\/td>\n<\/tr>\n<tr>\n<td>Empfohlener Akku<\/td>\n<td>AP 500 S<\/td>\n<\/tr>\n<tr>\n<td>Gewicht des Ger\u00e4ts ohne Akku<\/td>\n<td>7,3 kg<\/td>\n<\/tr>\n<tr>\n<td>Max. Luftgeschwindigkeit mit Rundd\u00fcse<\/td>\n<td>86 m\/s<\/td>\n<\/tr>\n<tr>\n<td>Max. Luftgeschwindigkeit mit Rundd\u00fcse<\/td>\n<td>192 mph<\/td>\n<\/tr>\n<tr>\n<td>Luftdurchsatz mit Rundd\u00fcse<\/td>\n<td>970 m\u00b3\/h<\/td>\n<\/tr>\n<tr>\n<td>Minimale Akkulaufzeit AP 200 S<\/td>\n<td>13 min<\/td>\n<\/tr>\n<tr>\n<td>Maximale Akkulaufzeit AP 200 S<\/td>\n<td>16 min<\/td>\n<\/tr>\n<tr>\n<td>Minimale Akkulaufzeit AP 300<\/td>\n<td>8 min<\/td>\n<\/tr>\n<tr>\n<td>Maximale Akkulaufzeit AP 300<\/td>\n<td>20 min<\/td>\n<\/tr>\n<tr>\n<td>Minimale Akkulaufzeit AP 300 S<\/td>\n<td>10 min<\/td>\n<\/tr>\n<tr>\n<td>Maximale Akkulaufzeit AP 300 S<\/td>\n<td>25 min<\/td>\n<\/tr>\n<tr>\n<td>Minimale Akkulaufzeit mit AP 500 S<\/td>\n<td>12 min<\/td>\n<\/tr>\n<tr>\n<td>Maximale Akkulaufzeit AP 500 S<\/td>\n<td>30 min<\/td>\n<\/tr>\n<tr>\n<td>Schalldruckpegel<\/td>\n<td>88 dB(A)<\/td>\n<\/tr>\n<tr>\n<td>Schalldruckpegel in 15 m Entfernung<\/td>\n<td>65 dB(A)<\/td>\n<\/tr>\n<tr>\n<td>Schallleistungspegel<\/td>\n<td>96 dB(A)<\/td>\n<\/tr>\n<tr>\n<td>Vibrationswert rechts<\/td>\n<td>0,3 m\/s\u00b2<\/td>\n<\/tr>\n<\/tbody>\n<\/table>\n","protected":false},"excerpt":{"rendered":"<p>Akku-R\u00fcckengebl\u00e4se BRA 280 B: leicht und leistungsstark f\u00fcr Profis Das R\u00fcckengebl\u00e4se STIHL BRA 280 B bietet exzellente Balance, geringes Gewicht<\/p>\n","protected":false},"featured_media":759708,"template":"","meta":{"_seopress_robots_primary_cat":"","_seopress_titles_title":"","_seopress_titles_desc":"","_seopress_robots_index":""},"product_brand":[3554],"product_cat":[1654,1641,169],"product_tag":[],"class_list":{"0":"post-759883","1":"product","2":"type-product","3":"status-publish","4":"has-post-thumbnail","6":"product_brand-stihl-de","7":"product_cat-akku-geblase","8":"product_cat-geblase-und-staubsauger","9":"product_cat-maschinen","10":"sws-gruppo-macchinari-de","11":"sws-conto-ricavi-merci-rivendita-macchinari-de","12":"sws-gruppo-iva-iva81-de","14":"first","15":"instock","16":"shipping-taxable","17":"purchasable","18":"product-type-simple"},"_links":{"self":[{"href":"https:\/\/lucacastelli.com\/de\/wp-json\/wp\/v2\/product\/759883","targetHints":{"allow":["GET"]}}],"collection":[{"href":"https:\/\/lucacastelli.com\/de\/wp-json\/wp\/v2\/product"}],"about":[{"href":"https:\/\/lucacastelli.com\/de\/wp-json\/wp\/v2\/types\/product"}],"wp:featuredmedia":[{"embeddable":true,"href":"https:\/\/lucacastelli.com\/de\/wp-json\/wp\/v2\/media\/759708"}],"wp:attachment":[{"href":"https:\/\/lucacastelli.com\/de\/wp-json\/wp\/v2\/media?parent=759883"}],"wp:term":[{"taxonomy":"product_brand","embeddable":true,"href":"https:\/\/lucacastelli.com\/de\/wp-json\/wp\/v2\/product_brand?post=759883"},{"taxonomy":"product_cat","embeddable":true,"href":"https:\/\/lucacastelli.com\/de\/wp-json\/wp\/v2\/product_cat?post=759883"},{"taxonomy":"product_tag","embeddable":true,"href":"https:\/\/lucacastelli.com\/de\/wp-json\/wp\/v2\/product_tag?post=759883"}],"curies":[{"name":"wp","href":"https:\/\/api.w.org\/{rel}","templated":true}]}}