{"id":759856,"date":"2026-03-01T09:09:11","date_gmt":"2026-03-01T08:09:11","guid":{"rendered":"https:\/\/lucacastelli.com\/prodotto\/stihl-bra-200-akku-rueckengeblaese-ap-system-grundgeraet\/"},"modified":"2026-03-01T09:09:11","modified_gmt":"2026-03-01T08:09:11","slug":"stihl-bra-200-akku-rueckengeblaese-ap-system-grundgeraet","status":"publish","type":"product","link":"https:\/\/lucacastelli.com\/de\/produkt\/stihl-bra-200-akku-rueckengeblaese-ap-system-grundgeraet\/","title":{"rendered":"STIHL BRA 200 Akku-R\u00fcckengebl\u00e4se \u2013 AP-System (Grundger\u00e4t)"},"content":{"rendered":"<p>Akku-R\u00fcckengebl\u00e4se BRA 200, ultraleicht und r\u00fcckentragbar: ideale Balance zwischen geringem Gewicht und langer Laufzeit f\u00fcr professionelle Reinigungsarbeiten.<br \/>\nDas Akku-R\u00fcckengebl\u00e4se STIHL BRA 200 bietet eine exzellente Kombination aus langer Laufzeit und sehr geringem Arbeitsgewicht. Perfekt f\u00fcr Profis in der Garten- und Landschaftspflege sowie in Kommunen, erm\u00f6glicht es die Reinigung von Wegen und Stra\u00dfen mit minimalem Kraftaufwand. Mit einer maximalen Blaskraft von 21 N entfernt es schnell Laub, Gras und Schnittgut bei konstanter Leistung \u00fcber die gesamte Akkulaufzeit. Der leise Betrieb macht es ideal f\u00fcr l\u00e4rmsensible urbane Bereiche.   <\/p>\n<p>Das BRA 200 kann mit einem oder zwei Akkus aus dem STIHL AP-System betrieben werden; selbst mit zwei AP-Akkus bleibt es leichter als ein vergleichbares Benzin-R\u00fcckengebl\u00e4se. Die Leistung ist \u00fcber den Gashebel regulierbar, mit Boost-Funktion f\u00fcr maximale Performance. <\/p>\n<p>Komfortable Gurte verteilen das Gewicht gleichm\u00e4\u00dfig. F\u00fcr optimale Leistung empfiehlt STIHL zwei Akkus AP 300 S oder h\u00f6her. <\/p>\n<p>IPX4-zertifiziert, spritzwassergesch\u00fctzt und auch bei Regen einsetzbar.<\/p>\n<p>&nbsp;<\/p>\n<p>&nbsp;<\/p>\n<table data-test-id=\"pdp-spec-tech-table\">\n<tbody>\n<tr>\n<td>Nennspannung<\/td>\n<td>36 V<\/td>\n<\/tr>\n<tr>\n<td>Maximale Spannung<\/td>\n<td>40 V<\/td>\n<\/tr>\n<tr>\n<td>Akkusystem<\/td>\n<td>AP<\/td>\n<\/tr>\n<tr>\n<td>Empfohlener Akku<\/td>\n<td>AP 500 S<\/td>\n<\/tr>\n<tr>\n<td>Gewicht ohne Akku<\/td>\n<td>7,1 kg<\/td>\n<\/tr>\n<tr>\n<td>Max. Luftgeschwindigkeit mit Rundd\u00fcse<\/td>\n<td>83 m\/s<\/td>\n<\/tr>\n<tr>\n<td>Max. Luftgeschwindigkeit mit Rundd\u00fcse<\/td>\n<td>185 mph<\/td>\n<\/tr>\n<tr>\n<td>Luftdurchsatz mit Rundd\u00fcse<\/td>\n<td>867 m\u00b3\/h<\/td>\n<\/tr>\n<tr>\n<td>Minimale Akkulaufzeit AP 200 S<\/td>\n<td>10 min<\/td>\n<\/tr>\n<tr>\n<td>Maximale Akkulaufzeit AP 200 S<\/td>\n<td>65 min<\/td>\n<\/tr>\n<tr>\n<td>Minimale Akkulaufzeit AP 300<\/td>\n<td>14 min<\/td>\n<\/tr>\n<tr>\n<td>Maximale Akkulaufzeit AP 300<\/td>\n<td>77 min<\/td>\n<\/tr>\n<tr>\n<td>Minimale Akkulaufzeit AP 300 S<\/td>\n<td>14 min<\/td>\n<\/tr>\n<tr>\n<td>Maximale Akkulaufzeit AP 300 S<\/td>\n<td>97 min<\/td>\n<\/tr>\n<tr>\n<td>Minimale Akkulaufzeit AP 500 S<\/td>\n<td>16 min<\/td>\n<\/tr>\n<tr>\n<td>Maximale Akkulaufzeit AP 500 S<\/td>\n<td>115 min<\/td>\n<\/tr>\n<tr>\n<td>Schalldruckpegel<\/td>\n<td>86 dB(A)<\/td>\n<\/tr>\n<tr>\n<td>Schalldruckpegel in 15 m Entfernung<\/td>\n<td>64 dB(A)<\/td>\n<\/tr>\n<tr>\n<td>Schallleistungspegel<\/td>\n<td>94 dB(A)<\/td>\n<\/tr>\n<tr>\n<td>Vibrationswert rechts<\/td>\n<td>0,2 m\/s\u00b2<\/td>\n<\/tr>\n<\/tbody>\n<\/table>\n","protected":false},"excerpt":{"rendered":"<p>Akku-R\u00fcckengebl\u00e4se BRA 200, ultraleicht und r\u00fcckentragbar: ideale Balance zwischen geringem Gewicht und langer Laufzeit f\u00fcr professionelle Reinigungsarbeiten. Das Akku-R\u00fcckengebl\u00e4se STIHL<\/p>\n","protected":false},"featured_media":759689,"template":"","meta":{"_seopress_robots_primary_cat":"none","_seopress_titles_title":"","_seopress_titles_desc":"","_seopress_robots_index":""},"product_brand":[3554],"product_cat":[1654,1641,169],"product_tag":[],"class_list":{"0":"post-759856","1":"product","2":"type-product","3":"status-publish","4":"has-post-thumbnail","6":"product_brand-stihl-de","7":"product_cat-akku-geblase","8":"product_cat-geblase-und-staubsauger","9":"product_cat-maschinen","10":"sws-gruppo-macchinari-de","11":"sws-conto-ricavi-merci-rivendita-macchinari-de","12":"sws-gruppo-iva-iva81-de","14":"first","15":"instock","16":"shipping-taxable","17":"purchasable","18":"product-type-simple"},"_links":{"self":[{"href":"https:\/\/lucacastelli.com\/de\/wp-json\/wp\/v2\/product\/759856","targetHints":{"allow":["GET"]}}],"collection":[{"href":"https:\/\/lucacastelli.com\/de\/wp-json\/wp\/v2\/product"}],"about":[{"href":"https:\/\/lucacastelli.com\/de\/wp-json\/wp\/v2\/types\/product"}],"wp:featuredmedia":[{"embeddable":true,"href":"https:\/\/lucacastelli.com\/de\/wp-json\/wp\/v2\/media\/759689"}],"wp:attachment":[{"href":"https:\/\/lucacastelli.com\/de\/wp-json\/wp\/v2\/media?parent=759856"}],"wp:term":[{"taxonomy":"product_brand","embeddable":true,"href":"https:\/\/lucacastelli.com\/de\/wp-json\/wp\/v2\/product_brand?post=759856"},{"taxonomy":"product_cat","embeddable":true,"href":"https:\/\/lucacastelli.com\/de\/wp-json\/wp\/v2\/product_cat?post=759856"},{"taxonomy":"product_tag","embeddable":true,"href":"https:\/\/lucacastelli.com\/de\/wp-json\/wp\/v2\/product_tag?post=759856"}],"curies":[{"name":"wp","href":"https:\/\/api.w.org\/{rel}","templated":true}]}}