{"id":759725,"date":"2026-02-28T21:29:05","date_gmt":"2026-02-28T20:29:05","guid":{"rendered":"https:\/\/lucacastelli.com\/prodotto\/stihl-fsa-110-r-akku-freischneider-ap-system-grundgeraet\/"},"modified":"2026-04-14T03:18:24","modified_gmt":"2026-04-14T01:18:24","slug":"stihl-fsa-110-r-akku-freischneider-ap-system-grundgeraet","status":"publish","type":"product","link":"https:\/\/lucacastelli.com\/de\/produkt\/stihl-fsa-110-r-akku-freischneider-ap-system-grundgeraet\/","title":{"rendered":"STIHL FSA 110 R Akku-Freischneider \u2013 AP-System (Grundger\u00e4t)"},"content":{"rendered":"<p>Akku-Freischneider FSA 110 R: leise, leicht und kraftvoll f\u00fcr professionelle M\u00e4harbeiten und anspruchsvolle private Eins\u00e4tze<br \/>\nDer leistungsstarke Akku-Freischneider STIHL FSA 110 R aus dem STIHL AP-System eignet sich f\u00fcr professionelle M\u00e4harbeiten in kleinen Betrieben, wie z. B. in der Hausverwaltung, sowie f\u00fcr anspruchsvolle Aufgaben im privaten Bereich. Er \u00fcberzeugt durch die Kombination aus hoher Schnittleistung und geringem Gewicht, etwa beim M\u00e4hen von mittelhohem Gras, beim Ausputzen schwer zug\u00e4nglicher Stellen und beim Schneiden von Rasenkanten. Der STIHL FSA 110 R bietet besonderen Komfort durch das Rapid Click-System, mit dem Sie den M\u00e4hkopf einfach und schnell per Knopfdruck wechseln k\u00f6nnen. Mit Advanced EasySpool wickeln Sie den M\u00e4hfaden bequem von Hand in den M\u00e4hkopf.   <\/p>\n<p>Der b\u00fcrstenlose EC-Motor l\u00e4sst sich direkt am Handgriff \u00fcber eine variable Drehzahlregulierung mit 2 Geschwindigkeitsstufen steuern. F\u00fcr einfachere Aufgaben, wie das Trimmen von Rasenkanten, w\u00e4hlen Sie eine niedrigere Drehzahl im ECO-Modus (Stufe 1). So reduzieren Sie den Energieverbrauch und verl\u00e4ngern die Akkulaufzeit. F\u00fcr anspruchsvollere Arbeiten, wie das M\u00e4hen von dichtem Gras, nutzen Sie die maximale Geschwindigkeit, indem Sie einfach per Schiebeschalter auf Stufe 2 wechseln. Die Drehzahl passt sich automatisch an das montierte Schneidwerkzeug an und ist stufenlos regulierbar. Zudem erm\u00f6glicht die intelligente Elektronik dem FSA 110 R eine konstant hohe Leistung, unabh\u00e4ngig vom Ladezustand des Akkus.     <\/p>\n<p>Kompakt und gut ausbalanciert erm\u00f6glicht der STIHL FSA 110 R dank des Rundumgriffs mit Weichkomponente flexibles Arbeiten mit viel Bewegungsfreiheit. Dies zeigt sich besonders bei Ausputzarbeiten auf engem Raum, beim M\u00e4hen zwischen B\u00e4umen und Str\u00e4uchern oder in anderen verwinkelten Bereichen. Zudem erlaubt der werkzeuglos verstellbare Rundumgriff eine einfache Anpassung an Ihre K\u00f6rpergr\u00f6\u00dfe, was stets eine ergonomische Arbeitshaltung garantiert.  <\/p>\n<p>Der Akku-Freischneider FSA 110 R ist so leise, dass er ohne Geh\u00f6rschutz und auch in l\u00e4rmsensiblen Bereichen wie Schulen, Krankenh\u00e4usern oder Stadtparks eingesetzt werden kann.<\/p>\n<p>F\u00fcr M\u00e4harbeiten empfehlen wir die Verwendung des runden M\u00e4hfadens mit einem Durchmesser von 2,4 mm. Als optionales Zubeh\u00f6r ist auch der M\u00e4hkopf STIHL PolyCut 12-2 mit Kunststoffmessern erh\u00e4ltlich, der ebenfalls werkzeuglos gewechselt werden kann. Dank der praktischen Aufh\u00e4ng\u00f6se k\u00f6nnen Sie den STIHL FSA 110 R an der Wand aufh\u00e4ngen. <\/p>\n<p>Alle Akkuger\u00e4te des STIHL AP-Systems sind f\u00fcr den regelm\u00e4\u00dfigen professionellen Einsatz auch unter widrigen Wetterbedingungen konzipiert. Daher verf\u00fcgen sie \u00fcber einen gepr\u00fcften Spritzwasserschutz. Die Wirksamkeit wird durch strenge interne Tests belegt. Der Spritzwassertest orientiert sich unter anderem am IPX4-Standard. Der Akku-Freischneider FSA 110 R ist zudem f\u00fcr Arbeiten im Regen geeignet.    <\/p>\n<p>&nbsp;<\/p>\n<p>&nbsp;<\/p>\n<table data-test-id=\"pdp-spec-tech-table\">\n<tbody>\n<tr>\n<td>Nennspannung<\/td>\n<td>36 V<\/td>\n<\/tr>\n<tr>\n<td>Max. Spannung<\/td>\n<td>40 V<\/td>\n<\/tr>\n<tr>\n<td>Leistungsaufnahme<\/td>\n<td>1 kW<\/td>\n<\/tr>\n<tr>\n<td>Leistung<\/td>\n<td>0,80 kW<\/td>\n<\/tr>\n<tr>\n<td>Akkusystem<\/td>\n<td>AP<\/td>\n<\/tr>\n<tr>\n<td>Empfohlener Akku<\/td>\n<td>AP 200 S<\/td>\n<\/tr>\n<tr>\n<td>Ger\u00e4tegewicht ohne Akku<\/td>\n<td>3,2 kg<\/td>\n<\/tr>\n<tr>\n<td>Schnittkreisdurchmesser<\/td>\n<td>380 mm<\/td>\n<\/tr>\n<tr>\n<td>IP-Schutzart<\/td>\n<td>IPX4<\/td>\n<\/tr>\n<tr>\n<td>Minimale Akkulaufzeit AP 100 mit Fadenm\u00e4hkopf<\/td>\n<td>20 min<\/td>\n<\/tr>\n<tr>\n<td>Maximale Akkulaufzeit AP 100 mit Fadenm\u00e4hkopf<\/td>\n<td>30 min<\/td>\n<\/tr>\n<tr>\n<td>Minimale Akkulaufzeit AP 200 mit Fadenm\u00e4hkopf<\/td>\n<td>30 min<\/td>\n<\/tr>\n<tr>\n<td>Maximale Akkulaufzeit AP 200 mit Fadenm\u00e4hkopf<\/td>\n<td>60 min<\/td>\n<\/tr>\n<tr>\n<td>Minimale Akkulaufzeit AP 200 mit Kunststoffmesser<\/td>\n<td>60 min<\/td>\n<\/tr>\n<tr>\n<td>Maximale Akkulaufzeit AP 200 mit Kunststoffmesser<\/td>\n<td>120 min<\/td>\n<\/tr>\n<tr>\n<td>Minimale Akkulaufzeit AP 200 S mit Fadenm\u00e4hkopf<\/td>\n<td>30 min<\/td>\n<\/tr>\n<tr>\n<td>Maximale Akkulaufzeit AP 200 S mit Fadenm\u00e4hkopf<\/td>\n<td>60 min<\/td>\n<\/tr>\n<tr>\n<td>Minimale Akkulaufzeit AP 200 S mit Kunststoffmesser<\/td>\n<td>60 min<\/td>\n<\/tr>\n<tr>\n<td>Maximale Akkulaufzeit AP 200 S mit Kunststoffmesser<\/td>\n<td>120 min<\/td>\n<\/tr>\n<tr>\n<td>Minimale Akkulaufzeit AP 300 mit Fadenm\u00e4hkopf<\/td>\n<td>40 min<\/td>\n<\/tr>\n<tr>\n<td>Maximale Akkulaufzeit AP 300 mit Fadenm\u00e4hkopf<\/td>\n<td>80 min<\/td>\n<\/tr>\n<tr>\n<td>Minimale Akkulaufzeit AP 300 mit Kunststoffmesser<\/td>\n<td>80 min<\/td>\n<\/tr>\n<tr>\n<td>Maximale Akkulaufzeit AP 300 mit Kunststoffmesser<\/td>\n<td>160 min<\/td>\n<\/tr>\n<tr>\n<td>Minimale Akkulaufzeit AP 300 S mit Fadenm\u00e4hkopf<\/td>\n<td>50 min<\/td>\n<\/tr>\n<tr>\n<td>Maximale Akkulaufzeit AP 300 S mit Fadenm\u00e4hkopf<\/td>\n<td>100 min<\/td>\n<\/tr>\n<tr>\n<td>Minimale Akkulaufzeit AP 300 S mit Kunststoffmesser<\/td>\n<td>100 min<\/td>\n<\/tr>\n<tr>\n<td>Maximale Akkulaufzeit AP 300 S mit Kunststoffmesser<\/td>\n<td>200 min<\/td>\n<\/tr>\n<tr>\n<td>Minimale Akkulaufzeit AP 500 S mit Fadenm\u00e4hkopf<\/td>\n<td>60 min<\/td>\n<\/tr>\n<tr>\n<td>Maximale Akkulaufzeit AP 500 S mit Fadenm\u00e4hkopf<\/td>\n<td>120 min<\/td>\n<\/tr>\n<tr>\n<td>Minimale Akkulaufzeit AP 500 S mit Kunststoffmesser<\/td>\n<td>120 min<\/td>\n<\/tr>\n<tr>\n<td>Maximale Akkulaufzeit AP 500 S mit Kunststoffmesser<\/td>\n<td>240 min<\/td>\n<\/tr>\n<tr>\n<td>Minimale Akkulaufzeit AR 2000 L mit Fadenm\u00e4hkopf<\/td>\n<td>210 min<\/td>\n<\/tr>\n<tr>\n<td>Maximale Akkulaufzeit AR 2000 L mit Fadenm\u00e4hkopf<\/td>\n<td>400 min<\/td>\n<\/tr>\n<tr>\n<td>Minimale Akkulaufzeit AR 2000 L mit Kunststoffmesser<\/td>\n<td>420 min<\/td>\n<\/tr>\n<tr>\n<td>Maximale Akkulaufzeit AR 2000 L mit Kunststoffmesser<\/td>\n<td>800 min<\/td>\n<\/tr>\n<tr>\n<td>Minimale Akkulaufzeit AR 3000 L mit Fadenm\u00e4hkopf<\/td>\n<td>290 min<\/td>\n<\/tr>\n<tr>\n<td>Maximale Akkulaufzeit AR 3000 L mit Fadenm\u00e4hkopf<\/td>\n<td>570 min<\/td>\n<\/tr>\n<tr>\n<td>Minimale Akkulaufzeit AR 3000 L mit Kunststoffmesser<\/td>\n<td>580 min<\/td>\n<\/tr>\n<tr>\n<td>Maximale Akkulaufzeit AR 3000 L mit Kunststoffmesser<\/td>\n<td>1140 min<\/td>\n<\/tr>\n<tr>\n<td>Ger\u00e4tel\u00e4nge ohne Schneidwerkzeug<\/td>\n<td>171 cm<\/td>\n<\/tr>\n<tr>\n<td>Schalldruckpegel<\/td>\n<td>76 dB(A)<\/td>\n<\/tr>\n<tr>\n<td>Schallleistungspegel<\/td>\n<td>91 dB(A)<\/td>\n<\/tr>\n<tr>\n<td>Vibrationswert links mit rechter Hand<\/td>\n<td>4,9 m\/s\u00b2<\/td>\n<\/tr>\n<tr>\n<td>Vibrationswert links mit rechter Hand<\/td>\n<td>3,8 m\/s\u00b2<\/td>\n<\/tr>\n<tr>\n<td>Vibrationswert rechts mit rechter Hand<\/td>\n<td>2 m\/s\u00b2<\/td>\n<\/tr>\n<tr>\n<td>Vibrationswert rechts mit rechter Hand<\/td>\n<td>2 m\/s\u00b2<\/td>\n<\/tr>\n<\/tbody>\n<\/table>\n","protected":false},"excerpt":{"rendered":"<p>Akku-Freischneider FSA 110 R: leise, leicht und kraftvoll f\u00fcr professionelle M\u00e4harbeiten und anspruchsvolle private Eins\u00e4tze Der leistungsstarke Akku-Freischneider STIHL FSA<\/p>\n","protected":false},"featured_media":759731,"template":"","meta":{"_seopress_robots_primary_cat":"none","_seopress_titles_title":"","_seopress_titles_desc":"","_seopress_robots_index":""},"product_brand":[3554],"product_cat":[1609,1581,169],"product_tag":[],"class_list":{"0":"post-759725","1":"product","2":"type-product","3":"status-publish","4":"has-post-thumbnail","6":"product_brand-stihl-de","7":"product_cat-akkubetriebene-freischneider-und-trimmer","8":"product_cat-freischneider-und-trimmer","9":"product_cat-maschinen","10":"sws-gruppo-macchinari-de","11":"sws-conto-ricavi-merci-rivendita-macchinari-de","12":"sws-gruppo-iva-iva81-de","14":"first","15":"instock","16":"shipping-taxable","17":"purchasable","18":"product-type-simple"},"_links":{"self":[{"href":"https:\/\/lucacastelli.com\/de\/wp-json\/wp\/v2\/product\/759725","targetHints":{"allow":["GET"]}}],"collection":[{"href":"https:\/\/lucacastelli.com\/de\/wp-json\/wp\/v2\/product"}],"about":[{"href":"https:\/\/lucacastelli.com\/de\/wp-json\/wp\/v2\/types\/product"}],"wp:featuredmedia":[{"embeddable":true,"href":"https:\/\/lucacastelli.com\/de\/wp-json\/wp\/v2\/media\/759731"}],"wp:attachment":[{"href":"https:\/\/lucacastelli.com\/de\/wp-json\/wp\/v2\/media?parent=759725"}],"wp:term":[{"taxonomy":"product_brand","embeddable":true,"href":"https:\/\/lucacastelli.com\/de\/wp-json\/wp\/v2\/product_brand?post=759725"},{"taxonomy":"product_cat","embeddable":true,"href":"https:\/\/lucacastelli.com\/de\/wp-json\/wp\/v2\/product_cat?post=759725"},{"taxonomy":"product_tag","embeddable":true,"href":"https:\/\/lucacastelli.com\/de\/wp-json\/wp\/v2\/product_tag?post=759725"}],"curies":[{"name":"wp","href":"https:\/\/api.w.org\/{rel}","templated":true}]}}