{"id":759719,"date":"2026-03-01T08:18:56","date_gmt":"2026-03-01T07:18:56","guid":{"rendered":"https:\/\/lucacastelli.com\/prodotto\/stihl-ulv-duesensatz\/"},"modified":"2026-03-01T08:18:56","modified_gmt":"2026-03-01T07:18:56","slug":"stihl-ulv-duesensatz","status":"publish","type":"product","link":"https:\/\/lucacastelli.com\/de\/produkt\/stihl-ulv-duesensatz\/","title":{"rendered":"STIHL ULV-D\u00fcsensatz"},"content":{"rendered":"<p>ULV-D\u00fcsensatz: Vernebelt pr\u00e4zise sehr geringe Fl\u00fcssigkeitsmengen<br \/>\nDer STIHL ULV-D\u00fcsensatz ist das ideale Zubeh\u00f6r f\u00fcr Spr\u00fchger\u00e4te und Zerst\u00e4uber, um sehr geringe Fl\u00fcssigkeitsmengen pr\u00e4zise auf Pflanzen aufzubringen. Mit dem ULV-D\u00fcsensatz werden die Spr\u00fchmittel sehr fein zerst\u00e4ubt, sodass Landwirte, Obstbauern oder Winzer bei professionellen Eins\u00e4tzen mit STIHL R\u00fcckenspr\u00fchger\u00e4ten auch einzelne Pflanzen an bestimmten Stellen gezielt mit einer reduzierten Produktmenge behandeln k\u00f6nnen.<br \/>\nDie STIHL ULV-D\u00fcse ist f\u00fcr folgende R\u00fcckenspr\u00fchger\u00e4te geeignet:<br \/>\n(Art.-Nr. 42440071022) f\u00fcr STIHL SR 430 und STIHL SR 450<br \/>\n(Art.-Nr. 42410071009) f\u00fcr STIHL SR 200 <\/p>\n","protected":false},"excerpt":{"rendered":"<p>ULV-D\u00fcsensatz: Vernebelt pr\u00e4zise sehr geringe Fl\u00fcssigkeitsmengen Der STIHL ULV-D\u00fcsensatz ist das ideale Zubeh\u00f6r f\u00fcr Spr\u00fchger\u00e4te und Zerst\u00e4uber, um sehr geringe<\/p>\n","protected":false},"featured_media":759638,"template":"","meta":{"_seopress_robots_primary_cat":"","_seopress_titles_title":"","_seopress_titles_desc":"","_seopress_robots_index":""},"product_brand":[3554],"product_cat":[169,1566,1571,1572],"product_tag":[],"class_list":{"0":"post-759719","1":"product","2":"type-product","3":"status-publish","4":"has-post-thumbnail","6":"product_brand-stihl-de","7":"product_cat-maschinen","8":"product_cat-nebelgeblase-und-spruhgerate","9":"product_cat-zubehor-und-verbrauchsmaterial-de-2","10":"product_cat-motorbetriebene-spruhgerate","11":"sws-gruppo-macchinari-de","12":"sws-conto-ricavi-merci-rivendita-macchinari-de","13":"sws-gruppo-iva-iva81-de","15":"first","16":"instock","17":"shipping-taxable","18":"purchasable","19":"product-type-simple"},"_links":{"self":[{"href":"https:\/\/lucacastelli.com\/de\/wp-json\/wp\/v2\/product\/759719","targetHints":{"allow":["GET"]}}],"collection":[{"href":"https:\/\/lucacastelli.com\/de\/wp-json\/wp\/v2\/product"}],"about":[{"href":"https:\/\/lucacastelli.com\/de\/wp-json\/wp\/v2\/types\/product"}],"wp:featuredmedia":[{"embeddable":true,"href":"https:\/\/lucacastelli.com\/de\/wp-json\/wp\/v2\/media\/759638"}],"wp:attachment":[{"href":"https:\/\/lucacastelli.com\/de\/wp-json\/wp\/v2\/media?parent=759719"}],"wp:term":[{"taxonomy":"product_brand","embeddable":true,"href":"https:\/\/lucacastelli.com\/de\/wp-json\/wp\/v2\/product_brand?post=759719"},{"taxonomy":"product_cat","embeddable":true,"href":"https:\/\/lucacastelli.com\/de\/wp-json\/wp\/v2\/product_cat?post=759719"},{"taxonomy":"product_tag","embeddable":true,"href":"https:\/\/lucacastelli.com\/de\/wp-json\/wp\/v2\/product_tag?post=759719"}],"curies":[{"name":"wp","href":"https:\/\/api.w.org\/{rel}","templated":true}]}}