{"id":758652,"date":"2026-02-28T17:41:50","date_gmt":"2026-02-28T16:41:50","guid":{"rendered":"https:\/\/lucacastelli.com\/prodotto\/stihl-rma-443-pv-set-mit-akku-ap-300-s-und-ladegeraet-al-301\/"},"modified":"2026-02-28T17:41:50","modified_gmt":"2026-02-28T16:41:50","slug":"stihl-rma-443-pv-set-mit-akku-ap-300-s-und-ladegeraet-al-301","status":"publish","type":"product","link":"https:\/\/lucacastelli.com\/de\/produkt\/stihl-rma-443-pv-set-mit-akku-ap-300-s-und-ladegeraet-al-301\/","title":{"rendered":"STIHL RMA 443 PV Set &#8211; mit Akku AP 300 S und Ladeger\u00e4t AL 301"},"content":{"rendered":"<p>Beschreibung \/ Eigenschaften<br \/>\nDer Akku-Rasenm\u00e4her STIHL RMA 443 PV bietet Hobbyg\u00e4rtnern eine leistungsstarke und besonders leise L\u00f6sung f\u00fcr private Gartenarbeiten. Er ist daher ideal f\u00fcr den Einsatz in ger\u00e4uschsensiblen Wohngebieten. Der Vario-Antrieb erleichtert das M\u00e4hen auf mittelgro\u00dfen Rasenfl\u00e4chen und Hanglagen, wobei die Arbeitsgeschwindigkeit \u00fcber das digitale HMI-Bedienfeld individuell zwischen 2 km\/h und 4,5 km\/h eingestellt werden kann. Dank sequenzieller Akkuentladung wechselt der RMA 443 PV automatisch zum zweiten Akku, sobald der erste leer ist, wodurch ein manueller Wechsel entf\u00e4llt und gro\u00dfe Fl\u00e4chen effizient gem\u00e4ht werden k\u00f6nnen.   <\/p>\n<p>Mit einer Schnittbreite von 41 cm eignet sich der Rasenm\u00e4her zum effizienten M\u00e4hen von kleinen und mittelgro\u00dfen Fl\u00e4chen. Ausgestattet mit Mehrfachmesser, integrierter Mulchfunktion und Seitenauswurf kann er sowohl zum M\u00e4hen als auch zum Mulchen eingesetzt werden. Das Schnittgut kann direkt aufgefangen oder \u00fcber den Seitenauswurf auf dem Rasen verteilt werden.  <\/p>\n<p>Der komfortable, h\u00f6henverstellbare und klappbare F\u00fchrungsholm gew\u00e4hrleistet eine ergonomische und bequeme F\u00fchrung des Rasenm\u00e4hers. Die zentrale Schnitth\u00f6henverstellung erm\u00f6glicht die Einstellung der gew\u00fcnschten Grasl\u00e4nge in 7 Stufen von 20 mm bis 100 mm. Der 52-Liter-Fangkorb ist leicht zusammenklappbar, verf\u00fcgt \u00fcber ein gro\u00dfes Fassungsverm\u00f6gen und l\u00e4sst sich m\u00fchelos entleeren. <\/p>\n<p>&nbsp;<\/p>\n<p>Set bestehend aus:<\/p>\n<p>1 Stk. RMA 443 PV<\/p>\n<p>1 Stk. Ladeger\u00e4t AL 301<\/p>\n<p>1 Stk. Akku AP 300 S<\/p>\n<p>&nbsp;<\/p>\n<p>&nbsp;<\/p>\n<table data-test-id=\"pdp-spec-tech-table\">\n<tbody>\n<tr>\n<td>Akkusystem<\/td>\n<td>AP<\/td>\n<\/tr>\n<tr>\n<td>Antrieb<\/td>\n<td>2,0 &#8211; 4,5 km\/h<\/td>\n<\/tr>\n<tr>\n<td>Empfohlener Akku<\/td>\n<td>AP 500 S<\/td>\n<\/tr>\n<tr>\n<td>Gewicht des Ger\u00e4tes ohne Akku<\/td>\n<td>27 kg<\/td>\n<\/tr>\n<tr>\n<td>Schnittbreite<\/td>\n<td>41 cm<\/td>\n<\/tr>\n<tr>\n<td>Schnitth\u00f6he<\/td>\n<td>20 &#8211; 100 mm<\/td>\n<\/tr>\n<tr>\n<td>Nenndrehzahl Arbeitswerkzeug<\/td>\n<td>3000 U\/min<\/td>\n<\/tr>\n<tr>\n<td>IP-Schutzart<\/td>\n<td>IPX4<\/td>\n<\/tr>\n<tr>\n<td>Maximale Fl\u00e4che pro Akkuladung AP 200<\/td>\n<td>360 m\u00b2<\/td>\n<\/tr>\n<tr>\n<td>Maximale Fl\u00e4che pro Akkuladung AP 200 S<\/td>\n<td>360 m\u00b2<\/td>\n<\/tr>\n<tr>\n<td>Maximale Fl\u00e4che pro Akkuladung AP 300 S<\/td>\n<td>530 m\u00b2<\/td>\n<\/tr>\n<tr>\n<td>Maximale Fl\u00e4che pro Akkuladung AP 500 S<\/td>\n<td>640 m\u00b2<\/td>\n<\/tr>\n<tr>\n<td>Fassungsverm\u00f6gen des Grasf\u00e4ngers<\/td>\n<td>52 l<\/td>\n<\/tr>\n<tr>\n<td>Ger\u00e4tebreite ohne Anbauteile<\/td>\n<td>50 cm<\/td>\n<\/tr>\n<tr>\n<td>Max. Ger\u00e4teh\u00f6he<\/td>\n<td>108 cm<\/td>\n<\/tr>\n<tr>\n<td>Vorderraddurchmesser<\/td>\n<td>190 mm<\/td>\n<\/tr>\n<tr>\n<td>Hinterraddurchmesser<\/td>\n<td>215 mm<\/td>\n<\/tr>\n<tr>\n<td>Gemessener Schalldruckpegel LpA<\/td>\n<td>75 dB(A)<\/td>\n<\/tr>\n<tr>\n<td>Garantierter Schallleistungspegel LWA<\/td>\n<td>90 dB(A)<\/td>\n<\/tr>\n<tr>\n<td>Unsicherheitsfaktor Schalldruckpegel KpA<\/td>\n<td>2 dB(A)<\/td>\n<\/tr>\n<tr>\n<td>Vibration F\u00fchrungsholm ahw<\/td>\n<td>1,40 m\/s\u00b2<\/td>\n<\/tr>\n<tr>\n<td>Vibration Unsicherheit K<\/td>\n<td>0,70 m\/s\u00b2<\/td>\n<\/tr>\n<\/tbody>\n<\/table>\n","protected":false},"excerpt":{"rendered":"<p>Beschreibung \/ Eigenschaften Der Akku-Rasenm\u00e4her STIHL RMA 443 PV bietet Hobbyg\u00e4rtnern eine leistungsstarke und besonders leise L\u00f6sung f\u00fcr private Gartenarbeiten.<\/p>\n","protected":false},"featured_media":758558,"template":"","meta":{"_seopress_robots_primary_cat":"","_seopress_titles_title":"","_seopress_titles_desc":"","_seopress_robots_index":""},"product_brand":[3554],"product_cat":[1665,169,1656],"product_tag":[],"class_list":{"0":"post-758652","1":"product","2":"type-product","3":"status-publish","4":"has-post-thumbnail","6":"product_brand-stihl-de","7":"product_cat-akku-rasenmaher","8":"product_cat-maschinen","9":"product_cat-rasenmaher-und-roboter","10":"sws-gruppo-macchinari-de","11":"sws-conto-ricavi-merci-rivendita-macchinari-de","12":"sws-gruppo-iva-iva81-de","14":"first","15":"instock","16":"shipping-taxable","17":"purchasable","18":"product-type-simple"},"_links":{"self":[{"href":"https:\/\/lucacastelli.com\/de\/wp-json\/wp\/v2\/product\/758652","targetHints":{"allow":["GET"]}}],"collection":[{"href":"https:\/\/lucacastelli.com\/de\/wp-json\/wp\/v2\/product"}],"about":[{"href":"https:\/\/lucacastelli.com\/de\/wp-json\/wp\/v2\/types\/product"}],"wp:featuredmedia":[{"embeddable":true,"href":"https:\/\/lucacastelli.com\/de\/wp-json\/wp\/v2\/media\/758558"}],"wp:attachment":[{"href":"https:\/\/lucacastelli.com\/de\/wp-json\/wp\/v2\/media?parent=758652"}],"wp:term":[{"taxonomy":"product_brand","embeddable":true,"href":"https:\/\/lucacastelli.com\/de\/wp-json\/wp\/v2\/product_brand?post=758652"},{"taxonomy":"product_cat","embeddable":true,"href":"https:\/\/lucacastelli.com\/de\/wp-json\/wp\/v2\/product_cat?post=758652"},{"taxonomy":"product_tag","embeddable":true,"href":"https:\/\/lucacastelli.com\/de\/wp-json\/wp\/v2\/product_tag?post=758652"}],"curies":[{"name":"wp","href":"https:\/\/api.w.org\/{rel}","templated":true}]}}