{"id":758401,"date":"2026-02-22T16:14:16","date_gmt":"2026-02-22T15:14:16","guid":{"rendered":"https:\/\/lucacastelli.com\/prodotto\/milwaukee-scheibenfraeser-fuer-8-mm-aufnahme-4\/"},"modified":"2026-02-22T16:14:16","modified_gmt":"2026-02-22T15:14:16","slug":"milwaukee-scheibenfraeser-fuer-8-mm-aufnahme-4","status":"publish","type":"product","link":"https:\/\/lucacastelli.com\/de\/produkt\/milwaukee-scheibenfraeser-fuer-8-mm-aufnahme-4\/","title":{"rendered":"MILWAUKEE Scheibenfr\u00e4ser f\u00fcr 8 mm Aufnahme"},"content":{"rendered":"<p>SCHEIBENFR\u00c4SER F. SEITENNUTEN C3 F=8 D=47,6X3,5MM<br \/>\nFr\u00e4serdorne und Scheibenfr\u00e4ser <\/p>\n<p>4058546622916<\/p>\n","protected":false},"excerpt":{"rendered":"<p>SCHEIBENFR\u00c4SER F. SEITENNUTEN C3 F=8 D=47,6X3,5MM Fr\u00e4serdorne und Scheibenfr\u00e4ser 4058546622916<\/p>\n","protected":false},"featured_media":740120,"template":"","meta":{"_seopress_robots_primary_cat":"","_seopress_titles_title":"","_seopress_titles_desc":"","_seopress_robots_index":""},"product_brand":[3407],"product_cat":[5531,29,549,550],"product_tag":[6832],"class_list":{"0":"post-758401","1":"product","2":"type-product","3":"status-publish","4":"has-post-thumbnail","6":"product_brand-milwaukee","7":"product_cat-vari-macchinari-milwaukee","8":"product_cat-macchinari","9":"product_cat-trapani-e-avvitatori","10":"product_cat-accessori-per-trapani-ed-avvitatori","11":"product_tag-imp-26-mw_new","12":"sws-gruppo-macchinari-de","13":"sws-conto-ricavi-merci-rivendita-macchinari-de","14":"sws-gruppo-iva-iva81-de","16":"first","17":"instock","18":"sale","19":"shipping-taxable","20":"purchasable","21":"product-type-simple"},"_links":{"self":[{"href":"https:\/\/lucacastelli.com\/de\/wp-json\/wp\/v2\/product\/758401","targetHints":{"allow":["GET"]}}],"collection":[{"href":"https:\/\/lucacastelli.com\/de\/wp-json\/wp\/v2\/product"}],"about":[{"href":"https:\/\/lucacastelli.com\/de\/wp-json\/wp\/v2\/types\/product"}],"wp:featuredmedia":[{"embeddable":true,"href":"https:\/\/lucacastelli.com\/de\/wp-json\/wp\/v2\/media\/740120"}],"wp:attachment":[{"href":"https:\/\/lucacastelli.com\/de\/wp-json\/wp\/v2\/media?parent=758401"}],"wp:term":[{"taxonomy":"product_brand","embeddable":true,"href":"https:\/\/lucacastelli.com\/de\/wp-json\/wp\/v2\/product_brand?post=758401"},{"taxonomy":"product_cat","embeddable":true,"href":"https:\/\/lucacastelli.com\/de\/wp-json\/wp\/v2\/product_cat?post=758401"},{"taxonomy":"product_tag","embeddable":true,"href":"https:\/\/lucacastelli.com\/de\/wp-json\/wp\/v2\/product_tag?post=758401"}],"curies":[{"name":"wp","href":"https:\/\/api.w.org\/{rel}","templated":true}]}}