{"id":758338,"date":"2026-02-28T17:05:15","date_gmt":"2026-02-28T16:05:15","guid":{"rendered":"https:\/\/lucacastelli.com\/prodotto\/stihl-rma-239-c-set-akku-rasenmaeher-ak-system-mit-akku-ak-20-und-ladegeraet-al-101\/"},"modified":"2026-04-01T01:51:22","modified_gmt":"2026-03-31T23:51:22","slug":"stihl-rma-239-c-set-akku-rasenmaeher-ak-system-mit-akku-ak-20-und-ladegeraet-al-101","status":"publish","type":"product","link":"https:\/\/lucacastelli.com\/de\/produkt\/stihl-rma-239-c-set-akku-rasenmaeher-ak-system-mit-akku-ak-20-und-ladegeraet-al-101\/","title":{"rendered":"STIHL RMA 239 C Set Akku-Rasenm\u00e4her &#8211; AK-System mit Akku AK 20 und Ladeger\u00e4t AL 101"},"content":{"rendered":"<p>Akku-Rasenm\u00e4her RMA 239 C im Set mit Akku AK 20 und Ladeger\u00e4t AL 101: f\u00fcr effizientes und komfortables M\u00e4hen mit Komfortgriff<br \/>\nDer STIHL Akku-Rasenm\u00e4her RMA 239 C im Set mit Akku AK 20 des AK-Systems und Ladeger\u00e4t AL 101 erm\u00f6glicht den sofortigen Start und deckt bis zu 250 m\u00b2 mit einer einzigen Ladung ab. Das Polymergeh\u00e4use ist leicht und sehr robust. Mit einer Schnittbreite von 37 cm, geringem Gewicht und hoher Effizienz ist er ideal f\u00fcr mittelgro\u00dfe Fl\u00e4chen. Das aerodynamisch optimierte Messer verbessert die Leistung, w\u00e4hrend der Komfortgriff ergonomisches Arbeiten gew\u00e4hrleistet. Die zentrale Schnitth\u00f6henverstellung auf 5 Stufen (30\u201370 mm) sorgt f\u00fcr maximale Flexibilit\u00e4t. Der faltbare 40-l-Fangkorb l\u00e4sst sich leicht entleeren und der klappbare Komfortgriff erleichtert Transport und Lagerung.     <\/p>\n<p>&nbsp;<\/p>\n<p>&nbsp;<\/p>\n<table data-test-id=\"pdp-spec-tech-table\">\n<tbody>\n<tr>\n<td>Akkusystem<\/td>\n<td>AK<\/td>\n<\/tr>\n<tr>\n<td>Antrieb<\/td>\n<td>&#8212;<\/td>\n<\/tr>\n<tr>\n<td>Empfohlener Akku<\/td>\n<td>AK 20<\/td>\n<\/tr>\n<tr>\n<td>Gewicht des Ger\u00e4tes ohne Akku<\/td>\n<td>ca. 15 kg<\/td>\n<\/tr>\n<tr>\n<td>Schnittbreite<\/td>\n<td>37 cm<\/td>\n<\/tr>\n<tr>\n<td>Schnitth\u00f6he<\/td>\n<td>30 &#8211; 70 mm<\/td>\n<\/tr>\n<tr>\n<td>Nenndrehzahl Arbeitswerkzeug<\/td>\n<td>3350 U\/min<\/td>\n<\/tr>\n<tr>\n<td>Max. Fl\u00e4che pro Akkuladung AK 10<\/td>\n<td>120 m\u00b2<\/td>\n<\/tr>\n<tr>\n<td>Max. Fl\u00e4che pro Akkuladung AK 20<\/td>\n<td>250 m\u00b2<\/td>\n<\/tr>\n<tr>\n<td>Max. Fl\u00e4che pro Akkuladung AK 30<\/td>\n<td>330 m\u00b2<\/td>\n<\/tr>\n<tr>\n<td>Max. Fl\u00e4che pro Akkuladung AK 30 S<\/td>\n<td>330 m\u00b2<\/td>\n<\/tr>\n<tr>\nFassungsverm\u00f6gen der <\/p>\n<td>Grassammelbox<\/td>\n<td>40 l<\/td>\n<\/tr>\n<tr>\n<td>Ger\u00e4tebreite ohne Anbauger\u00e4te<\/td>\n<td>43 cm<\/td>\n<\/tr>\n<tr>\n<td>Max. Ger\u00e4teh\u00f6he<\/td>\n<td>107 cm<\/td>\n<\/tr>\n<tr>\n<td>Vorderraddurchmesser<\/td>\n<td>150 mm<\/td>\n<\/tr>\n<tr>\n<td>Hinterraddurchmesser<\/td>\n<td>180 mm<\/td>\n<\/tr>\n<tr>\n<td>Schalldruckpegel gemessen LpA<\/td>\n<td>76 dB(A)<\/td>\n<\/tr>\n<tr>\n<td>Garantierter Schallleistungspegel LWA<\/td>\n<td>91 dB(A)<\/td>\n<\/tr>\n<tr>\n<td>Unsicherheitsfaktor Schalldruckpegel KpA<\/td>\n<td>2 dB(A)<\/td>\n<\/tr>\n<tr>\n<td>Vibration F\u00fchrungsholm ahw<\/td>\n<td>1,40 m\/s\u00b2<\/td>\n<\/tr>\n<tr>\n<td>Vibration Unsicherheit K<\/td>\n<td>0,70 m\/s\u00b2<\/td>\n<\/tr>\n<\/tbody>\n<\/table>\n","protected":false},"excerpt":{"rendered":"<p>Akku-Rasenm\u00e4her RMA 239 C im Set mit Akku AK 20 und Ladeger\u00e4t AL 101: f\u00fcr effizientes und komfortables M\u00e4hen mit<\/p>\n","protected":false},"featured_media":758221,"template":"","meta":{"_seopress_robots_primary_cat":"none","_seopress_titles_title":"","_seopress_titles_desc":"","_seopress_robots_index":""},"product_brand":[3366],"product_cat":[29,262,488],"product_tag":[],"class_list":{"0":"post-758338","1":"product","2":"type-product","3":"status-publish","4":"has-post-thumbnail","6":"product_brand-stihl","7":"product_cat-macchinari","8":"product_cat-tosaerba-e-robot","9":"product_cat-tosaerba-a-batteria","10":"sws-gruppo-macchinari-de","11":"sws-conto-ricavi-merci-rivendita-macchinari-de","12":"sws-gruppo-iva-iva81-de","14":"first","15":"instock","16":"shipping-taxable","17":"purchasable","18":"product-type-simple"},"_links":{"self":[{"href":"https:\/\/lucacastelli.com\/de\/wp-json\/wp\/v2\/product\/758338","targetHints":{"allow":["GET"]}}],"collection":[{"href":"https:\/\/lucacastelli.com\/de\/wp-json\/wp\/v2\/product"}],"about":[{"href":"https:\/\/lucacastelli.com\/de\/wp-json\/wp\/v2\/types\/product"}],"wp:featuredmedia":[{"embeddable":true,"href":"https:\/\/lucacastelli.com\/de\/wp-json\/wp\/v2\/media\/758221"}],"wp:attachment":[{"href":"https:\/\/lucacastelli.com\/de\/wp-json\/wp\/v2\/media?parent=758338"}],"wp:term":[{"taxonomy":"product_brand","embeddable":true,"href":"https:\/\/lucacastelli.com\/de\/wp-json\/wp\/v2\/product_brand?post=758338"},{"taxonomy":"product_cat","embeddable":true,"href":"https:\/\/lucacastelli.com\/de\/wp-json\/wp\/v2\/product_cat?post=758338"},{"taxonomy":"product_tag","embeddable":true,"href":"https:\/\/lucacastelli.com\/de\/wp-json\/wp\/v2\/product_tag?post=758338"}],"curies":[{"name":"wp","href":"https:\/\/api.w.org\/{rel}","templated":true}]}}