{"id":758281,"date":"2026-02-22T16:18:16","date_gmt":"2026-02-22T15:18:16","guid":{"rendered":"https:\/\/lucacastelli.com\/prodotto\/milwaukee-buendigfraeser-8-mm-2\/"},"modified":"2026-02-22T16:18:16","modified_gmt":"2026-02-22T15:18:16","slug":"milwaukee-buendigfraeser-8-mm-2","status":"publish","type":"product","link":"https:\/\/lucacastelli.com\/de\/produkt\/milwaukee-buendigfraeser-8-mm-2\/","title":{"rendered":"MILWAUKEE B\u00dcNDIGFR\u00c4SER 8 mm"},"content":{"rendered":"<p>ABRUNDFR\u00c4SER M. KUGELL. S=8 D=22,2 mm R=4,8<br \/>\nAbrundfr\u00e4ser <\/p>\n<p>4058546623289<\/p>\n","protected":false},"excerpt":{"rendered":"<p>ABRUNDFR\u00c4SER M. KUGELL. S=8 D=22,2 mm R=4,8 Abrundfr\u00e4ser 4058546623289<\/p>\n","protected":false},"featured_media":740220,"template":"","meta":{"_seopress_robots_primary_cat":"","_seopress_titles_title":"","_seopress_titles_desc":"","_seopress_robots_index":""},"product_brand":[3407],"product_cat":[5531,29,549,550],"product_tag":[6832],"class_list":{"0":"post-758281","1":"product","2":"type-product","3":"status-publish","4":"has-post-thumbnail","6":"product_brand-milwaukee","7":"product_cat-vari-macchinari-milwaukee","8":"product_cat-macchinari","9":"product_cat-trapani-e-avvitatori","10":"product_cat-accessori-per-trapani-ed-avvitatori","11":"product_tag-imp-26-mw_new","12":"sws-gruppo-macchinari-de","13":"sws-conto-ricavi-merci-rivendita-macchinari-de","14":"sws-gruppo-iva-iva81-de","16":"first","17":"instock","18":"sale","19":"shipping-taxable","20":"purchasable","21":"product-type-simple"},"_links":{"self":[{"href":"https:\/\/lucacastelli.com\/de\/wp-json\/wp\/v2\/product\/758281","targetHints":{"allow":["GET"]}}],"collection":[{"href":"https:\/\/lucacastelli.com\/de\/wp-json\/wp\/v2\/product"}],"about":[{"href":"https:\/\/lucacastelli.com\/de\/wp-json\/wp\/v2\/types\/product"}],"wp:featuredmedia":[{"embeddable":true,"href":"https:\/\/lucacastelli.com\/de\/wp-json\/wp\/v2\/media\/740220"}],"wp:attachment":[{"href":"https:\/\/lucacastelli.com\/de\/wp-json\/wp\/v2\/media?parent=758281"}],"wp:term":[{"taxonomy":"product_brand","embeddable":true,"href":"https:\/\/lucacastelli.com\/de\/wp-json\/wp\/v2\/product_brand?post=758281"},{"taxonomy":"product_cat","embeddable":true,"href":"https:\/\/lucacastelli.com\/de\/wp-json\/wp\/v2\/product_cat?post=758281"},{"taxonomy":"product_tag","embeddable":true,"href":"https:\/\/lucacastelli.com\/de\/wp-json\/wp\/v2\/product_tag?post=758281"}],"curies":[{"name":"wp","href":"https:\/\/api.w.org\/{rel}","templated":true}]}}