{"id":758219,"date":"2026-02-28T17:04:18","date_gmt":"2026-02-28T16:04:18","guid":{"rendered":"https:\/\/lucacastelli.com\/prodotto\/stihl-rma-239-c-akku-rasenmaeher-ak-system-nur-geraet\/"},"modified":"2026-04-01T01:51:23","modified_gmt":"2026-03-31T23:51:23","slug":"stihl-rma-239-c-akku-rasenmaeher-ak-system-nur-geraet","status":"publish","type":"product","link":"https:\/\/lucacastelli.com\/de\/produkt\/stihl-rma-239-c-akku-rasenmaeher-ak-system-nur-geraet\/","title":{"rendered":"STIHL RMA 239 C Akku-Rasenm\u00e4her &#8211; AK-System (nur Ger\u00e4t)"},"content":{"rendered":"<p>F\u00fcr effizientes und komfortables Arbeiten<br \/>\nWenn Sie als Gartenbesitzer Ihren Rasen zu Hause komfortabel und emissionsfrei pflegen m\u00f6chten, ist der STIHL Akku-Rasenm\u00e4her RMA 239 C mit einer Schnittbreite von 37 cm die richtige Wahl. Er arbeitet mit Akkus des STIHL AK-Systems und \u00fcberzeugt bei der Rasenpflege durch sein geringes Gewicht und die hohe Effizienz beim M\u00e4hen mittelgro\u00dfer Rasenfl\u00e4chen. <\/p>\n<p>Dank des luftstromoptimierten Messers k\u00f6nnen Sie energiesparend arbeiten und eine bessere Fl\u00e4chenleistung erzielen. Das Polymergeh\u00e4use des RMA 239 C ist leicht und gleichzeitig sehr robust. Der ergonomisch geformte Komfortgriff ist h\u00f6henverstellbar und macht die Arbeit mit dem Akku-Rasenm\u00e4her komfortabel. Mit der zentralen Schnitth\u00f6henverstellung k\u00f6nnen Sie die gew\u00fcnschte Rasenl\u00e4nge in 5 Stufen von 30 mm bis 70 mm einstellen. Auch die Entnahme des klappbaren 40-Liter-Grasfangkorbs ist erleichtert. Der klappbare Komfortgriff des RMA 239 C ist besonders praktisch f\u00fcr die Aufbewahrung und den Transport des Rasenm\u00e4hers.    <\/p>\n<p>&nbsp;<\/p>\n<p>&nbsp;<\/p>\n<table data-test-id=\"pdp-spec-tech-table\">\n<tbody>\n<tr>\n<td>Akkusystem<\/td>\n<td>AK<\/td>\n<\/tr>\n<tr>\n<td>Antrieb<\/td>\n<td>&#8212;<\/td>\n<\/tr>\n<tr>\n<td>Empfohlener Akku<\/td>\n<td>AK 20<\/td>\n<\/tr>\n<tr>\n<td>Gewicht des Ger\u00e4tes ohne Akku<\/td>\n<td>ca. 15 kg<\/td>\n<\/tr>\n<tr>\n<td>Schnittbreite<\/td>\n<td>37 cm<\/td>\n<\/tr>\n<tr>\n<td>Schnitth\u00f6he<\/td>\n<td>30 &#8211; 70 mm<\/td>\n<\/tr>\n<tr>\n<td>Nenndrehzahl Arbeitswerkzeug<\/td>\n<td>3350 U\/min<\/td>\n<\/tr>\n<tr>\n<td>Max. Fl\u00e4che pro Akkuladung AK 10<\/td>\n<td>120 m\u00b2<\/td>\n<\/tr>\n<tr>\n<td>Max. Fl\u00e4che pro Akkuladung AK 20<\/td>\n<td>250 m\u00b2<\/td>\n<\/tr>\n<tr>\n<td>Max. Fl\u00e4che pro Akkuladung AK 30<\/td>\n<td>330 m\u00b2<\/td>\n<\/tr>\n<tr>\n<td>Max. Fl\u00e4che pro Akkuladung AK 30 S<\/td>\n<td>330 m\u00b2<\/td>\n<\/tr>\n<tr>\nFassungsverm\u00f6gen der <\/p>\n<td>Grassammelbox<\/td>\n<td>40 l<\/td>\n<\/tr>\n<tr>\n<td>Ger\u00e4tebreite ohne Anbauger\u00e4te<\/td>\n<td>43 cm<\/td>\n<\/tr>\n<tr>\n<td>Max. Ger\u00e4teh\u00f6he<\/td>\n<td>107 cm<\/td>\n<\/tr>\n<tr>\n<td>Vorderraddurchmesser<\/td>\n<td>150 mm<\/td>\n<\/tr>\n<tr>\n<td>Hinterraddurchmesser<\/td>\n<td>180 mm<\/td>\n<\/tr>\n<tr>\n<td>Schalldruckpegel gemessen LpA<\/td>\n<td>76 dB(A)<\/td>\n<\/tr>\n<tr>\n<td>Garantierter Schallleistungspegel LWA<\/td>\n<td>91 dB(A)<\/td>\n<\/tr>\n<tr>\n<td>Unsicherheitsfaktor Schalldruckpegel KpA<\/td>\n<td>2 dB(A)<\/td>\n<\/tr>\n<tr>\n<td>Vibration F\u00fchrungsholm ahw<\/td>\n<td>1,40 m\/s\u00b2<\/td>\n<\/tr>\n<tr>\n<td>Vibration Unsicherheit K<\/td>\n<td>0,70 m\/s\u00b2<\/td>\n<\/tr>\n<\/tbody>\n<\/table>\n","protected":false},"excerpt":{"rendered":"<p>F\u00fcr effizientes und komfortables Arbeiten Wenn Sie als Gartenbesitzer Ihren Rasen zu Hause komfortabel und emissionsfrei pflegen m\u00f6chten, ist der<\/p>\n","protected":false},"featured_media":758221,"template":"","meta":{"_seopress_robots_primary_cat":"none","_seopress_titles_title":"","_seopress_titles_desc":"","_seopress_robots_index":""},"product_brand":[3554],"product_cat":[1665,169,1656],"product_tag":[],"class_list":{"0":"post-758219","1":"product","2":"type-product","3":"status-publish","4":"has-post-thumbnail","6":"product_brand-stihl-de","7":"product_cat-akku-rasenmaher","8":"product_cat-maschinen","9":"product_cat-rasenmaher-und-roboter","10":"sws-gruppo-macchinari-de","11":"sws-conto-ricavi-merci-rivendita-macchinari-de","12":"sws-gruppo-iva-iva81-de","14":"first","15":"instock","16":"shipping-taxable","17":"purchasable","18":"product-type-simple"},"_links":{"self":[{"href":"https:\/\/lucacastelli.com\/de\/wp-json\/wp\/v2\/product\/758219","targetHints":{"allow":["GET"]}}],"collection":[{"href":"https:\/\/lucacastelli.com\/de\/wp-json\/wp\/v2\/product"}],"about":[{"href":"https:\/\/lucacastelli.com\/de\/wp-json\/wp\/v2\/types\/product"}],"wp:featuredmedia":[{"embeddable":true,"href":"https:\/\/lucacastelli.com\/de\/wp-json\/wp\/v2\/media\/758221"}],"wp:attachment":[{"href":"https:\/\/lucacastelli.com\/de\/wp-json\/wp\/v2\/media?parent=758219"}],"wp:term":[{"taxonomy":"product_brand","embeddable":true,"href":"https:\/\/lucacastelli.com\/de\/wp-json\/wp\/v2\/product_brand?post=758219"},{"taxonomy":"product_cat","embeddable":true,"href":"https:\/\/lucacastelli.com\/de\/wp-json\/wp\/v2\/product_cat?post=758219"},{"taxonomy":"product_tag","embeddable":true,"href":"https:\/\/lucacastelli.com\/de\/wp-json\/wp\/v2\/product_tag?post=758219"}],"curies":[{"name":"wp","href":"https:\/\/api.w.org\/{rel}","templated":true}]}}