{"id":756299,"date":"2026-02-22T11:25:10","date_gmt":"2026-02-22T10:25:10","guid":{"rendered":"https:\/\/lucacastelli.com\/prodotto\/stihl-diamant-trennscheibe-beton-hartgestein-d-sb80n-o-230mm-9\/"},"modified":"2026-02-22T11:25:10","modified_gmt":"2026-02-22T10:25:10","slug":"stihl-diamant-trennscheibe-beton-hartgestein-d-sb80n-o-230mm-9","status":"publish","type":"product","link":"https:\/\/lucacastelli.com\/de\/produkt\/stihl-diamant-trennscheibe-beton-hartgestein-d-sb80n-o-230mm-9\/","title":{"rendered":"STIHL Diamant-Trennscheibe, Beton\/Hartgestein, D-SB80N, \u00d8 230mm\/9&#8243;"},"content":{"rendered":"<p>Diamant-Trennscheibe D-SB80N, \u00d8 230 mm: Universeller Einsatz f\u00fcr Beton, stark armierten Beton bis hin zu hartem Naturstein<\/p>\n<p>Mit den STIHL Trennschleifscheiben lassen sich verschiedenste Materialien auf der Baustelle schneiden. Sie sind perfekt auf die STIHL Trennschleifer abgestimmt, besonders robust und \u00fcberzeugen durch ihre lange Lebensdauer, extrem hohe Schnittleistung und hohe Pr\u00e4zision beim Schnitt. <\/p>\n<p>Die extrem schnelle Diamant-Trennscheibe D-SB80N eignet sich ideal als Universalscheibe f\u00fcr ein breites Spektrum an Materialien: Beton, Altbeton, armierter und stark armierter Beton, Ziegel und harter Naturstein.<\/p>\n<p>Im Vergleich zu herk\u00f6mmlichen STIHL Trennschleifscheiben wurde die Ger\u00e4uschemission der STIHL D-SB80N deutlich reduziert. Daher ist sie besonders f\u00fcr den Einsatz mit Akku-Trennschleifern zu empfehlen. <\/p>\n<p>Die STIHL Diamant-Trennscheibe D-SB80N mit einem Durchmesser von 230 mm kann mit folgendem Trennschleifer verwendet werden:<\/p>\n<p>STIHL TSA 230<\/p>\n","protected":false},"excerpt":{"rendered":"<p>Diamant-Trennscheibe D-SB80N, \u00d8 230 mm: Universeller Einsatz f\u00fcr Beton, stark armierten Beton bis hin zu hartem Naturstein Mit den STIHL<\/p>\n","protected":false},"featured_media":756257,"template":"","meta":{"_seopress_robots_primary_cat":"none","_seopress_titles_title":"","_seopress_titles_desc":"","_seopress_robots_index":""},"product_brand":[3554],"product_cat":[1699,1696,169,1697],"product_tag":[],"class_list":{"0":"post-756299","1":"product","2":"type-product","3":"status-publish","4":"has-post-thumbnail","6":"product_brand-stihl-de","7":"product_cat-mahmaschinen-de","8":"product_cat-mahmaschinen-und-trimmer","9":"product_cat-maschinen","10":"product_cat-zubehor-und-verbrauchsmaterial-de-8","11":"sws-gruppo-macchinari-de","12":"sws-conto-ricavi-merci-rivendita-macchinari-de","13":"sws-gruppo-iva-iva81-de","15":"first","16":"instock","17":"sale","18":"shipping-taxable","19":"purchasable","20":"product-type-simple"},"_links":{"self":[{"href":"https:\/\/lucacastelli.com\/de\/wp-json\/wp\/v2\/product\/756299","targetHints":{"allow":["GET"]}}],"collection":[{"href":"https:\/\/lucacastelli.com\/de\/wp-json\/wp\/v2\/product"}],"about":[{"href":"https:\/\/lucacastelli.com\/de\/wp-json\/wp\/v2\/types\/product"}],"wp:featuredmedia":[{"embeddable":true,"href":"https:\/\/lucacastelli.com\/de\/wp-json\/wp\/v2\/media\/756257"}],"wp:attachment":[{"href":"https:\/\/lucacastelli.com\/de\/wp-json\/wp\/v2\/media?parent=756299"}],"wp:term":[{"taxonomy":"product_brand","embeddable":true,"href":"https:\/\/lucacastelli.com\/de\/wp-json\/wp\/v2\/product_brand?post=756299"},{"taxonomy":"product_cat","embeddable":true,"href":"https:\/\/lucacastelli.com\/de\/wp-json\/wp\/v2\/product_cat?post=756299"},{"taxonomy":"product_tag","embeddable":true,"href":"https:\/\/lucacastelli.com\/de\/wp-json\/wp\/v2\/product_tag?post=756299"}],"curies":[{"name":"wp","href":"https:\/\/api.w.org\/{rel}","templated":true}]}}