{"id":756272,"date":"2026-02-22T11:23:59","date_gmt":"2026-02-22T10:23:59","guid":{"rendered":"https:\/\/lucacastelli.com\/prodotto\/stihl-diamanttrennscheibe-gusseisen-d-g80-o-350-mm-14\/"},"modified":"2026-04-14T04:01:13","modified_gmt":"2026-04-14T02:01:13","slug":"stihl-diamanttrennscheibe-gusseisen-d-g80-o-350-mm-14","status":"publish","type":"product","link":"https:\/\/lucacastelli.com\/de\/produkt\/stihl-diamanttrennscheibe-gusseisen-d-g80-o-350-mm-14\/","title":{"rendered":"STIHL Diamanttrennscheibe, Gusseisen, D-G80, \u00d8 350 mm\/14&#8243;"},"content":{"rendered":"<h2 class=\"product-details__title\">Diamanttrennscheibe D-G80, 350 mm: f\u00fcr Gusseisenrohre, Baustahl und Kunststoffrohre<\/h2>\n<div class=\"product-details__description richtexteditor\">\n<p>Mit den STIHL Trennscheiben lassen sich auf Baustellen vielf\u00e4ltigste Materialien schneiden. Sie sind perfekt auf die STIHL Trennschleifer abgestimmt, besonders stabil und \u00fcberzeugen durch lange Lebensdauer, hohe Schnittleistung und hohe Pr\u00e4zision. <\/p>\n<p>Die Diamanttrennscheibe D-G80 ist besonders geeignet f\u00fcr Gusseisenrohre, Baustahl und Kunststoffrohre.<\/p>\n<p>Die STIHL Diamanttrennscheibe D-G80 mit einem Durchmesser von 350 mm kann mit folgenden Trennschleifern verwendet werden:<\/p>\n<ul>\n<li>TS 420<\/li>\n<li>TS 440<\/li>\n<li>TS 500i<\/li>\n<li>TS 710i<\/li>\n<li>TSA 350<\/li>\n<li>TSA 500 B<\/li>\n<\/ul>\n<\/div>\n","protected":false},"excerpt":{"rendered":"<p>Diamanttrennscheibe D-G80, 350 mm: f\u00fcr Gusseisenrohre, Baustahl und Kunststoffrohre Mit den STIHL Trennscheiben lassen sich auf Baustellen vielf\u00e4ltigste Materialien schneiden.<\/p>\n","protected":false},"featured_media":756280,"template":"","meta":{"_seopress_robots_primary_cat":"none","_seopress_titles_title":"","_seopress_titles_desc":"","_seopress_robots_index":""},"product_brand":[3554],"product_cat":[1699,1696,169,1697],"product_tag":[],"class_list":{"0":"post-756272","1":"product","2":"type-product","3":"status-publish","4":"has-post-thumbnail","6":"product_brand-stihl-de","7":"product_cat-mahmaschinen-de","8":"product_cat-mahmaschinen-und-trimmer","9":"product_cat-maschinen","10":"product_cat-zubehor-und-verbrauchsmaterial-de-8","11":"sws-gruppo-macchinari-de","12":"sws-conto-ricavi-merci-rivendita-macchinari-de","13":"sws-gruppo-iva-iva81-de","15":"first","16":"instock","17":"sale","18":"shipping-taxable","19":"purchasable","20":"product-type-simple"},"_links":{"self":[{"href":"https:\/\/lucacastelli.com\/de\/wp-json\/wp\/v2\/product\/756272","targetHints":{"allow":["GET"]}}],"collection":[{"href":"https:\/\/lucacastelli.com\/de\/wp-json\/wp\/v2\/product"}],"about":[{"href":"https:\/\/lucacastelli.com\/de\/wp-json\/wp\/v2\/types\/product"}],"wp:featuredmedia":[{"embeddable":true,"href":"https:\/\/lucacastelli.com\/de\/wp-json\/wp\/v2\/media\/756280"}],"wp:attachment":[{"href":"https:\/\/lucacastelli.com\/de\/wp-json\/wp\/v2\/media?parent=756272"}],"wp:term":[{"taxonomy":"product_brand","embeddable":true,"href":"https:\/\/lucacastelli.com\/de\/wp-json\/wp\/v2\/product_brand?post=756272"},{"taxonomy":"product_cat","embeddable":true,"href":"https:\/\/lucacastelli.com\/de\/wp-json\/wp\/v2\/product_cat?post=756272"},{"taxonomy":"product_tag","embeddable":true,"href":"https:\/\/lucacastelli.com\/de\/wp-json\/wp\/v2\/product_tag?post=756272"}],"curies":[{"name":"wp","href":"https:\/\/api.w.org\/{rel}","templated":true}]}}