{"id":756258,"date":"2026-02-22T11:37:49","date_gmt":"2026-02-22T10:37:49","guid":{"rendered":"https:\/\/lucacastelli.com\/prodotto\/stihl-diamant-trennscheibe-beton-hartgestein-d-sb90n-o-350-mm-14\/"},"modified":"2026-02-22T11:37:49","modified_gmt":"2026-02-22T10:37:49","slug":"stihl-diamant-trennscheibe-beton-hartgestein-d-sb90n-o-350-mm-14","status":"publish","type":"product","link":"https:\/\/lucacastelli.com\/de\/produkt\/stihl-diamant-trennscheibe-beton-hartgestein-d-sb90n-o-350-mm-14\/","title":{"rendered":"STIHL Diamant-Trennscheibe, Beton\/Hartgestein, D-SB90N, \u00d8 350 mm\/14&#8243;"},"content":{"rendered":"<p>Diamant-Trennscheibe D-SB90N, \u00d8 350 mm: Universell einsetzbar f\u00fcr Beton, stark armierten Beton und harte Natursteine<br \/>\nMit STIHL Trennscheiben lassen sich verschiedenste Materialien auf Baustellen schneiden. Sie sind perfekt auf STIHL Trennschleifer abgestimmt, besonders robust und \u00fcberzeugen durch Standzeit, hohe Schnittleistung sowie Pr\u00e4zision.<br \/>\nDie Hochgeschwindigkeits-Diamant-Trennscheibe D-SB90N eignet sich als Universalscheibe f\u00fcr viele Materialien: Beton, Altbeton, armierten Beton, stark armierten Beton, Ziegel und harte Natursteine.<br \/>\nDie Ger\u00e4uschemission der STIHL D-SB90N wurde im Vergleich zu herk\u00f6mmlichen STIHL Scheiben deutlich reduziert, was sie besonders f\u00fcr den Einsatz mit Akku-Trennschleifern empfiehlt.<br \/>\nDie STIHL Diamant-Trennscheibe D-SB90N mit 350 mm kann mit folgenden Trennschleifern verwendet werden: <\/p>\n<p>STIHL TS 420<br \/>\nSTIHL TS 440<br \/>\nSTIHL TS 500i<br \/>\nSTIHL TS 710i<br \/>\nSTIHL TSA 350<br \/>\nSTIHL TSA 500 B<\/p>\n","protected":false},"excerpt":{"rendered":"<p>Diamant-Trennscheibe D-SB90N, \u00d8 350 mm: Universell einsetzbar f\u00fcr Beton, stark armierten Beton und harte Natursteine Mit STIHL Trennscheiben lassen sich<\/p>\n","protected":false},"featured_media":756259,"template":"","meta":{"_seopress_robots_primary_cat":"none","_seopress_titles_title":"","_seopress_titles_desc":"","_seopress_robots_index":""},"product_brand":[3554],"product_cat":[1699,1696,169,1697],"product_tag":[],"class_list":{"0":"post-756258","1":"product","2":"type-product","3":"status-publish","4":"has-post-thumbnail","6":"product_brand-stihl-de","7":"product_cat-mahmaschinen-de","8":"product_cat-mahmaschinen-und-trimmer","9":"product_cat-maschinen","10":"product_cat-zubehor-und-verbrauchsmaterial-de-8","11":"sws-gruppo-macchinari-de","12":"sws-conto-ricavi-merci-rivendita-macchinari-de","13":"sws-gruppo-iva-iva81-de","15":"first","16":"instock","17":"sale","18":"shipping-taxable","19":"purchasable","20":"product-type-simple"},"_links":{"self":[{"href":"https:\/\/lucacastelli.com\/de\/wp-json\/wp\/v2\/product\/756258","targetHints":{"allow":["GET"]}}],"collection":[{"href":"https:\/\/lucacastelli.com\/de\/wp-json\/wp\/v2\/product"}],"about":[{"href":"https:\/\/lucacastelli.com\/de\/wp-json\/wp\/v2\/types\/product"}],"wp:featuredmedia":[{"embeddable":true,"href":"https:\/\/lucacastelli.com\/de\/wp-json\/wp\/v2\/media\/756259"}],"wp:attachment":[{"href":"https:\/\/lucacastelli.com\/de\/wp-json\/wp\/v2\/media?parent=756258"}],"wp:term":[{"taxonomy":"product_brand","embeddable":true,"href":"https:\/\/lucacastelli.com\/de\/wp-json\/wp\/v2\/product_brand?post=756258"},{"taxonomy":"product_cat","embeddable":true,"href":"https:\/\/lucacastelli.com\/de\/wp-json\/wp\/v2\/product_cat?post=756258"},{"taxonomy":"product_tag","embeddable":true,"href":"https:\/\/lucacastelli.com\/de\/wp-json\/wp\/v2\/product_tag?post=756258"}],"curies":[{"name":"wp","href":"https:\/\/api.w.org\/{rel}","templated":true}]}}