{"id":756256,"date":"2026-02-22T11:29:47","date_gmt":"2026-02-22T10:29:47","guid":{"rendered":"https:\/\/lucacastelli.com\/prodotto\/stihl-diamant-trennscheibe-beton-hartgestein-d-sb90n-o-300-mm-12\/"},"modified":"2026-02-22T11:29:47","modified_gmt":"2026-02-22T10:29:47","slug":"stihl-diamant-trennscheibe-beton-hartgestein-d-sb90n-o-300-mm-12","status":"publish","type":"product","link":"https:\/\/lucacastelli.com\/de\/produkt\/stihl-diamant-trennscheibe-beton-hartgestein-d-sb90n-o-300-mm-12\/","title":{"rendered":"STIHL Diamant-Trennscheibe, Beton\/Hartgestein, D-SB90N, \u00d8 300 mm\/12&#8243;"},"content":{"rendered":"<p>Diamant-Trennscheibe D-SB90N, Durchmesser 300 mm: universell einsetzbar f\u00fcr Beton, stark armierten Beton bis hin zu hartem Naturstein<br \/>\nMit STIHL Trennschleifscheiben lassen sich verschiedenste Materialien auf Baustellen schneiden. Sie sind perfekt auf STIHL Trennschleifer abgestimmt, besonders stabil und \u00fcberzeugen durch lange Standzeit, hohe Schnittleistung und Pr\u00e4zision beim Schnitt. <\/p>\n<p>Die extrem schnelle Diamant-Trennscheibe D-SB90N ist eine Universalscheibe f\u00fcr Beton, Altbeton, armierten Beton, stark armierten Beton, Mauerwerk und harten Naturstein.<\/p>\n<p>Die Ger\u00e4uschemissionen der STIHL D-SB90N wurden im Vergleich zu herk\u00f6mmlichen STIHL Scheiben deutlich reduziert, was sie besonders f\u00fcr Akku-Trennschleifer geeignet macht.<\/p>\n<p>Die STIHL Diamant-Trennscheibe D-SB90N mit 300 mm Durchmesser kann mit folgenden Trennschleifern verwendet werden:<\/p>\n<p>STIHL TS 410<br \/>\nSTIHL TS 480i<br \/>\nSTIHL TSA 300<\/p>\n","protected":false},"excerpt":{"rendered":"<p>Diamant-Trennscheibe D-SB90N, Durchmesser 300 mm: universell einsetzbar f\u00fcr Beton, stark armierten Beton bis hin zu hartem Naturstein Mit STIHL Trennschleifscheiben<\/p>\n","protected":false},"featured_media":756257,"template":"","meta":{"_seopress_robots_primary_cat":"none","_seopress_titles_title":"","_seopress_titles_desc":"","_seopress_robots_index":""},"product_brand":[3554],"product_cat":[1699,1696,169,1697],"product_tag":[],"class_list":{"0":"post-756256","1":"product","2":"type-product","3":"status-publish","4":"has-post-thumbnail","6":"product_brand-stihl-de","7":"product_cat-mahmaschinen-de","8":"product_cat-mahmaschinen-und-trimmer","9":"product_cat-maschinen","10":"product_cat-zubehor-und-verbrauchsmaterial-de-8","11":"sws-gruppo-macchinari-de","12":"sws-conto-ricavi-merci-rivendita-macchinari-de","13":"sws-gruppo-iva-iva81-de","15":"first","16":"instock","17":"sale","18":"shipping-taxable","19":"purchasable","20":"product-type-simple"},"_links":{"self":[{"href":"https:\/\/lucacastelli.com\/de\/wp-json\/wp\/v2\/product\/756256","targetHints":{"allow":["GET"]}}],"collection":[{"href":"https:\/\/lucacastelli.com\/de\/wp-json\/wp\/v2\/product"}],"about":[{"href":"https:\/\/lucacastelli.com\/de\/wp-json\/wp\/v2\/types\/product"}],"wp:featuredmedia":[{"embeddable":true,"href":"https:\/\/lucacastelli.com\/de\/wp-json\/wp\/v2\/media\/756257"}],"wp:attachment":[{"href":"https:\/\/lucacastelli.com\/de\/wp-json\/wp\/v2\/media?parent=756256"}],"wp:term":[{"taxonomy":"product_brand","embeddable":true,"href":"https:\/\/lucacastelli.com\/de\/wp-json\/wp\/v2\/product_brand?post=756256"},{"taxonomy":"product_cat","embeddable":true,"href":"https:\/\/lucacastelli.com\/de\/wp-json\/wp\/v2\/product_cat?post=756256"},{"taxonomy":"product_tag","embeddable":true,"href":"https:\/\/lucacastelli.com\/de\/wp-json\/wp\/v2\/product_tag?post=756256"}],"curies":[{"name":"wp","href":"https:\/\/api.w.org\/{rel}","templated":true}]}}