{"id":756243,"date":"2026-02-22T11:58:44","date_gmt":"2026-02-22T10:58:44","guid":{"rendered":"https:\/\/lucacastelli.com\/prodotto\/stihl-diamant-trennscheibe-rescue-d-r80-o-350mm-14\/"},"modified":"2026-02-22T11:58:44","modified_gmt":"2026-02-22T10:58:44","slug":"stihl-diamant-trennscheibe-rescue-d-r80-o-350mm-14","status":"publish","type":"product","link":"https:\/\/lucacastelli.com\/de\/produkt\/stihl-diamant-trennscheibe-rescue-d-r80-o-350mm-14\/","title":{"rendered":"STIHL Diamant-Trennscheibe, Rescue, D-R80, \u00d8 350mm\/14&#8243;"},"content":{"rendered":"<p>Diamant-Trennscheibe D-R80, 350 mm: Zum Schneiden verschiedenster Materialien bei Rettungseins\u00e4tzen<br \/>\nDie STIHL Diamant-Trennscheibe D-R80 f\u00fcr Rettungseins\u00e4tze eignet sich zum Schneiden von Metallen, Verbund- und Baustoffen, Kunststoffen, Glas, Solarpaneelen und Fahrzeugteilen. Alle STIHL Diamant-Trennscheiben sind robust und langlebig, perfekt auf STIHL Trennschleifer abgestimmt und bieten eine hohe Schnittleistung sowie Pr\u00e4zision. <\/p>\n<p>Hinweis: Diese Scheibe darf ausschlie\u00dflich von speziell geschultem Fachpersonal der Feuerwehr, des Rettungsdienstes und des Katastrophenschutzes verwendet werden.<\/p>\n<p>Die STIHL Diamant-Trennscheibe D-R80 mit einem Durchmesser von 350 mm kann mit folgenden Trennschleifern verwendet werden:<\/p>\n<p>STIHL TS 420<br \/>\nSTIHL TS 440<br \/>\nSTIHL TS 500i<br \/>\nSTIHL TS 710i<br \/>\nSTIHL TSA 350<br \/>\nSTIHL TSA 500 B<\/p>\n","protected":false},"excerpt":{"rendered":"<p>Diamant-Trennscheibe D-R80, 350 mm: Zum Schneiden verschiedenster Materialien bei Rettungseins\u00e4tzen Die STIHL Diamant-Trennscheibe D-R80 f\u00fcr Rettungseins\u00e4tze eignet sich zum Schneiden<\/p>\n","protected":false},"featured_media":756245,"template":"","meta":{"_seopress_robots_primary_cat":"none","_seopress_titles_title":"","_seopress_titles_desc":"","_seopress_robots_index":""},"product_brand":[3554],"product_cat":[1699,1696,169,1697],"product_tag":[],"class_list":{"0":"post-756243","1":"product","2":"type-product","3":"status-publish","4":"has-post-thumbnail","6":"product_brand-stihl-de","7":"product_cat-mahmaschinen-de","8":"product_cat-mahmaschinen-und-trimmer","9":"product_cat-maschinen","10":"product_cat-zubehor-und-verbrauchsmaterial-de-8","11":"sws-gruppo-macchinari-de","12":"sws-conto-ricavi-merci-rivendita-macchinari-de","13":"sws-gruppo-iva-iva81-de","15":"first","16":"instock","17":"sale","18":"shipping-taxable","19":"purchasable","20":"product-type-simple"},"_links":{"self":[{"href":"https:\/\/lucacastelli.com\/de\/wp-json\/wp\/v2\/product\/756243","targetHints":{"allow":["GET"]}}],"collection":[{"href":"https:\/\/lucacastelli.com\/de\/wp-json\/wp\/v2\/product"}],"about":[{"href":"https:\/\/lucacastelli.com\/de\/wp-json\/wp\/v2\/types\/product"}],"wp:featuredmedia":[{"embeddable":true,"href":"https:\/\/lucacastelli.com\/de\/wp-json\/wp\/v2\/media\/756245"}],"wp:attachment":[{"href":"https:\/\/lucacastelli.com\/de\/wp-json\/wp\/v2\/media?parent=756243"}],"wp:term":[{"taxonomy":"product_brand","embeddable":true,"href":"https:\/\/lucacastelli.com\/de\/wp-json\/wp\/v2\/product_brand?post=756243"},{"taxonomy":"product_cat","embeddable":true,"href":"https:\/\/lucacastelli.com\/de\/wp-json\/wp\/v2\/product_cat?post=756243"},{"taxonomy":"product_tag","embeddable":true,"href":"https:\/\/lucacastelli.com\/de\/wp-json\/wp\/v2\/product_tag?post=756243"}],"curies":[{"name":"wp","href":"https:\/\/api.w.org\/{rel}","templated":true}]}}