{"id":756229,"date":"2026-02-22T12:17:52","date_gmt":"2026-02-22T11:17:52","guid":{"rendered":"https:\/\/lucacastelli.com\/prodotto\/stihl-rma-235-ak-system-akku-rasenmaeher-nur-geraet\/"},"modified":"2026-02-22T12:17:52","modified_gmt":"2026-02-22T11:17:52","slug":"stihl-rma-235-ak-system-akku-rasenmaeher-nur-geraet","status":"publish","type":"product","link":"https:\/\/lucacastelli.com\/de\/produkt\/stihl-rma-235-ak-system-akku-rasenmaeher-nur-geraet\/","title":{"rendered":"STIHL RMA 235 &#8211; AK-System Akku-Rasenm\u00e4her (nur Ger\u00e4t)"},"content":{"rendered":"<p>Kompakt und handlich<br \/>\nWenn Sie kleine Rasenfl\u00e4chen in Ihrem Privatgarten m\u00e4hen m\u00f6chten und Wert auf effektives und leises Arbeiten legen, dann ist der leise Akku-Rasenm\u00e4her STIHL RMA 235 mit einer Batterie des STIHL AK-Systems die optimale Wahl.<\/p>\n<p>Dank seines kompakten Polymergeh\u00e4uses und des geringen Gewichts ist der STIHL RMA 235 besonders einfach zu handhaben und m\u00fchelos zwischen den Eins\u00e4tzen zu transportieren. \u00dcber die zentrale Schnitth\u00f6henverstellung k\u00f6nnen Sie die gew\u00fcnschte Rasenl\u00e4nge in 5 Stufen von 25 mm bis 65 mm w\u00e4hlen. Der klappbare 30-Liter-Grasfangkorb des Akku-Rasenm\u00e4hers RMA 235 ist f\u00fcr einfaches Entleeren konzipiert. Als Akku-Rasenm\u00e4her arbeitet der RMA 235 besonders leise und emissionsfrei. Seine leichte und kompakte Bauweise sowie der klappbare Griff sorgen daf\u00fcr, dass er auch bei der Lagerung wenig Platz einnimmt.   <\/p>\n<p>&nbsp;<\/p>\n<p>&nbsp;<\/p>\n<table data-test-id=\"pdp-spec-tech-table\">\n<tbody>\n<tr>\n<td>Akkusystem<\/td>\n<td>AK<\/td>\n<\/tr>\n<tr>\n<td>Antrieb<\/td>\n<td>&#8212;<\/td>\n<\/tr>\n<tr>\n<td>Empfohlener Akku<\/td>\n<td>AK 20<\/td>\n<\/tr>\n<tr>\n<td>Gewicht des Ger\u00e4tes ohne Akku<\/td>\n<td>ca. 13 kg<\/td>\n<\/tr>\n<tr>\n<td>Schnittbreite<\/td>\n<td>33 cm<\/td>\n<\/tr>\n<tr>\n<td>Schnitth\u00f6he<\/td>\n<td>25 &#8211; 60 mm<\/td>\n<\/tr>\n<tr>\n<td>Nenndrehzahl Arbeitswerkzeug<\/td>\n<td>3400 U\/min<\/td>\n<\/tr>\n<tr>\n<td>Max. Fl\u00e4che pro Akkuladung AK 10<\/td>\n<td>150 m\u00b2<\/td>\n<\/tr>\n<tr>\n<td>Maximale Fl\u00e4che pro Akkuladung AK 20<\/td>\n<td>300 m\u00b2<\/td>\n<\/tr>\n<tr>\n<td>Max. Fl\u00e4che pro Akkuladung AK 30<\/td>\n<td>400 m\u00b2<\/td>\n<\/tr>\n<tr>\n<td>Max. Fl\u00e4che pro Akkuladung AK 30 S<\/td>\n<td>400 m\u00b2<\/td>\n<\/tr>\n<tr>\nFassungsverm\u00f6gen der <\/p>\n<td>Grassammelbox<\/td>\n<td>30 l<\/td>\n<\/tr>\n<tr>\n<td>Ger\u00e4tebreite ohne Anbauteile<\/td>\n<td>37 cm<\/td>\n<\/tr>\n<tr>\n<td>Max. Ger\u00e4teh\u00f6he<\/td>\n<td>108 cm<\/td>\n<\/tr>\n<tr>\n<td>Durchmesser Vorderrad<\/td>\n<td>140 mm<\/td>\n<\/tr>\n<tr>\n<td>Durchmesser Hinterrad<\/td>\n<td>170 mm<\/td>\n<\/tr>\n<tr>\n<td>Schalldruckpegel gemessen LpA<\/td>\n<td>76 dB(A)<\/td>\n<\/tr>\n<tr>\n<td>Garantierter Schallleistungspegel LWA<\/td>\n<td>90 dB(A)<\/td>\n<\/tr>\n<tr>\n<td>Unsicherheitsfaktor Schalldruckpegel KpA<\/td>\n<td>3 dB(A)<\/td>\n<\/tr>\n<tr>\n<td>Vibration F\u00fchrungsholm ahw<\/td>\n<td>1,80 m\/s\u00b2<\/td>\n<\/tr>\n<tr>\n<td>Vibration Unsicherheit K<\/td>\n<td>0,90 m\/s\u00b2<\/td>\n<\/tr>\n<\/tbody>\n<\/table>\n","protected":false},"excerpt":{"rendered":"<p>Kompakt und handlich Wenn Sie kleine Rasenfl\u00e4chen in Ihrem Privatgarten m\u00e4hen m\u00f6chten und Wert auf effektives und leises Arbeiten legen,<\/p>\n","protected":false},"featured_media":738344,"template":"","meta":{"_seopress_robots_primary_cat":"","_seopress_titles_title":"","_seopress_titles_desc":"","_seopress_robots_index":""},"product_brand":[3554],"product_cat":[1665,169,1656],"product_tag":[],"class_list":{"0":"post-756229","1":"product","2":"type-product","3":"status-publish","4":"has-post-thumbnail","6":"product_brand-stihl-de","7":"product_cat-akku-rasenmaher","8":"product_cat-maschinen","9":"product_cat-rasenmaher-und-roboter","10":"sws-gruppo-macchinari-de","11":"sws-conto-ricavi-merci-rivendita-macchinari-de","12":"sws-gruppo-iva-iva81-de","14":"first","15":"instock","16":"shipping-taxable","17":"purchasable","18":"product-type-simple"},"_links":{"self":[{"href":"https:\/\/lucacastelli.com\/de\/wp-json\/wp\/v2\/product\/756229","targetHints":{"allow":["GET"]}}],"collection":[{"href":"https:\/\/lucacastelli.com\/de\/wp-json\/wp\/v2\/product"}],"about":[{"href":"https:\/\/lucacastelli.com\/de\/wp-json\/wp\/v2\/types\/product"}],"wp:featuredmedia":[{"embeddable":true,"href":"https:\/\/lucacastelli.com\/de\/wp-json\/wp\/v2\/media\/738344"}],"wp:attachment":[{"href":"https:\/\/lucacastelli.com\/de\/wp-json\/wp\/v2\/media?parent=756229"}],"wp:term":[{"taxonomy":"product_brand","embeddable":true,"href":"https:\/\/lucacastelli.com\/de\/wp-json\/wp\/v2\/product_brand?post=756229"},{"taxonomy":"product_cat","embeddable":true,"href":"https:\/\/lucacastelli.com\/de\/wp-json\/wp\/v2\/product_cat?post=756229"},{"taxonomy":"product_tag","embeddable":true,"href":"https:\/\/lucacastelli.com\/de\/wp-json\/wp\/v2\/product_tag?post=756229"}],"curies":[{"name":"wp","href":"https:\/\/api.w.org\/{rel}","templated":true}]}}