{"id":756218,"date":"2026-02-20T07:24:04","date_gmt":"2026-02-20T06:24:04","guid":{"rendered":"https:\/\/lucacastelli.com\/prodotto\/husqvarna-schutzhelm-technical\/"},"modified":"2026-02-20T07:24:04","modified_gmt":"2026-02-20T06:24:04","slug":"husqvarna-schutzhelm-technical","status":"publish","type":"product","link":"https:\/\/lucacastelli.com\/de\/produkt\/husqvarna-schutzhelm-technical\/","title":{"rendered":"HUSQVARNA Schutzhelm Technical"},"content":{"rendered":"<p>Leichter Helm f\u00fcr professionelle Forstarbeiten<\/p>\n<p>Schutzhelm f\u00fcr den Forsteinsatz mit Geh\u00f6rschutz, Visier und Nackenschutz. Robust und dennoch leicht, der Technical Helm von Husqvarna ist modular konzipiert und erm\u00f6glicht den Wechsel von Visier und Geh\u00f6rschutz f\u00fcr jede Arbeitsbedingung. Das Visier umschlie\u00dft das Gesicht und bietet sowohl in abgesenkter als auch in hochgeklappter Position ein hervorragendes Sichtfeld, das einen ungehinderten Blick auf die Baumkronen gew\u00e4hrleistet. Insgesamt ist der Helm so gestaltet, dass er komfortabel ist und Sie sich voll auf Ihre Arbeit konzentrieren k\u00f6nnen. Erh\u00e4ltlich in zwei Farben, passend zu Ihrem Stil und Ihrer Arbeitsumgebung.    <\/p>\n<p>&nbsp;<\/p>\n","protected":false},"excerpt":{"rendered":"<p>Leichter Helm f\u00fcr professionelle Forstarbeiten Schutzhelm f\u00fcr den Forsteinsatz mit Geh\u00f6rschutz, Visier und Nackenschutz. Robust und dennoch leicht, der Technical<\/p>\n","protected":false},"featured_media":734934,"template":"","meta":{"_seopress_robots_primary_cat":"","_seopress_titles_title":"","_seopress_titles_desc":"","_seopress_robots_index":""},"product_brand":[4370],"product_cat":[150,1396,1404],"product_tag":[],"class_list":{"0":"post-756218","1":"product","2":"type-product","3":"status-publish","4":"has-post-thumbnail","6":"product_brand-husqvarna-de","7":"product_cat-ausrustung","8":"product_cat-arbeitsausrustung","9":"product_cat-helme","10":"sws-gruppo-abb-libero-de","11":"sws-conto-ricavi-merci-rivendita-abbigliamento-de","12":"sws-gruppo-iva-iva81-de","14":"first","15":"instock","16":"shipping-taxable","17":"purchasable","18":"product-type-simple"},"_links":{"self":[{"href":"https:\/\/lucacastelli.com\/de\/wp-json\/wp\/v2\/product\/756218","targetHints":{"allow":["GET"]}}],"collection":[{"href":"https:\/\/lucacastelli.com\/de\/wp-json\/wp\/v2\/product"}],"about":[{"href":"https:\/\/lucacastelli.com\/de\/wp-json\/wp\/v2\/types\/product"}],"wp:featuredmedia":[{"embeddable":true,"href":"https:\/\/lucacastelli.com\/de\/wp-json\/wp\/v2\/media\/734934"}],"wp:attachment":[{"href":"https:\/\/lucacastelli.com\/de\/wp-json\/wp\/v2\/media?parent=756218"}],"wp:term":[{"taxonomy":"product_brand","embeddable":true,"href":"https:\/\/lucacastelli.com\/de\/wp-json\/wp\/v2\/product_brand?post=756218"},{"taxonomy":"product_cat","embeddable":true,"href":"https:\/\/lucacastelli.com\/de\/wp-json\/wp\/v2\/product_cat?post=756218"},{"taxonomy":"product_tag","embeddable":true,"href":"https:\/\/lucacastelli.com\/de\/wp-json\/wp\/v2\/product_tag?post=756218"}],"curies":[{"name":"wp","href":"https:\/\/api.w.org\/{rel}","templated":true}]}}