{"id":756216,"date":"2026-02-22T11:45:01","date_gmt":"2026-02-22T10:45:01","guid":{"rendered":"https:\/\/lucacastelli.com\/prodotto\/stihl-diamanttrennscheibe-rescue-d-r80-o-230-mm-9\/"},"modified":"2026-02-22T11:45:01","modified_gmt":"2026-02-22T10:45:01","slug":"stihl-diamanttrennscheibe-rescue-d-r80-o-230-mm-9","status":"publish","type":"product","link":"https:\/\/lucacastelli.com\/de\/produkt\/stihl-diamanttrennscheibe-rescue-d-r80-o-230-mm-9\/","title":{"rendered":"STIHL Diamanttrennscheibe, Rescue, D-R80, \u00d8 230 mm\/9&#8243;"},"content":{"rendered":"<p>Diamanttrennscheibe D-R80, 230 mm: zum Schneiden vieler verschiedener Materialien bei Rettungseins\u00e4tzen<br \/>\nDie STIHL Diamanttrennscheibe D-R80 f\u00fcr Rettungseins\u00e4tze eignet sich zum Schneiden von Metallen, Verbund- und Baumaterialien, Kunststoff, Glas, Solarpaneelen und Fahrzeugteilen. Alle STIHL Diamanttrennscheiben sind robust und langlebig. Sie sind perfekt mit STIHL Trennschleifern kompatibel und \u00fcberzeugen durch ihre Schneidleistung und hohe Pr\u00e4zision beim Schneidvorgang.  <\/p>\n<p>Hinweis: Diese Scheibe darf ausschlie\u00dflich von speziell geschultem Fachpersonal wie Feuerwehr, Rettungskr\u00e4ften und Notfallpersonal verwendet werden.<\/p>\n<p>Die STIHL Diamanttrennscheibe D-R80 mit einem Durchmesser von 230 mm kann mit folgenden Trennschleifern verwendet werden:<\/p>\n<p>STIHL TSA 230<\/p>\n","protected":false},"excerpt":{"rendered":"<p>Diamanttrennscheibe D-R80, 230 mm: zum Schneiden vieler verschiedener Materialien bei Rettungseins\u00e4tzen Die STIHL Diamanttrennscheibe D-R80 f\u00fcr Rettungseins\u00e4tze eignet sich zum<\/p>\n","protected":false},"featured_media":756217,"template":"","meta":{"_seopress_robots_primary_cat":"none","_seopress_titles_title":"","_seopress_titles_desc":"","_seopress_robots_index":""},"product_brand":[3554],"product_cat":[1699,1696,169,1697],"product_tag":[],"class_list":{"0":"post-756216","1":"product","2":"type-product","3":"status-publish","4":"has-post-thumbnail","6":"product_brand-stihl-de","7":"product_cat-mahmaschinen-de","8":"product_cat-mahmaschinen-und-trimmer","9":"product_cat-maschinen","10":"product_cat-zubehor-und-verbrauchsmaterial-de-8","11":"sws-gruppo-macchinari-de","12":"sws-conto-ricavi-merci-rivendita-macchinari-de","13":"sws-gruppo-iva-iva81-de","15":"first","16":"instock","17":"sale","18":"shipping-taxable","19":"purchasable","20":"product-type-simple"},"_links":{"self":[{"href":"https:\/\/lucacastelli.com\/de\/wp-json\/wp\/v2\/product\/756216","targetHints":{"allow":["GET"]}}],"collection":[{"href":"https:\/\/lucacastelli.com\/de\/wp-json\/wp\/v2\/product"}],"about":[{"href":"https:\/\/lucacastelli.com\/de\/wp-json\/wp\/v2\/types\/product"}],"wp:featuredmedia":[{"embeddable":true,"href":"https:\/\/lucacastelli.com\/de\/wp-json\/wp\/v2\/media\/756217"}],"wp:attachment":[{"href":"https:\/\/lucacastelli.com\/de\/wp-json\/wp\/v2\/media?parent=756216"}],"wp:term":[{"taxonomy":"product_brand","embeddable":true,"href":"https:\/\/lucacastelli.com\/de\/wp-json\/wp\/v2\/product_brand?post=756216"},{"taxonomy":"product_cat","embeddable":true,"href":"https:\/\/lucacastelli.com\/de\/wp-json\/wp\/v2\/product_cat?post=756216"},{"taxonomy":"product_tag","embeddable":true,"href":"https:\/\/lucacastelli.com\/de\/wp-json\/wp\/v2\/product_tag?post=756216"}],"curies":[{"name":"wp","href":"https:\/\/api.w.org\/{rel}","templated":true}]}}