{"id":756209,"date":"2026-02-22T11:13:34","date_gmt":"2026-02-22T10:13:34","guid":{"rendered":"https:\/\/lucacastelli.com\/prodotto\/stihl-diamanttrennscheibe-d-sb90-300-mm-12\/"},"modified":"2026-02-22T11:13:34","modified_gmt":"2026-02-22T10:13:34","slug":"stihl-diamanttrennscheibe-d-sb90-300-mm-12","status":"publish","type":"product","link":"https:\/\/lucacastelli.com\/de\/produkt\/stihl-diamanttrennscheibe-d-sb90-300-mm-12\/","title":{"rendered":"STIHL Diamanttrennscheibe D-SB90 &#8211; 300 mm \/ 12&#8243;"},"content":{"rendered":"<p>\u00dcbersicht:<br \/>\nDie Diamanttrennscheibe D-SB90 von STIHL ist ein hochleistungsf\u00e4higes STIHL Originalprodukt, das speziell f\u00fcr das Schneiden harter Materialien wie Beton und Hartgestein entwickelt wurde. Mit einem Durchmesser von 300 mm (12&#8243;) ist diese OEM-Trennscheibe (Original Equipment Manufacturer) mit der Artikelnummer 0835 096 7008 aus extrem verschlei\u00df- und temperaturbest\u00e4ndigem Material gefertigt. Konzipiert f\u00fcr den professionellen Einsatz auf Baustellen, bei R\u00e4umarbeiten und Notfalleins\u00e4tzen, ist sie ideal f\u00fcr eine Vielzahl von Werkzeugen und Maschinen geeignet und garantiert eine lange Lebensdauer sowie hervorragende Schneidleistung.  <\/p>\n<p>Hauptmerkmale:<br \/>\n&#8211; STIHL Originalprodukt garantiert Zuverl\u00e4ssigkeit und optimale Kompatibilit\u00e4t.<br \/>\n&#8211; Durchmesser von 300 mm (12&#8243;) f\u00fcr eine umfassende und effiziente Schnittabdeckung.<br \/>\n&#8211; Gefertigt aus au\u00dfergew\u00f6hnlich verschlei\u00df- und temperaturbest\u00e4ndigen Materialien f\u00fcr erh\u00f6hte Langlebigkeit.<br \/>\n&#8211; Entwickelt f\u00fcr sehr schnelles Schneiden harter Materialien, maximiert die Arbeitseffizienz.<br \/>\n&#8211; Geeignet zum Schneiden verschiedener Materialien wie Ziegel, Beton, Betonbl\u00f6cke, Granit und Baustahl bis 10 mm.<br \/>\n&#8211; Bietet lange Lebensdauer und hohe Schneidleistung, reduziert die Notwendigkeit h\u00e4ufiger Austausche.<\/p>\n<p>Typische Anwendungen:<br \/>\nDiese Diamanttrennscheibe wird haupts\u00e4chlich von Profis im Baugewerbe, bei Notfall-R\u00e4umdiensten und Aufr\u00e4umarbeiten eingesetzt. Sie ist f\u00fcr das Schneiden harter Materialien wie Ziegel, Beton, Betonbl\u00f6cke, Granit und Baustahl bis zu 10 mm Dicke konzipiert und ist somit ein vielseitiges Werkzeug f\u00fcr verschiedene Schwerlastanwendungen. <\/p>\n","protected":false},"excerpt":{"rendered":"<p>\u00dcbersicht: Die Diamanttrennscheibe D-SB90 von STIHL ist ein hochleistungsf\u00e4higes STIHL Originalprodukt, das speziell f\u00fcr das Schneiden harter Materialien wie Beton<\/p>\n","protected":false},"featured_media":738202,"template":"","meta":{"_seopress_robots_primary_cat":"","_seopress_titles_title":"","_seopress_titles_desc":"","_seopress_robots_index":""},"product_brand":[3554],"product_cat":[1699,1696,169,1697],"product_tag":[],"class_list":{"0":"post-756209","1":"product","2":"type-product","3":"status-publish","4":"has-post-thumbnail","6":"product_brand-stihl-de","7":"product_cat-mahmaschinen-de","8":"product_cat-mahmaschinen-und-trimmer","9":"product_cat-maschinen","10":"product_cat-zubehor-und-verbrauchsmaterial-de-8","11":"sws-gruppo-macchinari-de","12":"sws-conto-ricavi-merci-rivendita-macchinari-de","13":"sws-gruppo-iva-iva81-de","15":"first","16":"instock","17":"sale","18":"shipping-taxable","19":"purchasable","20":"product-type-simple"},"_links":{"self":[{"href":"https:\/\/lucacastelli.com\/de\/wp-json\/wp\/v2\/product\/756209","targetHints":{"allow":["GET"]}}],"collection":[{"href":"https:\/\/lucacastelli.com\/de\/wp-json\/wp\/v2\/product"}],"about":[{"href":"https:\/\/lucacastelli.com\/de\/wp-json\/wp\/v2\/types\/product"}],"wp:featuredmedia":[{"embeddable":true,"href":"https:\/\/lucacastelli.com\/de\/wp-json\/wp\/v2\/media\/738202"}],"wp:attachment":[{"href":"https:\/\/lucacastelli.com\/de\/wp-json\/wp\/v2\/media?parent=756209"}],"wp:term":[{"taxonomy":"product_brand","embeddable":true,"href":"https:\/\/lucacastelli.com\/de\/wp-json\/wp\/v2\/product_brand?post=756209"},{"taxonomy":"product_cat","embeddable":true,"href":"https:\/\/lucacastelli.com\/de\/wp-json\/wp\/v2\/product_cat?post=756209"},{"taxonomy":"product_tag","embeddable":true,"href":"https:\/\/lucacastelli.com\/de\/wp-json\/wp\/v2\/product_tag?post=756209"}],"curies":[{"name":"wp","href":"https:\/\/api.w.org\/{rel}","templated":true}]}}