{"id":756208,"date":"2026-01-02T18:26:54","date_gmt":"2026-01-02T17:26:54","guid":{"rendered":"https:\/\/lucacastelli.com\/prodotto\/stihl-grasschneideblatt-mit-32-zaehnen-250-mm\/"},"modified":"2026-01-02T18:26:54","modified_gmt":"2026-01-02T17:26:54","slug":"stihl-grasschneideblatt-mit-32-zaehnen-250-mm","status":"publish","type":"product","link":"https:\/\/lucacastelli.com\/de\/produkt\/stihl-grasschneideblatt-mit-32-zaehnen-250-mm\/","title":{"rendered":"STIHL Grasschneideblatt mit 32 Z\u00e4hnen, 250 mm"},"content":{"rendered":"<h2>STIHL Grasmesser f\u00fcr Freischneider 250 mm 32 Z\u00e4hne 40007133812 Aufnahmegr\u00f6\u00dfe 20 mm<\/h2>\n<p><b><strong>Grasmesser GrassCut mit 32 Z\u00e4hnen: effizientes Schneiden mit reduzierter Streuwirkung<\/strong><\/b><\/p>\n<ul>\n<li>Grasmesser mit Durchmesser von 250 mm f\u00fcr M\u00e4her und Freischneider<\/li>\n<li>F\u00fcr M\u00e4harbeiten mit geringer Streuwirkung entlang von Stra\u00dfen, Mittelstreifen und Parkpl\u00e4tzen<\/li>\n<li>Reduzierte Streuwirkung dank 32 speziell geformter Schneidez\u00e4hne<\/li>\n<li>Gute Schnittleistung bei geringer Ger\u00e4uschentwicklung durch die Form der Schneidez\u00e4hne<\/li>\n<li>Einfaches Nachsch\u00e4rfen mit einer Flachfeile<\/li>\n<\/ul>\n<p>Das STIHL Grasschneideblatt GrassCut 250-32 mit geringer Streuwirkung eignet sich besonders f\u00fcr M\u00e4harbeiten entlang von Stra\u00dfen, Mittelstreifen und Parkpl\u00e4tzen. Dank der speziellen Form der 32 Schneidez\u00e4hne werden weniger Steine aufgewirbelt und das Schnittgut wird nicht so weit verstreut. Dadurch reicht ein Sicherheitsabstand von 3 m zu Objekten wie z. B. Fahrzeugen aus. Das STIHL Grasmesser GrassCut 250-32 bietet eine gute Schnittleistung bei geringer Ger\u00e4uschentwicklung und einem ruhigen Lauf. Der Durchmesser von 250 mm erm\u00f6glicht ein schnelles Vorankommen bei kommunalen Eins\u00e4tzen, im Stra\u00dfenbau und f\u00fcr Hausmeister.    <\/p>\n<p>Wenn Sie bereits eine STIHL Rollschere RG-KM oder die Rollschere RG verwenden, ist das STIHL GrassCut 250-32 Metall-Schneidwerkzeug die ideale Erg\u00e4nzung zum M\u00e4hen von Fl\u00e4chen.<\/p>\n<p>Das Grasmesser GrassCut 250-32 mit geringer Neigung zum Wegschleudern ist in zwei Versionen mit 20 mm oder 25,4 mm Aufnahme erh\u00e4ltlich und kann mit folgenden STIHL Freischneidern und Heckenscheren verwendet werden:<\/p>\n<p><b><strong>250 mm (Art.-Nr. 40007133812), Aufnahme 20 mm:<\/strong><\/b><\/p>\n<ul>\n<li>FS 260 C-E<\/li>\n<li>FS 261 C-E<\/li>\n<li>FS 311<\/li>\n<li>FS 360 C-EM<\/li>\n<li>FS 361 C-EM<\/li>\n<li>FS 410<\/li>\n<li>FS 411 C-EM<\/li>\n<li>FS 460<\/li>\n<li>FS 461 C-EM<\/li>\n<li>FS 490<\/li>\n<li>FS 491 C-EM<\/li>\n<li>FS 560 C-EM<\/li>\n<li>FS 561 C-EM<\/li>\n<\/ul>\n<p>Das STIHL Grasmesser GrassCut 250-32 mit 20 mm Aufnahme ist auch f\u00fcr den STIHL Freischneider FS 510 C-EM geeignet (nicht mehr erh\u00e4ltlich).<\/p>\n<p><b><u>Hinweis:<\/u><\/b> Aus Sicherheitsgr\u00fcnden darf GrassCut 250-32 nur mit einer STIHL Universal-Schutzhaube f\u00fcr M\u00e4hk\u00f6pfe und Metallwerkzeuge verwendet werden.<\/p>\n","protected":false},"excerpt":{"rendered":"<p>Rasenm\u00e4hermesser 40 Punkte, 250mm<\/p>\n","protected":false},"featured_media":678293,"template":"","meta":{"_seopress_robots_primary_cat":"none","_seopress_titles_title":"","_seopress_titles_desc":"","_seopress_robots_index":""},"product_brand":[3554],"product_cat":[169,1455,1581],"product_tag":[3266],"class_list":{"0":"post-756208","1":"product","2":"type-product","3":"status-publish","4":"has-post-thumbnail","6":"product_brand-stihl-de","7":"product_cat-maschinen","8":"product_cat-zubehor-und-verbrauchsmaterial-de","9":"product_cat-freischneider-und-trimmer","10":"product_tag-import-stihl-de","11":"sws-gruppo-macchinari-de","12":"sws-conto-ricavi-merci-rivendita-macchinari-de","13":"sws-gruppo-iva-iva81-de","15":"first","16":"onbackorder","17":"purchasable","18":"product-type-simple"},"_links":{"self":[{"href":"https:\/\/lucacastelli.com\/de\/wp-json\/wp\/v2\/product\/756208","targetHints":{"allow":["GET"]}}],"collection":[{"href":"https:\/\/lucacastelli.com\/de\/wp-json\/wp\/v2\/product"}],"about":[{"href":"https:\/\/lucacastelli.com\/de\/wp-json\/wp\/v2\/types\/product"}],"wp:featuredmedia":[{"embeddable":true,"href":"https:\/\/lucacastelli.com\/de\/wp-json\/wp\/v2\/media\/678293"}],"wp:attachment":[{"href":"https:\/\/lucacastelli.com\/de\/wp-json\/wp\/v2\/media?parent=756208"}],"wp:term":[{"taxonomy":"product_brand","embeddable":true,"href":"https:\/\/lucacastelli.com\/de\/wp-json\/wp\/v2\/product_brand?post=756208"},{"taxonomy":"product_cat","embeddable":true,"href":"https:\/\/lucacastelli.com\/de\/wp-json\/wp\/v2\/product_cat?post=756208"},{"taxonomy":"product_tag","embeddable":true,"href":"https:\/\/lucacastelli.com\/de\/wp-json\/wp\/v2\/product_tag?post=756208"}],"curies":[{"name":"wp","href":"https:\/\/api.w.org\/{rel}","templated":true}]}}