{"id":756164,"date":"2026-02-22T15:23:27","date_gmt":"2026-02-22T14:23:27","guid":{"rendered":"https:\/\/lucacastelli.com\/prodotto\/milwaukee-rueckentragbares-blasgeraet\/"},"modified":"2026-02-22T15:23:27","modified_gmt":"2026-02-22T14:23:27","slug":"milwaukee-rueckentragbares-blasgeraet","status":"publish","type":"product","link":"https:\/\/lucacastelli.com\/de\/produkt\/milwaukee-rueckentragbares-blasgeraet\/","title":{"rendered":"MILWAUKEE R\u00fcckentragbares Blasger\u00e4t"},"content":{"rendered":"<p>MXF BPB-0<br \/>\nR\u00fcckentragbares Blasger\u00e4t MX FUEL\u2122<\/p>\n<p>Ohne Akkus, ohne Ladeger\u00e4t, ohne Kitbox oder Tasche, Rucksack, Tragegurt, Flachd\u00fcse, Rundd\u00fcse<br \/>\n4058546615376<\/p>\n","protected":false},"excerpt":{"rendered":"<p>MXF BPB-0 R\u00fcckentragbares Blasger\u00e4t MX FUEL\u2122 Ohne Akkus, ohne Ladeger\u00e4t, ohne Kitbox oder Tasche, Rucksack, Tragegurt, Flachd\u00fcse, Rundd\u00fcse 4058546615376<\/p>\n","protected":false},"featured_media":738232,"template":"","meta":{"_seopress_robots_primary_cat":"","_seopress_titles_title":"","_seopress_titles_desc":"","_seopress_robots_index":""},"product_brand":[3656],"product_cat":[1654,1641,169],"product_tag":[6835],"class_list":{"0":"post-756164","1":"product","2":"type-product","3":"status-publish","4":"has-post-thumbnail","6":"product_brand-milwaukee-de","7":"product_cat-akku-geblase","8":"product_cat-geblase-und-staubsauger","9":"product_cat-maschinen","10":"product_tag-imp-26-mw_new","11":"sws-gruppo-macchinari-de","12":"sws-conto-ricavi-merci-rivendita-macchinari-de","13":"sws-gruppo-iva-iva81-de","15":"first","16":"instock","17":"sale","18":"shipping-taxable","19":"purchasable","20":"product-type-simple"},"_links":{"self":[{"href":"https:\/\/lucacastelli.com\/de\/wp-json\/wp\/v2\/product\/756164","targetHints":{"allow":["GET"]}}],"collection":[{"href":"https:\/\/lucacastelli.com\/de\/wp-json\/wp\/v2\/product"}],"about":[{"href":"https:\/\/lucacastelli.com\/de\/wp-json\/wp\/v2\/types\/product"}],"wp:featuredmedia":[{"embeddable":true,"href":"https:\/\/lucacastelli.com\/de\/wp-json\/wp\/v2\/media\/738232"}],"wp:attachment":[{"href":"https:\/\/lucacastelli.com\/de\/wp-json\/wp\/v2\/media?parent=756164"}],"wp:term":[{"taxonomy":"product_brand","embeddable":true,"href":"https:\/\/lucacastelli.com\/de\/wp-json\/wp\/v2\/product_brand?post=756164"},{"taxonomy":"product_cat","embeddable":true,"href":"https:\/\/lucacastelli.com\/de\/wp-json\/wp\/v2\/product_cat?post=756164"},{"taxonomy":"product_tag","embeddable":true,"href":"https:\/\/lucacastelli.com\/de\/wp-json\/wp\/v2\/product_tag?post=756164"}],"curies":[{"name":"wp","href":"https:\/\/api.w.org\/{rel}","templated":true}]}}