{"id":756151,"date":"2026-01-08T14:50:31","date_gmt":"2026-01-08T13:50:31","guid":{"rendered":"https:\/\/lucacastelli.com\/prodotto\/stihl-duromatic-e-63-cm-3-8-13-mm-fuehrungsstange\/"},"modified":"2026-01-08T14:50:31","modified_gmt":"2026-01-08T13:50:31","slug":"stihl-duromatic-e-63-cm-3-8-13-mm-fuehrungsstange","status":"publish","type":"product","link":"https:\/\/lucacastelli.com\/de\/produkt\/stihl-duromatic-e-63-cm-3-8-13-mm-fuehrungsstange\/","title":{"rendered":"STIHL DUROMATIC E 63 cm 3\/8 1,3 mm F\u00fchrungsstange"},"content":{"rendered":"<h2 class=\"product-details__title\">Robuste integrierte Stange<\/h2>\n<div class=\"product-details__description richtexteditor\">Die STIHL Duromatic E ist eine extrem robuste Allround-Schiene f\u00fcr die Arbeit mit Kettens\u00e4gen mittlerer und hoher Leistung. Der F\u00fchrungsschienenk\u00f6rper ist aus au\u00dferordentlich starkem, massivem Stahl gefertigt. Die F\u00fchrungsschienenspitze, die f\u00fcr hohe Belastungen ausgelegt ist, wird durch eine Hartmetallbeschichtung gesch\u00fctzt.  <\/div>\n<div><\/div>\n<div>L\u00e4nge: 63 cm<\/div>\n<div>Abstand (Zoll): 3\/8<\/div>\n<div>Rillenbreite: 1,3 mm<\/div>\n<div><\/div>\n<div>F\u00fcr Kettens\u00e4gen: MS 400, MS 462, MS 500i, MS 661<\/div>\n","protected":false},"excerpt":{"rendered":"<p>Robuste integrierte Stange Die STIHL Duromatic E ist eine extrem robuste Allround-Schiene f\u00fcr die Arbeit mit Kettens\u00e4gen mittlerer und hoher<\/p>\n","protected":false},"featured_media":683068,"template":"","meta":{"_seopress_robots_primary_cat":"none","_seopress_titles_title":"","_seopress_titles_desc":"","_seopress_robots_index":""},"product_brand":[3554],"product_cat":[1618,1612,169],"product_tag":[3266],"class_list":{"0":"post-756151","1":"product","2":"type-product","3":"status-publish","4":"has-post-thumbnail","6":"product_brand-stihl-de","7":"product_cat-fuhrungsschienen","8":"product_cat-kettensagen","9":"product_cat-maschinen","10":"product_tag-import-stihl-de","11":"sws-gruppo-macchinari-de","12":"sws-conto-ricavi-merci-rivendita-macchinari-de","13":"sws-gruppo-iva-iva81-de","15":"first","16":"onbackorder","17":"purchasable","18":"product-type-simple"},"_links":{"self":[{"href":"https:\/\/lucacastelli.com\/de\/wp-json\/wp\/v2\/product\/756151","targetHints":{"allow":["GET"]}}],"collection":[{"href":"https:\/\/lucacastelli.com\/de\/wp-json\/wp\/v2\/product"}],"about":[{"href":"https:\/\/lucacastelli.com\/de\/wp-json\/wp\/v2\/types\/product"}],"wp:featuredmedia":[{"embeddable":true,"href":"https:\/\/lucacastelli.com\/de\/wp-json\/wp\/v2\/media\/683068"}],"wp:attachment":[{"href":"https:\/\/lucacastelli.com\/de\/wp-json\/wp\/v2\/media?parent=756151"}],"wp:term":[{"taxonomy":"product_brand","embeddable":true,"href":"https:\/\/lucacastelli.com\/de\/wp-json\/wp\/v2\/product_brand?post=756151"},{"taxonomy":"product_cat","embeddable":true,"href":"https:\/\/lucacastelli.com\/de\/wp-json\/wp\/v2\/product_cat?post=756151"},{"taxonomy":"product_tag","embeddable":true,"href":"https:\/\/lucacastelli.com\/de\/wp-json\/wp\/v2\/product_tag?post=756151"}],"curies":[{"name":"wp","href":"https:\/\/api.w.org\/{rel}","templated":true}]}}