{"id":756139,"date":"2026-02-22T15:30:32","date_gmt":"2026-02-22T14:30:32","guid":{"rendered":"https:\/\/lucacastelli.com\/prodotto\/milwaukee-schutzhuelle-2\/"},"modified":"2026-02-22T15:30:32","modified_gmt":"2026-02-22T14:30:32","slug":"milwaukee-schutzhuelle-2","status":"publish","type":"product","link":"https:\/\/lucacastelli.com\/de\/produkt\/milwaukee-schutzhuelle-2\/","title":{"rendered":"MILWAUKEE Schutzh\u00fclle"},"content":{"rendered":"<p>Gummischutzh\u00fclle f\u00fcr M12 FIR12G2<br \/>\nGummischutzh\u00fcllen f\u00fcr Ratschen<\/p>\n<p>4058546624040<\/p>\n","protected":false},"excerpt":{"rendered":"<p>Gummischutzh\u00fclle f\u00fcr M12 FIR12G2 Gummischutzh\u00fcllen f\u00fcr Ratschen 4058546624040<\/p>\n","protected":false},"featured_media":738903,"template":"","meta":{"_seopress_robots_primary_cat":"","_seopress_titles_title":"","_seopress_titles_desc":"","_seopress_robots_index":""},"product_brand":[3407],"product_cat":[5531,29,550],"product_tag":[6832],"class_list":{"0":"post-756139","1":"product","2":"type-product","3":"status-publish","4":"has-post-thumbnail","6":"product_brand-milwaukee","7":"product_cat-vari-macchinari-milwaukee","8":"product_cat-macchinari","9":"product_cat-accessori-per-trapani-ed-avvitatori","10":"product_tag-imp-26-mw_new","11":"sws-gruppo-macchinari-de","12":"sws-conto-ricavi-merci-rivendita-macchinari-de","13":"sws-gruppo-iva-iva81-de","15":"first","16":"instock","17":"sale","18":"shipping-taxable","19":"purchasable","20":"product-type-simple"},"_links":{"self":[{"href":"https:\/\/lucacastelli.com\/de\/wp-json\/wp\/v2\/product\/756139","targetHints":{"allow":["GET"]}}],"collection":[{"href":"https:\/\/lucacastelli.com\/de\/wp-json\/wp\/v2\/product"}],"about":[{"href":"https:\/\/lucacastelli.com\/de\/wp-json\/wp\/v2\/types\/product"}],"wp:featuredmedia":[{"embeddable":true,"href":"https:\/\/lucacastelli.com\/de\/wp-json\/wp\/v2\/media\/738903"}],"wp:attachment":[{"href":"https:\/\/lucacastelli.com\/de\/wp-json\/wp\/v2\/media?parent=756139"}],"wp:term":[{"taxonomy":"product_brand","embeddable":true,"href":"https:\/\/lucacastelli.com\/de\/wp-json\/wp\/v2\/product_brand?post=756139"},{"taxonomy":"product_cat","embeddable":true,"href":"https:\/\/lucacastelli.com\/de\/wp-json\/wp\/v2\/product_cat?post=756139"},{"taxonomy":"product_tag","embeddable":true,"href":"https:\/\/lucacastelli.com\/de\/wp-json\/wp\/v2\/product_tag?post=756139"}],"curies":[{"name":"wp","href":"https:\/\/api.w.org\/{rel}","templated":true}]}}