{"id":756059,"date":"2026-02-22T15:31:11","date_gmt":"2026-02-22T14:31:11","guid":{"rendered":"https:\/\/lucacastelli.com\/prodotto\/milwaukee-beruehrungsloser-spannungspruefer-2\/"},"modified":"2026-02-22T15:31:11","modified_gmt":"2026-02-22T14:31:11","slug":"milwaukee-beruehrungsloser-spannungspruefer-2","status":"publish","type":"product","link":"https:\/\/lucacastelli.com\/de\/produkt\/milwaukee-beruehrungsloser-spannungspruefer-2\/","title":{"rendered":"MILWAUKEE Ber\u00fchrungsloser Spannungspr\u00fcfer"},"content":{"rendered":"<p>NCVDF Ber\u00fchrungsloser Spannungspr\u00fcfer mit Taschenlampe 50-1000 V<br \/>\nBer\u00fchrungsloser Spannungspr\u00fcfer mit Taschenlampe 50-1000 V<\/p>\n<p>2 x AAA-Batterien, Lieferung ohne Koffer oder Tasche<br \/>\n4058546573256<\/p>\n","protected":false},"excerpt":{"rendered":"<p>NCVDF Ber\u00fchrungsloser Spannungspr\u00fcfer mit Taschenlampe 50-1000 V Ber\u00fchrungsloser Spannungspr\u00fcfer mit Taschenlampe 50-1000 V 2 x AAA-Batterien, Lieferung ohne Koffer oder<\/p>\n","protected":false},"featured_media":738938,"template":"","meta":{"_seopress_robots_primary_cat":"","_seopress_titles_title":"","_seopress_titles_desc":"","_seopress_robots_index":""},"product_brand":[3407],"product_cat":[5531,29,514],"product_tag":[6832],"class_list":{"0":"post-756059","1":"product","2":"type-product","3":"status-publish","4":"has-post-thumbnail","6":"product_brand-milwaukee","7":"product_cat-vari-macchinari-milwaukee","8":"product_cat-macchinari","9":"product_cat-altri-dispositivi","10":"product_tag-imp-26-mw_new","11":"sws-gruppo-macchinari-de","12":"sws-conto-ricavi-merci-rivendita-macchinari-de","13":"sws-gruppo-iva-iva81-de","15":"first","16":"instock","17":"sale","18":"shipping-taxable","19":"purchasable","20":"product-type-simple"},"_links":{"self":[{"href":"https:\/\/lucacastelli.com\/de\/wp-json\/wp\/v2\/product\/756059","targetHints":{"allow":["GET"]}}],"collection":[{"href":"https:\/\/lucacastelli.com\/de\/wp-json\/wp\/v2\/product"}],"about":[{"href":"https:\/\/lucacastelli.com\/de\/wp-json\/wp\/v2\/types\/product"}],"wp:featuredmedia":[{"embeddable":true,"href":"https:\/\/lucacastelli.com\/de\/wp-json\/wp\/v2\/media\/738938"}],"wp:attachment":[{"href":"https:\/\/lucacastelli.com\/de\/wp-json\/wp\/v2\/media?parent=756059"}],"wp:term":[{"taxonomy":"product_brand","embeddable":true,"href":"https:\/\/lucacastelli.com\/de\/wp-json\/wp\/v2\/product_brand?post=756059"},{"taxonomy":"product_cat","embeddable":true,"href":"https:\/\/lucacastelli.com\/de\/wp-json\/wp\/v2\/product_cat?post=756059"},{"taxonomy":"product_tag","embeddable":true,"href":"https:\/\/lucacastelli.com\/de\/wp-json\/wp\/v2\/product_tag?post=756059"}],"curies":[{"name":"wp","href":"https:\/\/api.w.org\/{rel}","templated":true}]}}