{"id":755692,"date":"2026-02-22T15:30:52","date_gmt":"2026-02-22T14:30:52","guid":{"rendered":"https:\/\/lucacastelli.com\/prodotto\/milwaukee-kreissaege-6\/"},"modified":"2026-02-22T15:30:52","modified_gmt":"2026-02-22T14:30:52","slug":"milwaukee-kreissaege-6","status":"publish","type":"product","link":"https:\/\/lucacastelli.com\/de\/produkt\/milwaukee-kreissaege-6\/","title":{"rendered":"MILWAUKEE Kreiss\u00e4ge"},"content":{"rendered":"<p>M18 FCSO190GR-121C<br \/>\n190 mm Handkreiss\u00e4ge f\u00fcr Holz M18 FUEL\u2122 kompatibel mit F\u00fchrungsschienen und ONE-KEY\u2122 System<\/p>\n<p>1 x M18 FB12 Akku, M12-18 FC Ladeger\u00e4t, Transportkoffer, Parallelanschlag, Kreiss\u00e4geblatt 190 x 30 x 1,8 mm, 24 Z\u00e4hne<br \/>\n4058546528638<\/p>\n","protected":false},"excerpt":{"rendered":"<p>M18 FCSO190GR-121C 190 mm Handkreiss\u00e4ge f\u00fcr Holz M18 FUEL\u2122 kompatibel mit F\u00fchrungsschienen und ONE-KEY\u2122 System 1 x M18 FB12 Akku,<\/p>\n","protected":false},"featured_media":738923,"template":"","meta":{"_seopress_robots_primary_cat":"","_seopress_titles_title":"","_seopress_titles_desc":"","_seopress_robots_index":""},"product_brand":[3656],"product_cat":[1454,169,1535],"product_tag":[6835],"class_list":{"0":"post-755692","1":"product","2":"type-product","3":"status-publish","4":"has-post-thumbnail","6":"product_brand-milwaukee-de","7":"product_cat-andere-gerate","8":"product_cat-maschinen","9":"product_cat-sagen","10":"product_tag-imp-26-mw_new","11":"sws-gruppo-macchinari-de","12":"sws-conto-ricavi-merci-rivendita-macchinari-de","13":"sws-gruppo-iva-iva81-de","15":"first","16":"instock","17":"sale","18":"shipping-taxable","19":"purchasable","20":"product-type-simple"},"_links":{"self":[{"href":"https:\/\/lucacastelli.com\/de\/wp-json\/wp\/v2\/product\/755692","targetHints":{"allow":["GET"]}}],"collection":[{"href":"https:\/\/lucacastelli.com\/de\/wp-json\/wp\/v2\/product"}],"about":[{"href":"https:\/\/lucacastelli.com\/de\/wp-json\/wp\/v2\/types\/product"}],"wp:featuredmedia":[{"embeddable":true,"href":"https:\/\/lucacastelli.com\/de\/wp-json\/wp\/v2\/media\/738923"}],"wp:attachment":[{"href":"https:\/\/lucacastelli.com\/de\/wp-json\/wp\/v2\/media?parent=755692"}],"wp:term":[{"taxonomy":"product_brand","embeddable":true,"href":"https:\/\/lucacastelli.com\/de\/wp-json\/wp\/v2\/product_brand?post=755692"},{"taxonomy":"product_cat","embeddable":true,"href":"https:\/\/lucacastelli.com\/de\/wp-json\/wp\/v2\/product_cat?post=755692"},{"taxonomy":"product_tag","embeddable":true,"href":"https:\/\/lucacastelli.com\/de\/wp-json\/wp\/v2\/product_tag?post=755692"}],"curies":[{"name":"wp","href":"https:\/\/api.w.org\/{rel}","templated":true}]}}