{"id":755326,"date":"2026-02-22T15:33:43","date_gmt":"2026-02-22T14:33:43","guid":{"rendered":"https:\/\/lucacastelli.com\/prodotto\/milwaukee-topfbuerste-gewellt\/"},"modified":"2026-02-22T15:33:43","modified_gmt":"2026-02-22T14:33:43","slug":"milwaukee-topfbuerste-gewellt","status":"publish","type":"product","link":"https:\/\/lucacastelli.com\/de\/produkt\/milwaukee-topfbuerste-gewellt\/","title":{"rendered":"MILWAUKEE Topfb\u00fcrste gewellt"},"content":{"rendered":"<p>TOPFB\u00dcRSTE 6 MM 50X20 MM STAHL GEWELLT 0,3 MM-3 STK<br \/>\nTopfb\u00fcrsten f\u00fcr Geradschleifer, mit geflochtenen Dr\u00e4hten<\/p>\n<p>4058546644345<\/p>\n","protected":false},"excerpt":{"rendered":"<p>TOPFB\u00dcRSTE 6 MM 50X20 MM STAHL GEWELLT 0,3 MM-3 STK Topfb\u00fcrsten f\u00fcr Geradschleifer, mit geflochtenen Dr\u00e4hten 4058546644345<\/p>\n","protected":false},"featured_media":739646,"template":"","meta":{"_seopress_robots_primary_cat":"","_seopress_titles_title":"","_seopress_titles_desc":"","_seopress_robots_index":""},"product_brand":[3656],"product_cat":[5534,169,1541,1553,1554],"product_tag":[6835],"class_list":{"0":"post-755326","1":"product","2":"type-product","3":"status-publish","4":"has-post-thumbnail","6":"product_brand-milwaukee-de","7":"product_cat-verschiedene-maschinen-von-milwaukee","8":"product_cat-maschinen","9":"product_cat-zerkleinerungsmaschinen","10":"product_cat-bohrer-und-schraubendreher","11":"product_cat-zubehor-fur-bohrmaschinen-und-schraubendreher","12":"product_tag-imp-26-mw_new","13":"sws-gruppo-macchinari-de","14":"sws-conto-ricavi-merci-rivendita-macchinari-de","15":"sws-gruppo-iva-iva81-de","17":"first","18":"instock","19":"sale","20":"shipping-taxable","21":"purchasable","22":"product-type-simple"},"_links":{"self":[{"href":"https:\/\/lucacastelli.com\/de\/wp-json\/wp\/v2\/product\/755326","targetHints":{"allow":["GET"]}}],"collection":[{"href":"https:\/\/lucacastelli.com\/de\/wp-json\/wp\/v2\/product"}],"about":[{"href":"https:\/\/lucacastelli.com\/de\/wp-json\/wp\/v2\/types\/product"}],"wp:featuredmedia":[{"embeddable":true,"href":"https:\/\/lucacastelli.com\/de\/wp-json\/wp\/v2\/media\/739646"}],"wp:attachment":[{"href":"https:\/\/lucacastelli.com\/de\/wp-json\/wp\/v2\/media?parent=755326"}],"wp:term":[{"taxonomy":"product_brand","embeddable":true,"href":"https:\/\/lucacastelli.com\/de\/wp-json\/wp\/v2\/product_brand?post=755326"},{"taxonomy":"product_cat","embeddable":true,"href":"https:\/\/lucacastelli.com\/de\/wp-json\/wp\/v2\/product_cat?post=755326"},{"taxonomy":"product_tag","embeddable":true,"href":"https:\/\/lucacastelli.com\/de\/wp-json\/wp\/v2\/product_tag?post=755326"}],"curies":[{"name":"wp","href":"https:\/\/api.w.org\/{rel}","templated":true}]}}