{"id":753016,"date":"2026-02-26T19:37:58","date_gmt":"2026-02-26T18:37:58","guid":{"rendered":"https:\/\/lucacastelli.com\/prodotto\/la-sportiva-aequilibrium-st-woman-gtx\/"},"modified":"2026-02-26T23:15:54","modified_gmt":"2026-02-26T22:15:54","slug":"la-sportiva-aequilibrium-st-woman-gtx","status":"publish","type":"product","link":"https:\/\/lucacastelli.com\/de\/produkt\/la-sportiva-aequilibrium-st-woman-gtx\/","title":{"rendered":"La Sportiva Aequilibrium ST Woman GTX"},"content":{"rendered":"<div class=\"row viewport_pdp\">\n<div class=\"col-md-5\">\n<div class=\"product-info-main\">\n<div class=\"product attribute overview\">\n<div class=\"value\">\n<p class=\"product-short-description\">Ultraleichter technischer Wanderschuh, ideal f\u00fcr Klettersteige, Trekking, Gletscher\u00fcberquerungen und kombiniertes Gel\u00e4nde.<\/p>\n<\/div>\n<\/div>\n<\/div>\n<\/div>\n<\/div>\n<div class=\"row justify-content-center product-details\">Der Aequilibrium ST GTX ist ein leichter technischer Wanderschuh, ideal f\u00fcr Klettersteige, Trekking sowie Gletscher\u00fcberquerungen und kombiniertes Gel\u00e4nde. Maximaler Tragekomfort dank der Zunge mit integriertem Faltenbalg und der weichen Schneeschutzgamasche am Kragen. Au\u00dfergew\u00f6hnliche Geheigenschaften dank der innovativen Double Heel\u2122 Fersenkonstruktion: Die ausgepr\u00e4gte Doppelstollen-Geometrie hinten verst\u00e4rkt die Bremswirkung beim Abstieg und erm\u00f6glicht ein fl\u00fcssigeres Abrollen, was die Muskelerm\u00fcdung reduziert. Langlebigkeit und Leichtigkeit harmonieren perfekt dank der neuen Sohlen-\/Zwischensohleneinheit mit externer Rubber Guard\u2122 Schalenkonstruktion und internem Schaumstoff f\u00fcr verst\u00e4rkte D\u00e4mpfung und Leichtigkeit durch weniger Gummischichten. Die Passform ist Ergonomic: umschlie\u00dfend und pr\u00e4zise, mit integrierten TPU-Schalen an Spitze und Ferse zur Verst\u00e4rkung des Obermaterials. Das 3D Flex System Evo\u2122 Gelenk mit geformtem Kn\u00f6chel und Abriebschutz erm\u00f6glicht eine bessere Trittkontrolle und perfekte Bewegungsfreiheit des Sprunggelenks. Die Schutzgamasche der Schn\u00fcrung an der Spitze sch\u00fctzt vor Abrieb. Die Zwischensohle ist bedingt steigeisenfest, die Sohle nutzt ein Vibram\u00ae SpringLug Tech Profil mit Impact Brake System\u2122 Stollen f\u00fcr bessere Anpassung an harte Felsoberfl\u00e4chen. Alpinismus in perfekter Harmonie.        <\/div>\n<div><\/div>\n<div>\n<p><b>Wasserdichte Membran: <\/b>GORE-TEX Performance Comfort<\/p>\n<p><b>Brandsohle: <\/b>Glasfaserverst\u00e4rktes Nylon<\/p>\n<p><b>Futter: <\/b>GORE-TEX Performance Comfort<\/p>\n<p><b>Zwischensohle: <\/b>Keine<\/p>\n<p><b>Patent: <\/b>Impact Brake System\u2122, 3D Flex System Evo\u2122<\/p>\n<p><b>Sohle: <\/b>Vibram-Sohle mit SpringLug Tech und Impact Brake System\u2122<\/p>\n<p><b>Obermaterial: <\/b>Wasserabweisendes, hochfestes Nylon 6.6 mit abriebfestem HoneyComb-Schutz<\/p>\n<\/div>\n","protected":false},"excerpt":{"rendered":"<p>Ultraleichter technischer Wanderschuh, ideal f\u00fcr Klettersteige, Trekking, Gletscher\u00fcberquerungen und kombiniertes Gel\u00e4nde. Der Aequilibrium ST GTX ist ein leichter technischer Wanderschuh,<\/p>\n","protected":false},"featured_media":753021,"template":"","meta":{"_seopress_robots_primary_cat":"none","_seopress_titles_title":"","_seopress_titles_desc":"","_seopress_robots_index":""},"product_brand":[3419],"product_cat":[28,568,575],"product_tag":[],"class_list":{"0":"post-753016","1":"product","2":"type-product","3":"status-publish","4":"has-post-thumbnail","6":"product_brand-la-sportiva","7":"product_cat-calzature","8":"product_cat-calzature-per-il-tempo-libero","9":"product_cat-calzature-da-donna","10":"sws-gruppo-abb-libero-de","11":"sws-conto-ricavi-merci-rivendita-calzature-de","12":"sws-gruppo-iva-iva81-de","14":"first","15":"instock","16":"shipping-taxable","17":"purchasable","18":"product-type-variable","19":"has-default-attributes"},"_links":{"self":[{"href":"https:\/\/lucacastelli.com\/de\/wp-json\/wp\/v2\/product\/753016","targetHints":{"allow":["GET"]}}],"collection":[{"href":"https:\/\/lucacastelli.com\/de\/wp-json\/wp\/v2\/product"}],"about":[{"href":"https:\/\/lucacastelli.com\/de\/wp-json\/wp\/v2\/types\/product"}],"wp:featuredmedia":[{"embeddable":true,"href":"https:\/\/lucacastelli.com\/de\/wp-json\/wp\/v2\/media\/753021"}],"wp:attachment":[{"href":"https:\/\/lucacastelli.com\/de\/wp-json\/wp\/v2\/media?parent=753016"}],"wp:term":[{"taxonomy":"product_brand","embeddable":true,"href":"https:\/\/lucacastelli.com\/de\/wp-json\/wp\/v2\/product_brand?post=753016"},{"taxonomy":"product_cat","embeddable":true,"href":"https:\/\/lucacastelli.com\/de\/wp-json\/wp\/v2\/product_cat?post=753016"},{"taxonomy":"product_tag","embeddable":true,"href":"https:\/\/lucacastelli.com\/de\/wp-json\/wp\/v2\/product_tag?post=753016"}],"curies":[{"name":"wp","href":"https:\/\/api.w.org\/{rel}","templated":true}]}}