{"id":752510,"date":"2026-02-26T08:34:31","date_gmt":"2026-02-26T07:34:31","guid":{"rendered":"https:\/\/lucacastelli.com\/prodotto\/helly-hansen-loke-terra-jacke-fuer-damen\/"},"modified":"2026-03-08T20:43:37","modified_gmt":"2026-03-08T19:43:37","slug":"helly-hansen-loke-terra-jacke-fuer-damen","status":"publish","type":"product","link":"https:\/\/lucacastelli.com\/de\/produkt\/helly-hansen-loke-terra-jacke-fuer-damen\/","title":{"rendered":"HELLY HANSEN Loke Terra Jacke f\u00fcr Damen"},"content":{"rendered":"<div class=\"productDetailsSection_productDescriptionSection__FDg0y\">\n<div class=\"productDescription_productDescription__sJIE6\" data-mt-type=\"product-description\">\n<div class=\"richtext_wrapper__3MzTU productDescription_productDescriptionContent__0A3VB\">Wenn Sie beim Wandern von schlechtem Wetter \u00fcberrascht werden, sch\u00fctzt Sie unsere leichte Loke Terra Micro Jacke f\u00fcr Damen. Diese sch\u00fctzende Shell-Jacke ist platzsparend packbar und l\u00e4sst sich bequem im Rucksack verstauen, wenn sie nicht gebraucht wird. Mit Merkmalen wie Unterarmbel\u00fcftung, verstellbaren B\u00fcndchen, Kapuze und Saum sowie einer strapazierf\u00e4higen Ripstop-Konstruktion und der vollverschwei\u00dften HELLY TECH\u00ae Protection Technologie bietet diese komfortable Jacke zuverl\u00e4ssigen Schutz vor m\u00e4\u00dfigem Regen und Wind. Zudem verf\u00fcgt sie \u00fcber eine Brusttasche und Einschubtaschen, alle mit wasserabweisenden Rei\u00dfverschl\u00fcssen ausgestattet. Dieses Modell wurde aus bluesign\u00ae-zertifizierten Materialien hergestellt.    <\/div>\n<\/div>\n<\/div>\n<div><\/div>\n<div><\/div>\n<div>Faserzusammensetzung: Au\u00dfenmaterial: 100 % Polyamid<\/div>\n<div><\/div>\n<div><\/div>\n<div class=\"productUseFor_listItem__bOFv_ productUseFor_listItemRight__oPxip\">\n<ul>\n<li>\n<p class=\"body_default__KVUF_ body_style--basic__yRiHa\">HELLY TECH\u00ae SCHUTZ<\/p>\n<\/li>\n<li>\n<p class=\"body_default__KVUF_ body_style--basic__yRiHa\">2,5-Lagen-Konstruktion<\/p>\n<\/li>\n<li>\n<p class=\"body_default__KVUF_ body_style--basic__yRiHa\">Gedrucktes HH\u00ae Logo<\/p>\n<\/li>\n<li>\n<p class=\"body_default__KVUF_ body_style--basic__yRiHa\">Eingrifftaschen<\/p>\n<\/li>\n<li>\n<p class=\"body_default__KVUF_ body_style--basic__yRiHa\">Verstellbare \u00c4rmelb\u00fcndchen<\/p>\n<\/li>\n<li>\n<p class=\"body_default__KVUF_ body_style--basic__yRiHa\">Verstellbare Kapuze und Saum<\/p>\n<\/li>\n<li>\n<p class=\"body_default__KVUF_ body_style--basic__yRiHa\">Brusttasche<\/p>\n<\/li>\n<li>\n<p class=\"body_default__KVUF_ body_style--basic__yRiHa\">Vollst\u00e4ndig versiegelte N\u00e4hte<\/p>\n<\/li>\n<li>\n<p class=\"body_default__KVUF_ body_style--basic__yRiHa\">Bel\u00fcftungsrei\u00dfverschl\u00fcsse im Unterarmbereich<\/p>\n<\/li>\n<li>\n<p class=\"body_default__KVUF_ body_style--basic__yRiHa\">Dauerhaft wasserabweisende Behandlung (DWR)<\/p>\n<\/li>\n<li>\n<p class=\"body_default__KVUF_ body_style--basic__yRiHa\">bluesign\u00ae-Produkt<\/p>\n<\/li>\n<li>\n<p class=\"body_default__KVUF_ body_style--basic__yRiHa\">Dauerhaft wasserabweisende (DWR) Behandlung ohne Perfluorkarbon (PFC)<\/p>\n<\/li>\n<\/ul>\n<\/div>\n","protected":false},"excerpt":{"rendered":"<p>Wenn Sie beim Wandern von schlechtem Wetter \u00fcberrascht werden, sch\u00fctzt Sie unsere leichte Loke Terra Micro Jacke f\u00fcr Damen. Diese<\/p>\n","protected":false},"featured_media":751839,"template":"","meta":{"_seopress_robots_primary_cat":"none","_seopress_titles_title":"","_seopress_titles_desc":"","_seopress_robots_index":""},"product_brand":[3645],"product_cat":[1388,974,82],"product_tag":[],"class_list":{"0":"post-752510","1":"product","2":"type-product","3":"status-publish","4":"has-post-thumbnail","6":"product_brand-helly-hansen-de","7":"product_cat-damenbekleidung","8":"product_cat-freizeitkleidung","9":"product_cat-kleidung","10":"sws-gruppo-abb-libero-de","11":"sws-conto-ricavi-merci-rivendita-abbigliamento-de","12":"sws-gruppo-iva-iva81-de","14":"first","15":"instock","16":"sale","17":"shipping-taxable","18":"purchasable","19":"product-type-variable","20":"has-default-attributes"},"_links":{"self":[{"href":"https:\/\/lucacastelli.com\/de\/wp-json\/wp\/v2\/product\/752510","targetHints":{"allow":["GET"]}}],"collection":[{"href":"https:\/\/lucacastelli.com\/de\/wp-json\/wp\/v2\/product"}],"about":[{"href":"https:\/\/lucacastelli.com\/de\/wp-json\/wp\/v2\/types\/product"}],"wp:featuredmedia":[{"embeddable":true,"href":"https:\/\/lucacastelli.com\/de\/wp-json\/wp\/v2\/media\/751839"}],"wp:attachment":[{"href":"https:\/\/lucacastelli.com\/de\/wp-json\/wp\/v2\/media?parent=752510"}],"wp:term":[{"taxonomy":"product_brand","embeddable":true,"href":"https:\/\/lucacastelli.com\/de\/wp-json\/wp\/v2\/product_brand?post=752510"},{"taxonomy":"product_cat","embeddable":true,"href":"https:\/\/lucacastelli.com\/de\/wp-json\/wp\/v2\/product_cat?post=752510"},{"taxonomy":"product_tag","embeddable":true,"href":"https:\/\/lucacastelli.com\/de\/wp-json\/wp\/v2\/product_tag?post=752510"}],"curies":[{"name":"wp","href":"https:\/\/api.w.org\/{rel}","templated":true}]}}