{"id":752495,"date":"2026-02-26T07:59:30","date_gmt":"2026-02-26T06:59:30","guid":{"rendered":"https:\/\/lucacastelli.com\/prodotto\/helly-hansen-loke-terra-jacke-fuer-herren\/"},"modified":"2026-02-26T07:59:30","modified_gmt":"2026-02-26T06:59:30","slug":"helly-hansen-loke-terra-jacke-fuer-herren","status":"publish","type":"product","link":"https:\/\/lucacastelli.com\/de\/produkt\/helly-hansen-loke-terra-jacke-fuer-herren\/","title":{"rendered":"Helly Hansen Loke Terra Jacke f\u00fcr Herren"},"content":{"rendered":"<p>Sch\u00fctzen Sie sich bei Ihren Wanderungen vor unerwarteten Regenschauern mit unserer Loke Terra Jacke f\u00fcr Herren. Diese leichte, platzsparend verpackbare Shell-Jacke bietet zuverl\u00e4ssigen Schutz, wenn Sie ihn am meisten brauchen \u2013 verstauen Sie sie einfach in Ihrem Rucksack, um sie immer griffbereit zu haben. Mit Unterarmbel\u00fcftung, verstellbaren B\u00fcndchen, Kapuze und Saum sowie einer strapazierf\u00e4higen Ripstop-Konstruktion und der vollverschwei\u00dften HELLY TECH\u00ae Protection-Technologie ist diese Jacke \u00e4u\u00dferst praktisch und komfortabel. Zudem verf\u00fcgt sie \u00fcber Einschubtaschen und eine Brusttasche, alle mit wasserabweisenden Rei\u00dfverschl\u00fcssen ausgestattet. Diese Jacke wird aus bluesign\u00ae-zertifizierten Materialien hergestellt.    <\/p>\n<p>&nbsp;<\/p>\n<p>Faserzusammensetzung:<\/p>\n<div class=\"richtext_wrapper__3MzTU blocks_root__vE_15\">Au\u00dfenmaterial: 100 % Polyamid<\/div>\n<p>Pflegehinweise:<\/p>\n<div class=\"richtext_wrapper__3MzTU blocks_root__vE_15\">\n<ul>\n<li>\n<p class=\"body_default__KVUF_ body_style--basic__yRiHa\">HELLY TECH\u00ae SCHUTZ<\/p>\n<\/li>\n<li>\n<p class=\"body_default__KVUF_ body_style--basic__yRiHa\">2,5-Lagen-Konstruktion<\/p>\n<\/li>\n<li>\n<p class=\"body_default__KVUF_ body_style--basic__yRiHa\">Gedrucktes HH\u00ae Logo<\/p>\n<\/li>\n<li>\n<p class=\"body_default__KVUF_ body_style--basic__yRiHa\">Eingrifftaschen<\/p>\n<\/li>\n<li>\n<p class=\"body_default__KVUF_ body_style--basic__yRiHa\">Verstellbare \u00c4rmelb\u00fcndchen<\/p>\n<\/li>\n<li>\n<p class=\"body_default__KVUF_ body_style--basic__yRiHa\">Verstellbare Kapuze und Saum<\/p>\n<\/li>\n<li>\n<p class=\"body_default__KVUF_ body_style--basic__yRiHa\">Brusttasche<\/p>\n<\/li>\n<li>\n<p class=\"body_default__KVUF_ body_style--basic__yRiHa\">Vollst\u00e4ndig versiegelte N\u00e4hte<\/p>\n<\/li>\n<li>\n<p class=\"body_default__KVUF_ body_style--basic__yRiHa\">Bel\u00fcftungsrei\u00dfverschl\u00fcsse unter den Armen<\/p>\n<\/li>\n<li>\n<p class=\"body_default__KVUF_ body_style--basic__yRiHa\">Dauerhaft wasserabweisende Behandlung (DWR)<\/p>\n<\/li>\n<li>\n<p class=\"body_default__KVUF_ body_style--basic__yRiHa\">bluesign\u00ae-Produkt<\/p>\n<\/li>\n<li>\n<p class=\"body_default__KVUF_ body_style--basic__yRiHa\">Dauerhaft wasserabweisende (DWR) Behandlung ohne Perfluorkarbon (PFC)<\/p>\n<\/li>\n<\/ul>\n<\/div>\n","protected":false},"excerpt":{"rendered":"<p>Sch\u00fctzen Sie sich bei Ihren Wanderungen vor unerwarteten Regenschauern mit unserer Loke Terra Jacke f\u00fcr Herren. Diese leichte, platzsparend verpackbare<\/p>\n","protected":false},"featured_media":751772,"template":"","meta":{"_seopress_robots_primary_cat":"none","_seopress_titles_title":"","_seopress_titles_desc":"","_seopress_robots_index":""},"product_brand":[3645],"product_cat":[974,975,82],"product_tag":[],"class_list":{"0":"post-752495","1":"product","2":"type-product","3":"status-publish","4":"has-post-thumbnail","6":"product_brand-helly-hansen-de","7":"product_cat-freizeitkleidung","8":"product_cat-herrenbekleidung","9":"product_cat-kleidung","10":"sws-gruppo-abb-libero-de","11":"sws-conto-ricavi-merci-rivendita-macchinari-de","12":"sws-gruppo-iva-iva81-de","14":"first","15":"instock","16":"sale","17":"shipping-taxable","18":"purchasable","19":"product-type-variable","20":"has-default-attributes"},"_links":{"self":[{"href":"https:\/\/lucacastelli.com\/de\/wp-json\/wp\/v2\/product\/752495","targetHints":{"allow":["GET"]}}],"collection":[{"href":"https:\/\/lucacastelli.com\/de\/wp-json\/wp\/v2\/product"}],"about":[{"href":"https:\/\/lucacastelli.com\/de\/wp-json\/wp\/v2\/types\/product"}],"wp:featuredmedia":[{"embeddable":true,"href":"https:\/\/lucacastelli.com\/de\/wp-json\/wp\/v2\/media\/751772"}],"wp:attachment":[{"href":"https:\/\/lucacastelli.com\/de\/wp-json\/wp\/v2\/media?parent=752495"}],"wp:term":[{"taxonomy":"product_brand","embeddable":true,"href":"https:\/\/lucacastelli.com\/de\/wp-json\/wp\/v2\/product_brand?post=752495"},{"taxonomy":"product_cat","embeddable":true,"href":"https:\/\/lucacastelli.com\/de\/wp-json\/wp\/v2\/product_cat?post=752495"},{"taxonomy":"product_tag","embeddable":true,"href":"https:\/\/lucacastelli.com\/de\/wp-json\/wp\/v2\/product_tag?post=752495"}],"curies":[{"name":"wp","href":"https:\/\/api.w.org\/{rel}","templated":true}]}}