{"id":752460,"date":"2026-02-25T15:40:23","date_gmt":"2026-02-25T14:40:23","guid":{"rendered":"https:\/\/lucacastelli.com\/prodotto\/la-sportiva-trango-pro-woman-gtx\/"},"modified":"2026-02-25T15:40:23","modified_gmt":"2026-02-25T14:40:23","slug":"la-sportiva-trango-pro-woman-gtx","status":"publish","type":"product","link":"https:\/\/lucacastelli.com\/de\/produkt\/la-sportiva-trango-pro-woman-gtx\/","title":{"rendered":"La Sportiva Trango Pro Woman GTX"},"content":{"rendered":"<p>Der Trango Pro Woman Gore-Tex ist ein Bergschuh, der f\u00fcr anspruchsvollste Anwenderinnen entwickelt wurde, die Sicherheit und Performance auf technischen und traditionellen Hochtouren unter sommerlichen Bedingungen suchen. Gefertigt mit Konzepten und Materialien der n\u00e4chsten Generation, wurde der Trango Pro Gore-Tex bis ins kleinste Detail durchdacht, um maximale Technizit\u00e4t, Pr\u00e4zision beim Klettern und ein extrem geringes Gewicht zu gew\u00e4hrleisten \u2013 all dies, um den Anforderungen von Bergprofis und fortgeschrittenen Alpinisten gerecht zu werden. Die neue Trango-Ergo-Passform wurde entwickelt, um sich verschiedenen Fu\u00dfformen optimal anzupassen und diese zu umschlie\u00dfen, was maximale Pr\u00e4zision und Komfort beim Aufstieg erm\u00f6glicht. Die La Sportiva Vortex-Gamasche mit Schnellverschluss verhindert das Eindringen von Ger\u00f6ll und Schnee und sch\u00fctzt die obere Schn\u00fcrung des Schuhs. Die Vibram\u00ae Cube Evo Sohle mit SpringLug Tech-Technologie sorgt f\u00fcr Sto\u00dfd\u00e4mpfung und maximale Leichtigkeit. Sie wurde von den La Sportiva-Technikern entwickelt, um die Kletterperformance durch die breite Climbing Zone an der Spitze zu maximieren und die Traktions- und Bremseigenschaften durch das patentierte Impact Brake System\u2122 zu optimieren. Das wasserdichte GORE-TEX Performance Comfort Futter garantiert maximalen Wetterschutz.     <\/p>\n<p>&nbsp;<\/p>\n<p><strong>Technische Informationen<\/strong><br \/>\n<strong>Futter:<\/strong><br \/>\nGORE-TEX Performance Comfort<br \/>\n<strong>Brandsohle:<\/strong><br \/>\nCarbonverst\u00e4rktes Nylon<br \/>\n<strong>Zwischensohle:<\/strong><br \/>\nPolyurethan mit geringer Dichte und TPU-Einsatz f\u00fcr die hintere Steigeisenaufnahme<br \/>\n<strong>Gewicht:<\/strong><br \/>\n535 g pro Paar<br \/>\n<strong>Patent:<\/strong><br \/>\nImpact Brake System, 3D Flex System Evo\u2122<br \/>\n<strong>Sohle:<\/strong><br \/>\nVibram\u00ae mit SpringLug Tech-Technologie und Impact Brake System<br \/>\n<strong>Gamasche:<\/strong><br \/>\nWasserabweisendes, elastisches und abriebfestes Gewebe mit Vortex\u2122-Verschlusssystem<br \/>\n<strong>Obermaterial:<\/strong><br \/>\nHochfestes, wasserabweisendes Nylon 6,6 mit HoneyComb Guard\u2122 Abriebschutzzonen<\/p>\n","protected":false},"excerpt":{"rendered":"<p>Der Trango Pro Woman Gore-Tex ist ein Bergschuh, der f\u00fcr anspruchsvollste Anwenderinnen entwickelt wurde, die Sicherheit und Performance auf technischen<\/p>\n","protected":false},"featured_media":750713,"template":"","meta":{"_seopress_robots_primary_cat":"","_seopress_titles_title":"","_seopress_titles_desc":"","_seopress_robots_index":""},"product_brand":[3419],"product_cat":[28,568,575],"product_tag":[],"class_list":{"0":"post-752460","1":"product","2":"type-product","3":"status-publish","4":"has-post-thumbnail","6":"product_brand-la-sportiva","7":"product_cat-calzature","8":"product_cat-calzature-per-il-tempo-libero","9":"product_cat-calzature-da-donna","10":"sws-gruppo-abb-libero-de","11":"sws-conto-ricavi-merci-rivendita-abbigliamento-de","12":"sws-gruppo-iva-iva81-de","14":"first","15":"instock","16":"shipping-taxable","17":"purchasable","18":"product-type-variable","19":"has-default-attributes"},"_links":{"self":[{"href":"https:\/\/lucacastelli.com\/de\/wp-json\/wp\/v2\/product\/752460","targetHints":{"allow":["GET"]}}],"collection":[{"href":"https:\/\/lucacastelli.com\/de\/wp-json\/wp\/v2\/product"}],"about":[{"href":"https:\/\/lucacastelli.com\/de\/wp-json\/wp\/v2\/types\/product"}],"wp:featuredmedia":[{"embeddable":true,"href":"https:\/\/lucacastelli.com\/de\/wp-json\/wp\/v2\/media\/750713"}],"wp:attachment":[{"href":"https:\/\/lucacastelli.com\/de\/wp-json\/wp\/v2\/media?parent=752460"}],"wp:term":[{"taxonomy":"product_brand","embeddable":true,"href":"https:\/\/lucacastelli.com\/de\/wp-json\/wp\/v2\/product_brand?post=752460"},{"taxonomy":"product_cat","embeddable":true,"href":"https:\/\/lucacastelli.com\/de\/wp-json\/wp\/v2\/product_cat?post=752460"},{"taxonomy":"product_tag","embeddable":true,"href":"https:\/\/lucacastelli.com\/de\/wp-json\/wp\/v2\/product_tag?post=752460"}],"curies":[{"name":"wp","href":"https:\/\/api.w.org\/{rel}","templated":true}]}}