{"id":750559,"date":"2026-02-22T16:21:38","date_gmt":"2026-02-22T15:21:38","guid":{"rendered":"https:\/\/lucacastelli.com\/prodotto\/milwaukee-fraeser-set-12-mm\/"},"modified":"2026-02-22T16:21:38","modified_gmt":"2026-02-22T15:21:38","slug":"milwaukee-fraeser-set-12-mm","status":"publish","type":"product","link":"https:\/\/lucacastelli.com\/de\/produkt\/milwaukee-fraeser-set-12-mm\/","title":{"rendered":"MILWAUKEE Fr\u00e4ser-Set 12 mm"},"content":{"rendered":"<p>FR\u00c4SER-SET S=12MM- 7-TLG.<br \/>\nSet<\/p>\n<p>Das Set umfasst 7 Fr\u00e4ser mit 2 Schneiden: Nutfr\u00e4ser (10 x 74 mm), Nutfr\u00e4ser (12 x 95 mm), B\u00fcndigfr\u00e4ser (12,7 x 104 mm), Hohlkehlfr\u00e4ser (19 x 73 mm), Falzfr\u00e4ser (31,7 x 9,5 mm), Kantenfr\u00e4ser (31,7 x 53,3 mm), Fasenfr\u00e4ser (31,7 x 63,7 mm)<br \/>\n4058546623562<\/p>\n","protected":false},"excerpt":{"rendered":"<p>FR\u00c4SER-SET S=12MM- 7-TLG. Set Das Set umfasst 7 Fr\u00e4ser mit 2 Schneiden: Nutfr\u00e4ser (10 x 74 mm), Nutfr\u00e4ser (12 x<\/p>\n","protected":false},"featured_media":743721,"template":"","meta":{"_seopress_robots_primary_cat":"","_seopress_titles_title":"","_seopress_titles_desc":"","_seopress_robots_index":""},"product_brand":[3656],"product_cat":[1454,1553,169,1554],"product_tag":[6835],"class_list":{"0":"post-750559","1":"product","2":"type-product","3":"status-publish","4":"has-post-thumbnail","6":"product_brand-milwaukee-de","7":"product_cat-andere-gerate","8":"product_cat-bohrer-und-schraubendreher","9":"product_cat-maschinen","10":"product_cat-zubehor-fur-bohrmaschinen-und-schraubendreher","11":"product_tag-imp-26-mw_new","12":"sws-gruppo-macchinari-de","13":"sws-conto-ricavi-merci-rivendita-macchinari-de","14":"sws-gruppo-iva-iva81-de","16":"first","17":"instock","18":"sale","19":"shipping-taxable","20":"purchasable","21":"product-type-simple"},"_links":{"self":[{"href":"https:\/\/lucacastelli.com\/de\/wp-json\/wp\/v2\/product\/750559","targetHints":{"allow":["GET"]}}],"collection":[{"href":"https:\/\/lucacastelli.com\/de\/wp-json\/wp\/v2\/product"}],"about":[{"href":"https:\/\/lucacastelli.com\/de\/wp-json\/wp\/v2\/types\/product"}],"wp:featuredmedia":[{"embeddable":true,"href":"https:\/\/lucacastelli.com\/de\/wp-json\/wp\/v2\/media\/743721"}],"wp:attachment":[{"href":"https:\/\/lucacastelli.com\/de\/wp-json\/wp\/v2\/media?parent=750559"}],"wp:term":[{"taxonomy":"product_brand","embeddable":true,"href":"https:\/\/lucacastelli.com\/de\/wp-json\/wp\/v2\/product_brand?post=750559"},{"taxonomy":"product_cat","embeddable":true,"href":"https:\/\/lucacastelli.com\/de\/wp-json\/wp\/v2\/product_cat?post=750559"},{"taxonomy":"product_tag","embeddable":true,"href":"https:\/\/lucacastelli.com\/de\/wp-json\/wp\/v2\/product_tag?post=750559"}],"curies":[{"name":"wp","href":"https:\/\/api.w.org\/{rel}","templated":true}]}}