{"id":750541,"date":"2026-02-22T16:21:20","date_gmt":"2026-02-22T15:21:20","guid":{"rendered":"https:\/\/lucacastelli.com\/prodotto\/milwaukee-fraeser-set-1-2-zoll\/"},"modified":"2026-02-22T16:21:20","modified_gmt":"2026-02-22T15:21:20","slug":"milwaukee-fraeser-set-1-2-zoll","status":"publish","type":"product","link":"https:\/\/lucacastelli.com\/de\/produkt\/milwaukee-fraeser-set-1-2-zoll\/","title":{"rendered":"MILWAUKEE Fr\u00e4ser-Set 1\/2 Zoll"},"content":{"rendered":"<p>FR\u00c4SER-SET S=1\/2 (12,7 MM) &#8211; 7-TLG.<br \/>\nSet<\/p>\n<p>Das Set umfasst 7 Fr\u00e4ser mit 2 Schneiden: Nutfr\u00e4ser (12,7 x 76,2 mm), Nutfr\u00e4ser (19 x 63,5 mm), B\u00fcndigfr\u00e4ser (12,7 x 94 mm), Hohlkehlfr\u00e4ser (19 x 73 mm), Fasenfr\u00e4ser (31,7 x 53,3 mm), Falzfr\u00e4ser (31,7 x 9,5 mm), Kantenfr\u00e4ser (31,7 x 63,7 mm)<br \/>\n4058546623531<\/p>\n","protected":false},"excerpt":{"rendered":"<p>FR\u00c4SER-SET S=1\/2 (12,7 MM) &#8211; 7-TLG. Set Das Set umfasst 7 Fr\u00e4ser mit 2 Schneiden: Nutfr\u00e4ser (12,7 x 76,2 mm),<\/p>\n","protected":false},"featured_media":740275,"template":"","meta":{"_seopress_robots_primary_cat":"","_seopress_titles_title":"","_seopress_titles_desc":"","_seopress_robots_index":""},"product_brand":[3657],"product_cat":[5533,165,1551,1556],"product_tag":[6836],"class_list":{"0":"post-750541","1":"product","2":"type-product","3":"status-publish","4":"has-post-thumbnail","6":"product_brand-milwaukee-en","7":"product_cat-various-milwaukee-machines","8":"product_cat-machinery","9":"product_cat-drills-and-screwdrivers","10":"product_cat-accessories-for-drills-and-screwdrivers","11":"product_tag-imp-26-mw_new","12":"sws-gruppo-macchinari-de","13":"sws-conto-ricavi-merci-rivendita-macchinari-de","14":"sws-gruppo-iva-iva81-de","16":"first","17":"instock","18":"sale","19":"shipping-taxable","20":"purchasable","21":"product-type-simple"},"_links":{"self":[{"href":"https:\/\/lucacastelli.com\/de\/wp-json\/wp\/v2\/product\/750541","targetHints":{"allow":["GET"]}}],"collection":[{"href":"https:\/\/lucacastelli.com\/de\/wp-json\/wp\/v2\/product"}],"about":[{"href":"https:\/\/lucacastelli.com\/de\/wp-json\/wp\/v2\/types\/product"}],"wp:featuredmedia":[{"embeddable":true,"href":"https:\/\/lucacastelli.com\/de\/wp-json\/wp\/v2\/media\/740275"}],"wp:attachment":[{"href":"https:\/\/lucacastelli.com\/de\/wp-json\/wp\/v2\/media?parent=750541"}],"wp:term":[{"taxonomy":"product_brand","embeddable":true,"href":"https:\/\/lucacastelli.com\/de\/wp-json\/wp\/v2\/product_brand?post=750541"},{"taxonomy":"product_cat","embeddable":true,"href":"https:\/\/lucacastelli.com\/de\/wp-json\/wp\/v2\/product_cat?post=750541"},{"taxonomy":"product_tag","embeddable":true,"href":"https:\/\/lucacastelli.com\/de\/wp-json\/wp\/v2\/product_tag?post=750541"}],"curies":[{"name":"wp","href":"https:\/\/api.w.org\/{rel}","templated":true}]}}