{"id":750531,"date":"2026-02-22T16:21:27","date_gmt":"2026-02-22T15:21:27","guid":{"rendered":"https:\/\/lucacastelli.com\/prodotto\/milwaukee-fraeser-set-8-mm\/"},"modified":"2026-02-22T16:21:27","modified_gmt":"2026-02-22T15:21:27","slug":"milwaukee-fraeser-set-8-mm","status":"publish","type":"product","link":"https:\/\/lucacastelli.com\/de\/produkt\/milwaukee-fraeser-set-8-mm\/","title":{"rendered":"MILWAUKEE Fr\u00e4ser-Set 8 mm"},"content":{"rendered":"<p>FR\u00c4SER-SET S=8MM &#8211; 7-TLG.<br \/>\nSet<\/p>\n<p>Das Set umfasst 7 Fr\u00e4ser mit 2 Schneiden: Nutfr\u00e4ser (16 x 57,2 mm), B\u00fcndigfr\u00e4ser (12,7 x 70,7 mm), Nutfr\u00e4ser (4,75 x 50,8 mm), Hohlkehlfr\u00e4ser (9,5 x 50,8 mm), Falzfr\u00e4ser (31,7 x 9,5 mm), Kantenfr\u00e4ser (31,7 x 53,3 mm), Fasenfr\u00e4ser (25,4 x 54 mm)<br \/>\n4058546623548<\/p>\n","protected":false},"excerpt":{"rendered":"<p>FR\u00c4SER-SET S=8MM &#8211; 7-TLG. Set Das Set umfasst 7 Fr\u00e4ser mit 2 Schneiden: Nutfr\u00e4ser (16 x 57,2 mm), B\u00fcndigfr\u00e4ser (12,7<\/p>\n","protected":false},"featured_media":740281,"template":"","meta":{"_seopress_robots_primary_cat":"","_seopress_titles_title":"","_seopress_titles_desc":"","_seopress_robots_index":""},"product_brand":[3656],"product_cat":[1553,169,5534,1554],"product_tag":[6835],"class_list":{"0":"post-750531","1":"product","2":"type-product","3":"status-publish","4":"has-post-thumbnail","6":"product_brand-milwaukee-de","7":"product_cat-bohrer-und-schraubendreher","8":"product_cat-maschinen","9":"product_cat-verschiedene-maschinen-von-milwaukee","10":"product_cat-zubehor-fur-bohrmaschinen-und-schraubendreher","11":"product_tag-imp-26-mw_new","12":"sws-gruppo-macchinari-de","13":"sws-conto-ricavi-merci-rivendita-macchinari-de","14":"sws-gruppo-iva-iva81-de","16":"first","17":"instock","18":"sale","19":"shipping-taxable","20":"purchasable","21":"product-type-simple"},"_links":{"self":[{"href":"https:\/\/lucacastelli.com\/de\/wp-json\/wp\/v2\/product\/750531","targetHints":{"allow":["GET"]}}],"collection":[{"href":"https:\/\/lucacastelli.com\/de\/wp-json\/wp\/v2\/product"}],"about":[{"href":"https:\/\/lucacastelli.com\/de\/wp-json\/wp\/v2\/types\/product"}],"wp:featuredmedia":[{"embeddable":true,"href":"https:\/\/lucacastelli.com\/de\/wp-json\/wp\/v2\/media\/740281"}],"wp:attachment":[{"href":"https:\/\/lucacastelli.com\/de\/wp-json\/wp\/v2\/media?parent=750531"}],"wp:term":[{"taxonomy":"product_brand","embeddable":true,"href":"https:\/\/lucacastelli.com\/de\/wp-json\/wp\/v2\/product_brand?post=750531"},{"taxonomy":"product_cat","embeddable":true,"href":"https:\/\/lucacastelli.com\/de\/wp-json\/wp\/v2\/product_cat?post=750531"},{"taxonomy":"product_tag","embeddable":true,"href":"https:\/\/lucacastelli.com\/de\/wp-json\/wp\/v2\/product_tag?post=750531"}],"curies":[{"name":"wp","href":"https:\/\/api.w.org\/{rel}","templated":true}]}}