{"id":750413,"date":"2026-02-22T16:34:03","date_gmt":"2026-02-22T15:34:03","guid":{"rendered":"https:\/\/lucacastelli.com\/prodotto\/milwaukee-saebelsaegeblatt-set-2\/"},"modified":"2026-02-22T16:34:03","modified_gmt":"2026-02-22T15:34:03","slug":"milwaukee-saebelsaegeblatt-set-2","status":"publish","type":"product","link":"https:\/\/lucacastelli.com\/de\/produkt\/milwaukee-saebelsaegeblatt-set-2\/","title":{"rendered":"MILWAUKEE S\u00e4bels\u00e4geblatt-Set"},"content":{"rendered":"<p>S\u00c4GEBLATT-SET SD CARBIDE 5-tlg.<br \/>\nSAWZALL\u2122 S\u00e4bels\u00e4geblatt-Set<\/p>\n<p>Holz mit N\u00e4geln: 2 x AX\u2122 Carbide-best\u00fcckt &#8211; 230 mm x 6 TPI, Metall 2x TORCH\u2122 Carbide-best\u00fcckt &#8211; 230 mm x 8 TPI, 1 x TORCH\u2122 Carbide-best\u00fcckt &#8211; 150 mm x 8 TPI<br \/>\n45242481446<\/p>\n","protected":false},"excerpt":{"rendered":"<p>S\u00c4GEBLATT-SET SD CARBIDE 5-tlg. SAWZALL\u2122 S\u00e4bels\u00e4geblatt-Set Holz mit N\u00e4geln: 2 x AX\u2122 Carbide-best\u00fcckt &#8211; 230 mm x 6 TPI, Metall<\/p>\n","protected":false},"featured_media":740393,"template":"","meta":{"_seopress_robots_primary_cat":"","_seopress_titles_title":"","_seopress_titles_desc":"","_seopress_robots_index":""},"product_brand":[3656],"product_cat":[1454,169,1535],"product_tag":[6835],"class_list":{"0":"post-750413","1":"product","2":"type-product","3":"status-publish","4":"has-post-thumbnail","6":"product_brand-milwaukee-de","7":"product_cat-andere-gerate","8":"product_cat-maschinen","9":"product_cat-sagen","10":"product_tag-imp-26-mw_new","11":"sws-gruppo-macchinari-de","12":"sws-conto-ricavi-merci-rivendita-macchinari-de","13":"sws-gruppo-iva-iva81-de","15":"first","16":"instock","17":"sale","18":"shipping-taxable","19":"purchasable","20":"product-type-simple"},"_links":{"self":[{"href":"https:\/\/lucacastelli.com\/de\/wp-json\/wp\/v2\/product\/750413","targetHints":{"allow":["GET"]}}],"collection":[{"href":"https:\/\/lucacastelli.com\/de\/wp-json\/wp\/v2\/product"}],"about":[{"href":"https:\/\/lucacastelli.com\/de\/wp-json\/wp\/v2\/types\/product"}],"wp:featuredmedia":[{"embeddable":true,"href":"https:\/\/lucacastelli.com\/de\/wp-json\/wp\/v2\/media\/740393"}],"wp:attachment":[{"href":"https:\/\/lucacastelli.com\/de\/wp-json\/wp\/v2\/media?parent=750413"}],"wp:term":[{"taxonomy":"product_brand","embeddable":true,"href":"https:\/\/lucacastelli.com\/de\/wp-json\/wp\/v2\/product_brand?post=750413"},{"taxonomy":"product_cat","embeddable":true,"href":"https:\/\/lucacastelli.com\/de\/wp-json\/wp\/v2\/product_cat?post=750413"},{"taxonomy":"product_tag","embeddable":true,"href":"https:\/\/lucacastelli.com\/de\/wp-json\/wp\/v2\/product_tag?post=750413"}],"curies":[{"name":"wp","href":"https:\/\/api.w.org\/{rel}","templated":true}]}}