{"id":750206,"date":"2026-02-22T16:39:06","date_gmt":"2026-02-22T15:39:06","guid":{"rendered":"https:\/\/lucacastelli.com\/prodotto\/milwaukee-bogensaege-3\/"},"modified":"2026-02-22T16:39:06","modified_gmt":"2026-02-22T15:39:06","slug":"milwaukee-bogensaege-3","status":"publish","type":"product","link":"https:\/\/lucacastelli.com\/de\/produkt\/milwaukee-bogensaege-3\/","title":{"rendered":"MILWAUKEE Bogens\u00e4ge"},"content":{"rendered":"<p>B\u00fcgels\u00e4ge 300 mm &#8211; 1 Stk.<br \/>\nB\u00fcgels\u00e4ge<\/p>\n<p>300 mm (12 Zoll) \/ Metalls\u00e4geblatt 24 TPI<br \/>\n4058546619718<\/p>\n","protected":false},"excerpt":{"rendered":"<p>B\u00fcgels\u00e4ge 300 mm &#8211; 1 Stk. B\u00fcgels\u00e4ge 300 mm (12 Zoll) \/ Metalls\u00e4geblatt 24 TPI 4058546619718<\/p>\n","protected":false},"featured_media":740505,"template":"","meta":{"_seopress_robots_primary_cat":"","_seopress_titles_title":"","_seopress_titles_desc":"","_seopress_robots_index":""},"product_brand":[3656],"product_cat":[5529,150],"product_tag":[6835],"class_list":{"0":"post-750206","1":"product","2":"type-product","3":"status-publish","4":"has-post-thumbnail","6":"product_brand-milwaukee-de","7":"product_cat-workshop-tools","8":"product_cat-ausrustung","9":"product_tag-imp-26-mw_new","10":"sws-gruppo-macchinari-de","11":"sws-conto-ricavi-merci-rivendita-macchinari-de","12":"sws-gruppo-iva-iva81-de","14":"first","15":"instock","16":"sale","17":"shipping-taxable","18":"purchasable","19":"product-type-simple"},"_links":{"self":[{"href":"https:\/\/lucacastelli.com\/de\/wp-json\/wp\/v2\/product\/750206","targetHints":{"allow":["GET"]}}],"collection":[{"href":"https:\/\/lucacastelli.com\/de\/wp-json\/wp\/v2\/product"}],"about":[{"href":"https:\/\/lucacastelli.com\/de\/wp-json\/wp\/v2\/types\/product"}],"wp:featuredmedia":[{"embeddable":true,"href":"https:\/\/lucacastelli.com\/de\/wp-json\/wp\/v2\/media\/740505"}],"wp:attachment":[{"href":"https:\/\/lucacastelli.com\/de\/wp-json\/wp\/v2\/media?parent=750206"}],"wp:term":[{"taxonomy":"product_brand","embeddable":true,"href":"https:\/\/lucacastelli.com\/de\/wp-json\/wp\/v2\/product_brand?post=750206"},{"taxonomy":"product_cat","embeddable":true,"href":"https:\/\/lucacastelli.com\/de\/wp-json\/wp\/v2\/product_cat?post=750206"},{"taxonomy":"product_tag","embeddable":true,"href":"https:\/\/lucacastelli.com\/de\/wp-json\/wp\/v2\/product_tag?post=750206"}],"curies":[{"name":"wp","href":"https:\/\/api.w.org\/{rel}","templated":true}]}}