{"id":748799,"date":"2026-02-25T09:16:02","date_gmt":"2026-02-25T08:16:02","guid":{"rendered":"https:\/\/lucacastelli.com\/prodotto\/milwaukee-pro-compact-bandmass-5-m-25-mm\/"},"modified":"2026-02-25T09:26:37","modified_gmt":"2026-02-25T08:26:37","slug":"milwaukee-pro-compact-bandmass-5-m-25-mm","status":"publish","type":"product","link":"https:\/\/lucacastelli.com\/de\/produkt\/milwaukee-pro-compact-bandmass-5-m-25-mm\/","title":{"rendered":"Milwaukee Pro-Compact Bandma\u00df 5 m, 25 mm"},"content":{"rendered":"<ul>\n<li>Standfestes Band: misst bis zu 2 m ohne abzuknicken.<\/li>\n<li>Fingertipp-Stopp f\u00fcr schnelles und kontrolliertes Einziehen des Ma\u00dfbandes.<\/li>\n<li>Standfestes Band: misst bis zu 3,2 m ohne abzuknicken.<\/li>\n<li>G\u00fcrtelclip aus Draht f\u00fcr einfache Befestigung und weniger Verschlei\u00df an der Hosentasche.<\/li>\n<li>Ergonomisches Design f\u00fcr besseren Halt und pr\u00e4zise Anwendung.<\/li>\n<li>Rei\u00dffeste Beschichtung verst\u00e4rkt die ersten 15 cm des Bandes.<\/li>\n<li>\u00d6se zur sicheren Befestigung einer Handschlaufe.<\/li>\n<li>Verf\u00fcgbare L\u00e4ngen: 3 m, 5 m, 8 m.<\/li>\n<\/ul>\n","protected":false},"excerpt":{"rendered":"<p>Standfestes Band: misst bis zu 2 m ohne abzuknicken. Fingertipp-Stopp f\u00fcr schnelles und kontrolliertes Einziehen des Ma\u00dfbandes. Standfestes Band: misst<\/p>\n","protected":false},"featured_media":748734,"template":"","meta":{"_seopress_robots_primary_cat":"","_seopress_titles_title":"","_seopress_titles_desc":"","_seopress_robots_index":""},"product_brand":[3656],"product_cat":[1454,1396,150,169,1470,1494],"product_tag":[],"class_list":{"0":"post-748799","1":"product","2":"type-product","3":"status-publish","4":"has-post-thumbnail","6":"product_brand-milwaukee-de","7":"product_cat-andere-gerate","8":"product_cat-arbeitsausrustung","9":"product_cat-ausrustung","10":"product_cat-maschinen","11":"product_cat-messgerate","12":"product_cat-sonstige-arbeitsausrustung","13":"sws-gruppo-macchinari-de","14":"sws-conto-ricavi-merci-rivendita-macchinari-de","15":"sws-gruppo-iva-iva81-de","17":"first","18":"instock","19":"shipping-taxable","20":"purchasable","21":"product-type-simple"},"_links":{"self":[{"href":"https:\/\/lucacastelli.com\/de\/wp-json\/wp\/v2\/product\/748799","targetHints":{"allow":["GET"]}}],"collection":[{"href":"https:\/\/lucacastelli.com\/de\/wp-json\/wp\/v2\/product"}],"about":[{"href":"https:\/\/lucacastelli.com\/de\/wp-json\/wp\/v2\/types\/product"}],"wp:featuredmedia":[{"embeddable":true,"href":"https:\/\/lucacastelli.com\/de\/wp-json\/wp\/v2\/media\/748734"}],"wp:attachment":[{"href":"https:\/\/lucacastelli.com\/de\/wp-json\/wp\/v2\/media?parent=748799"}],"wp:term":[{"taxonomy":"product_brand","embeddable":true,"href":"https:\/\/lucacastelli.com\/de\/wp-json\/wp\/v2\/product_brand?post=748799"},{"taxonomy":"product_cat","embeddable":true,"href":"https:\/\/lucacastelli.com\/de\/wp-json\/wp\/v2\/product_cat?post=748799"},{"taxonomy":"product_tag","embeddable":true,"href":"https:\/\/lucacastelli.com\/de\/wp-json\/wp\/v2\/product_tag?post=748799"}],"curies":[{"name":"wp","href":"https:\/\/api.w.org\/{rel}","templated":true}]}}