{"id":747720,"date":"2026-02-24T18:16:22","date_gmt":"2026-02-24T17:16:22","guid":{"rendered":"https:\/\/lucacastelli.com\/prodotto\/stihl-rma-239-ak-system-akku-rasenmaeher-nur-geraet\/"},"modified":"2026-02-24T18:16:22","modified_gmt":"2026-02-24T17:16:22","slug":"stihl-rma-239-ak-system-akku-rasenmaeher-nur-geraet","status":"publish","type":"product","link":"https:\/\/lucacastelli.com\/de\/produkt\/stihl-rma-239-ak-system-akku-rasenmaeher-nur-geraet\/","title":{"rendered":"STIHL RMA 239 &#8211; AK-System Akku-Rasenm\u00e4her (nur Ger\u00e4t)"},"content":{"rendered":"<p>F\u00fcr effizientes und leichtes M\u00e4hen kleiner und mittlerer Fl\u00e4chen<br \/>\nBei der Pflege des privaten Gartens ist der leichte und handliche Akku-Rasenm\u00e4her STIHL RMA 239 mit einer Schnittbreite von 37 cm das ideale Ger\u00e4t, wenn Sie Ihren Rasen einfach und emissionsfrei m\u00e4hen m\u00f6chten. Der STIHL RMA 239 \u00fcberzeugt mit einer Batterie des STIHL AK-Systems durch sein geringes Gewicht und hohe Effizienz beim M\u00e4hen mittelgro\u00dfer Rasenfl\u00e4chen. <\/p>\n<p>Das Polymergeh\u00e4use des Akku-Rasenm\u00e4hers STIHL RMA 239 ist leicht und sehr robust. Dank des luftstromoptimierten Messers k\u00f6nnen Sie energiesparend arbeiten und eine bessere Fl\u00e4chenleistung erzielen. \u00dcber die zentrale Schnitth\u00f6henverstellung k\u00f6nnen Sie die gew\u00fcnschte Rasenl\u00e4nge in 5 Stufen von 30 mm bis 70 mm einstellen. Der klappbare 40-Liter-Grasfangkorb l\u00e4sst sich mit wenigen Handgriffen einfach entleeren. Transport und vor allem Lagerung sind sehr komfortabel, da der klappbare Holm eine platzsparende Aufbewahrung des Rasenm\u00e4hers erm\u00f6glicht.   <\/p>\n<p>In unserer \u00dcbersicht zu den Lauf- und Ladezeiten der STIHL Akkus k\u00f6nnen Sie sehen, wie viel Rasenfl\u00e4che Sie mit einer Akkuladung Ihres Akku-Rasenm\u00e4hers STIHL RMA 239 bearbeiten k\u00f6nnen und wie lange der Akku zum Aufladen ben\u00f6tigt.<\/p>\n<p>&nbsp;<\/p>\n<p>&nbsp;<\/p>\n<table data-test-id=\"pdp-spec-tech-table\">\n<tbody>\n<tr>\n<td>Akkusystem<\/td>\n<td>AK<\/td>\n<\/tr>\n<tr>\n<td>Antrieb<\/td>\n<td>&#8212;<\/td>\n<\/tr>\n<tr>\n<td>Empfohlener Akku<\/td>\n<td>AK 20<\/td>\n<\/tr>\n<tr>\n<td>Ger\u00e4tegewicht ohne Akku<\/td>\n<td>14 kg<\/td>\n<\/tr>\n<tr>\n<td>Schnittbreite<\/td>\n<td>37 cm<\/td>\n<\/tr>\n<tr>\n<td>Schnitth\u00f6he<\/td>\n<td>30 &#8211; 70 mm<\/td>\n<\/tr>\n<tr>\n<td>Nenndrehzahl Arbeitswerkzeug<\/td>\n<td>3350 U\/min<\/td>\n<\/tr>\n<tr>\n<td>Max. Fl\u00e4che pro Akkuladung AK 10<\/td>\n<td>120 m\u00b2<\/td>\n<\/tr>\n<tr>\n<td>Max. Fl\u00e4che pro Akkuladung AK 20<\/td>\n<td>250 m\u00b2<\/td>\n<\/tr>\n<tr>\n<td>Max. Fl\u00e4che pro Akkuladung AK 30<\/td>\n<td>330 m\u00b2<\/td>\n<\/tr>\n<tr>\n<td>Max. Fl\u00e4che pro Akkuladung AK 30 S<\/td>\n<td>330 m\u00b2<\/td>\n<\/tr>\n<tr>\nFassungsverm\u00f6gen der <\/p>\n<td>Grassammelbox<\/td>\n<td>40 l<\/td>\n<\/tr>\n<tr>\n<td>Ger\u00e4tebreite ohne Anbauger\u00e4te<\/td>\n<td>42 cm<\/td>\n<\/tr>\n<tr>\n<td>Max. Ger\u00e4teh\u00f6he<\/td>\n<td>107 cm<\/td>\n<\/tr>\n<tr>\n<td>Vorderraddurchmesser<\/td>\n<td>150 mm<\/td>\n<\/tr>\n<tr>\n<td>Hinterraddurchmesser<\/td>\n<td>180 mm<\/td>\n<\/tr>\n<tr>\n<td>Schalldruckpegel gemessen LpA<\/td>\n<td>76 dB(A)<\/td>\n<\/tr>\n<tr>\n<td>Garantierter Schallleistungspegel LWA<\/td>\n<td>91 dB(A)<\/td>\n<\/tr>\n<tr>\n<td>Unsicherheitsfaktor Schalldruckpegel KpA<\/td>\n<td>2 dB(A)<\/td>\n<\/tr>\n<tr>\n<td>Vibration F\u00fchrungsholm ahw<\/td>\n<td>1,40 m\/s\u00b2<\/td>\n<\/tr>\n<tr>\n<td>Vibration Unsicherheit K<\/td>\n<td>0,70 m\/s\u00b2<\/td>\n<\/tr>\n<\/tbody>\n<\/table>\n","protected":false},"excerpt":{"rendered":"<p>F\u00fcr effizientes und leichtes M\u00e4hen kleiner und mittlerer Fl\u00e4chen Bei der Pflege des privaten Gartens ist der leichte und handliche<\/p>\n","protected":false},"featured_media":747612,"template":"","meta":{"_seopress_robots_primary_cat":"","_seopress_titles_title":"","_seopress_titles_desc":"","_seopress_robots_index":""},"product_brand":[3554],"product_cat":[169,1656,1665],"product_tag":[],"class_list":{"0":"post-747720","1":"product","2":"type-product","3":"status-publish","4":"has-post-thumbnail","6":"product_brand-stihl-de","7":"product_cat-maschinen","8":"product_cat-rasenmaher-und-roboter","9":"product_cat-akku-rasenmaher","10":"sws-gruppo-macchinari-de","11":"sws-conto-ricavi-merci-rivendita-macchinari-de","12":"sws-gruppo-iva-iva81-de","14":"first","15":"instock","16":"shipping-taxable","17":"purchasable","18":"product-type-simple"},"_links":{"self":[{"href":"https:\/\/lucacastelli.com\/de\/wp-json\/wp\/v2\/product\/747720","targetHints":{"allow":["GET"]}}],"collection":[{"href":"https:\/\/lucacastelli.com\/de\/wp-json\/wp\/v2\/product"}],"about":[{"href":"https:\/\/lucacastelli.com\/de\/wp-json\/wp\/v2\/types\/product"}],"wp:featuredmedia":[{"embeddable":true,"href":"https:\/\/lucacastelli.com\/de\/wp-json\/wp\/v2\/media\/747612"}],"wp:attachment":[{"href":"https:\/\/lucacastelli.com\/de\/wp-json\/wp\/v2\/media?parent=747720"}],"wp:term":[{"taxonomy":"product_brand","embeddable":true,"href":"https:\/\/lucacastelli.com\/de\/wp-json\/wp\/v2\/product_brand?post=747720"},{"taxonomy":"product_cat","embeddable":true,"href":"https:\/\/lucacastelli.com\/de\/wp-json\/wp\/v2\/product_cat?post=747720"},{"taxonomy":"product_tag","embeddable":true,"href":"https:\/\/lucacastelli.com\/de\/wp-json\/wp\/v2\/product_tag?post=747720"}],"curies":[{"name":"wp","href":"https:\/\/api.w.org\/{rel}","templated":true}]}}