{"id":747708,"date":"2026-02-24T18:17:26","date_gmt":"2026-02-24T17:17:26","guid":{"rendered":"https:\/\/lucacastelli.com\/prodotto\/stihl-rma-239-set-ak-system-akku-rasenmaeher-mit-akku-ak-20-und-ladegeraet-al-101\/"},"modified":"2026-02-24T18:17:26","modified_gmt":"2026-02-24T17:17:26","slug":"stihl-rma-239-set-ak-system-akku-rasenmaeher-mit-akku-ak-20-und-ladegeraet-al-101","status":"publish","type":"product","link":"https:\/\/lucacastelli.com\/de\/produkt\/stihl-rma-239-set-ak-system-akku-rasenmaeher-mit-akku-ak-20-und-ladegeraet-al-101\/","title":{"rendered":"STIHL RMA 239 Set &#8211; AK-System Akku-Rasenm\u00e4her mit Akku AK 20 und Ladeger\u00e4t AL 101"},"content":{"rendered":"<p>Akku-Rasenm\u00e4her RMA 239 im Set mit Akku AK 20 und Ladeger\u00e4t AL 101: f\u00fcr effizientes und leichtes M\u00e4hen kleiner bis mittlerer Fl\u00e4chen<br \/>\nDer STIHL Akku-Rasenm\u00e4her RMA 239 im Set mit Akku AK 20 und Ladeger\u00e4t AL 101 ist die ideale L\u00f6sung f\u00fcr die private Gartenpflege und erm\u00f6glicht einen sofortigen Start, auch ohne vorhandene AK-System-Komponenten. Mit einer Akkuladung k\u00f6nnen bis zu 250 m\u00b2 gem\u00e4ht werden. Die Schnittbreite von 37 cm sorgt f\u00fcr Leichtigkeit und hohe Effizienz auf mittelgro\u00dfen Fl\u00e4chen.  <\/p>\n<p>Das str\u00f6mungsoptimierte Messer sorgt f\u00fcr einen geringeren Energieverbrauch und eine h\u00f6here Fl\u00e4chenleistung. Das Polymergeh\u00e4use ist leicht und robust. Die zentrale 5-stufige Schnitth\u00f6henverstellung (30\u201370 mm) bietet maximale Flexibilit\u00e4t. Der klappbare 40-l-Grasfangkorb l\u00e4sst sich einfach entleeren, w\u00e4hrend der klappbare Holm den Transport und die platzsparende Lagerung erleichtert.   <\/p>\n<p>&nbsp;<\/p>\n<p>&nbsp;<\/p>\n<table data-test-id=\"pdp-spec-tech-table\">\n<tbody>\n<tr>\n<td>Akkusystem<\/td>\n<td>AK<\/td>\n<\/tr>\n<tr>\n<td>Antrieb<\/td>\n<td>&#8212;<\/td>\n<\/tr>\n<tr>\n<td>Empfohlener Akku<\/td>\n<td>AK 20<\/td>\n<\/tr>\n<tr>\n<td>Gewicht des Ger\u00e4tes ohne Akku<\/td>\n<td>ca. 13 kg<\/td>\n<\/tr>\n<tr>\n<td>Schnittbreite<\/td>\n<td>37 cm<\/td>\n<\/tr>\n<tr>\n<td>Schnitth\u00f6he<\/td>\n<td>30 &#8211; 70 mm<\/td>\n<\/tr>\n<tr>\n<td>Nenndrehzahl Arbeitswerkzeug<\/td>\n<td>3350 U\/min<\/td>\n<\/tr>\n<tr>\n<td>Max. Fl\u00e4che pro Akkuladung AK 10<\/td>\n<td>120 m\u00b2<\/td>\n<\/tr>\n<tr>\n<td>Max. Fl\u00e4che pro Akkuladung AK 20<\/td>\n<td>250 m\u00b2<\/td>\n<\/tr>\n<tr>\n<td>Max. Fl\u00e4che pro Akkuladung AK 30<\/td>\n<td>330 m\u00b2<\/td>\n<\/tr>\n<tr>\n<td>Max. Fl\u00e4che pro Akkuladung AK 30 S<\/td>\n<td>330 m\u00b2<\/td>\n<\/tr>\n<tr>\nFassungsverm\u00f6gen der <\/p>\n<td>Grassammelbox<\/td>\n<td>40 l<\/td>\n<\/tr>\n<tr>\n<td>Ger\u00e4tebreite ohne Anbauteile<\/td>\n<td>42 cm<\/td>\n<\/tr>\n<tr>\n<td>Maximale Ger\u00e4teh\u00f6he<\/td>\n<td>107 cm<\/td>\n<\/tr>\n<tr>\n<td>Vorderraddurchmesser<\/td>\n<td>150 mm<\/td>\n<\/tr>\n<tr>\n<td>Hinterraddurchmesser<\/td>\n<td>180 mm<\/td>\n<\/tr>\n<tr>\n<td>Gemessener Schalldruckpegel LpA<\/td>\n<td>76 dB(A)<\/td>\n<\/tr>\n<tr>\n<td>Garantierter Schallleistungspegel LWA<\/td>\n<td>91 dB(A)<\/td>\n<\/tr>\n<tr>\n<td>Unsicherheitsfaktor Schalldruckpegel KpA<\/td>\n<td>2 dB(A)<\/td>\n<\/tr>\n<tr>\n<td>Vibration F\u00fchrungsholm ahw<\/td>\n<td>1,40 m\/s\u00b2<\/td>\n<\/tr>\n<tr>\n<td>Unsicherheit K Vibration<\/td>\n<td>0,70 m\/s\u00b2<\/td>\n<\/tr>\n<\/tbody>\n<\/table>\n","protected":false},"excerpt":{"rendered":"<p>Akku-Rasenm\u00e4her RMA 239 im Set mit Akku AK 20 und Ladeger\u00e4t AL 101: f\u00fcr effizientes und leichtes M\u00e4hen kleiner bis<\/p>\n","protected":false},"featured_media":747615,"template":"","meta":{"_seopress_robots_primary_cat":"none","_seopress_titles_title":"","_seopress_titles_desc":"","_seopress_robots_index":""},"product_brand":[3554],"product_cat":[169,1656,1665],"product_tag":[],"class_list":{"0":"post-747708","1":"product","2":"type-product","3":"status-publish","4":"has-post-thumbnail","6":"product_brand-stihl-de","7":"product_cat-maschinen","8":"product_cat-rasenmaher-und-roboter","9":"product_cat-akku-rasenmaher","10":"sws-gruppo-macchinari-de","11":"sws-conto-ricavi-merci-rivendita-macchinari-de","12":"sws-gruppo-iva-iva81-de","14":"first","15":"instock","16":"shipping-taxable","17":"purchasable","18":"product-type-simple"},"_links":{"self":[{"href":"https:\/\/lucacastelli.com\/de\/wp-json\/wp\/v2\/product\/747708","targetHints":{"allow":["GET"]}}],"collection":[{"href":"https:\/\/lucacastelli.com\/de\/wp-json\/wp\/v2\/product"}],"about":[{"href":"https:\/\/lucacastelli.com\/de\/wp-json\/wp\/v2\/types\/product"}],"wp:featuredmedia":[{"embeddable":true,"href":"https:\/\/lucacastelli.com\/de\/wp-json\/wp\/v2\/media\/747615"}],"wp:attachment":[{"href":"https:\/\/lucacastelli.com\/de\/wp-json\/wp\/v2\/media?parent=747708"}],"wp:term":[{"taxonomy":"product_brand","embeddable":true,"href":"https:\/\/lucacastelli.com\/de\/wp-json\/wp\/v2\/product_brand?post=747708"},{"taxonomy":"product_cat","embeddable":true,"href":"https:\/\/lucacastelli.com\/de\/wp-json\/wp\/v2\/product_cat?post=747708"},{"taxonomy":"product_tag","embeddable":true,"href":"https:\/\/lucacastelli.com\/de\/wp-json\/wp\/v2\/product_tag?post=747708"}],"curies":[{"name":"wp","href":"https:\/\/api.w.org\/{rel}","templated":true}]}}