{"id":747691,"date":"2026-02-24T15:00:17","date_gmt":"2026-02-24T14:00:17","guid":{"rendered":"https:\/\/lucacastelli.com\/prodotto\/milwaukee-sicherheitsstiefel-armourtred-s3s-schwarz\/"},"modified":"2026-02-24T15:00:17","modified_gmt":"2026-02-24T14:00:17","slug":"milwaukee-sicherheitsstiefel-armourtred-s3s-schwarz","status":"publish","type":"product","link":"https:\/\/lucacastelli.com\/de\/produkt\/milwaukee-sicherheitsstiefel-armourtred-s3s-schwarz\/","title":{"rendered":"Milwaukee Sicherheitsstiefel Armourtred\u2122 S3S schwarz"},"content":{"rendered":"<p>Eigenschaften<br \/>\nRobuste und sch\u00fctzende Sicherheitsstiefel f\u00fcr den Schutz auf Baustellen.<br \/>\nENERGY FOAM Fersend\u00e4mpfungssystem f\u00fcr \u00fcberlegene Energier\u00fcckgabe und maximalen Komfort.<br \/>\nSTEP-RELEASE\u2122 Ferse f\u00fcr bequemes und schnelles Ausziehen des Schuhs.<br \/>\nROLLCAGE\u2122 Fersenstabilisator f\u00fcr hohe Stabilit\u00e4t auch auf schwierigem Gel\u00e4nde.<br \/>\nSHOCKSHIELD Vorderkappenschutz f\u00fcr erh\u00f6hten Schutz und verst\u00e4rkte Gummisohle mit robusten Stollen f\u00fcr beste Haftung auf schwierigem Gel\u00e4nde.<br \/>\nTasche zur Aufbewahrung der Schn\u00fcrsenkel, um unbeabsichtigtes \u00d6ffnen, Stolpergefahr und Besch\u00e4digung der Schn\u00fcrsenkel zu vermeiden.<br \/>\nObermaterial aus Vollnarbenleder zum Schutz vor Wasser, Staub und Schmutz und leicht zu reinigen.<br \/>\nSohle mit Grip f\u00fcr sicheres Treppensteigen.<br \/>\nVerst\u00e4rkte Zehenkappe f\u00fcr erh\u00f6hten Schutz und Langlebigkeit der Spitze.<br \/>\n\u00dcberlegene Haftung zur Vermeidung von Ausrutschen.<br \/>\nHitzebest\u00e4ndige Sohle bis 300 \u00b0C.<br \/>\nESD-zertifiziert (elektrostatische Entladung).<br \/>\nZertifiziert nach EN ISO 20345:2022 S3S ESD CI HI HRO SC FO LG SR.<br \/>\nVerf\u00fcgbare Gr\u00f6\u00dfen: 39-48.<\/p>\n","protected":false},"excerpt":{"rendered":"<p>Eigenschaften Robuste und sch\u00fctzende Sicherheitsstiefel f\u00fcr den Schutz auf Baustellen. ENERGY FOAM Fersend\u00e4mpfungssystem f\u00fcr \u00fcberlegene Energier\u00fcckgabe und maximalen Komfort. STEP-RELEASE\u2122<\/p>\n","protected":false},"featured_media":747150,"template":"","meta":{"_seopress_robots_primary_cat":"none","_seopress_titles_title":"","_seopress_titles_desc":"","_seopress_robots_index":""},"product_brand":[3656],"product_cat":[1424,175],"product_tag":[],"class_list":{"0":"post-747691","1":"product","2":"type-product","3":"status-publish","4":"has-post-thumbnail","6":"product_brand-milwaukee-de","7":"product_cat-arbeitsschuhe","8":"product_cat-schuhe","9":"sws-gruppo-abb-libero-de","10":"sws-conto-ricavi-merci-rivendita-abbigliamento-de","11":"sws-gruppo-iva-iva81-de","13":"first","14":"instock","15":"sale","16":"shipping-taxable","17":"purchasable","18":"product-type-variable","19":"has-default-attributes"},"_links":{"self":[{"href":"https:\/\/lucacastelli.com\/de\/wp-json\/wp\/v2\/product\/747691","targetHints":{"allow":["GET"]}}],"collection":[{"href":"https:\/\/lucacastelli.com\/de\/wp-json\/wp\/v2\/product"}],"about":[{"href":"https:\/\/lucacastelli.com\/de\/wp-json\/wp\/v2\/types\/product"}],"wp:featuredmedia":[{"embeddable":true,"href":"https:\/\/lucacastelli.com\/de\/wp-json\/wp\/v2\/media\/747150"}],"wp:attachment":[{"href":"https:\/\/lucacastelli.com\/de\/wp-json\/wp\/v2\/media?parent=747691"}],"wp:term":[{"taxonomy":"product_brand","embeddable":true,"href":"https:\/\/lucacastelli.com\/de\/wp-json\/wp\/v2\/product_brand?post=747691"},{"taxonomy":"product_cat","embeddable":true,"href":"https:\/\/lucacastelli.com\/de\/wp-json\/wp\/v2\/product_cat?post=747691"},{"taxonomy":"product_tag","embeddable":true,"href":"https:\/\/lucacastelli.com\/de\/wp-json\/wp\/v2\/product_tag?post=747691"}],"curies":[{"name":"wp","href":"https:\/\/api.w.org\/{rel}","templated":true}]}}