{"id":747022,"date":"2026-02-24T13:25:47","date_gmt":"2026-02-24T12:25:47","guid":{"rendered":"https:\/\/lucacastelli.com\/prodotto\/milwaukee-strickmuetze-bnc-2\/"},"modified":"2026-02-24T13:25:47","modified_gmt":"2026-02-24T12:25:47","slug":"milwaukee-strickmuetze-bnc-2","status":"publish","type":"product","link":"https:\/\/lucacastelli.com\/de\/produkt\/milwaukee-strickmuetze-bnc-2\/","title":{"rendered":"Milwaukee Strickm\u00fctze BNC"},"content":{"rendered":"<ul>\n<li>Das doppellagige Strickgewebe h\u00e4lt die W\u00e4rme am Kopf in kalten Umgebungen<\/li>\n<li>Aus 100% Acrylmaterial f\u00fcr optimalen Komfort<\/li>\n<li>Das flexible Strickdesign passt sich perfekt der Kopfform an, ohne sich zu verformen<\/li>\n<\/ul>\n<p><b>Technische Daten:<\/b><\/p>\n<p><b>Gr\u00f6\u00dfe: <\/b>Einheitsgr\u00f6\u00dfe<\/p>\n<p><b>Inhalt: <\/b>1<\/p>\n<p><b>Material: <\/b>100% Acryl, 2-lagig, 3 x 1 Rippstrick<\/p>\n","protected":false},"excerpt":{"rendered":"<p>Das doppellagige Strickgewebe h\u00e4lt die W\u00e4rme am Kopf in kalten Umgebungen Aus 100% Acrylmaterial f\u00fcr optimalen Komfort Das flexible Strickdesign<\/p>\n","protected":false},"featured_media":746594,"template":"","meta":{"_seopress_robots_primary_cat":"none","_seopress_titles_title":"","_seopress_titles_desc":"","_seopress_robots_index":""},"product_brand":[3656],"product_cat":[1382,1391,974,82],"product_tag":[],"class_list":{"0":"post-747022","1":"product","2":"type-product","3":"status-publish","4":"has-post-thumbnail","6":"product_brand-milwaukee-de","7":"product_cat-arbeitskleidung","8":"product_cat-bekleidungs-accessoires","9":"product_cat-freizeitkleidung","10":"product_cat-kleidung","11":"sws-gruppo-abb-libero-de","12":"sws-conto-ricavi-merci-rivendita-abbigliamento-de","13":"sws-gruppo-iva-iva81-de","15":"first","16":"instock","17":"sale","18":"shipping-taxable","19":"purchasable","20":"product-type-variable","21":"has-default-attributes"},"_links":{"self":[{"href":"https:\/\/lucacastelli.com\/de\/wp-json\/wp\/v2\/product\/747022","targetHints":{"allow":["GET"]}}],"collection":[{"href":"https:\/\/lucacastelli.com\/de\/wp-json\/wp\/v2\/product"}],"about":[{"href":"https:\/\/lucacastelli.com\/de\/wp-json\/wp\/v2\/types\/product"}],"wp:featuredmedia":[{"embeddable":true,"href":"https:\/\/lucacastelli.com\/de\/wp-json\/wp\/v2\/media\/746594"}],"wp:attachment":[{"href":"https:\/\/lucacastelli.com\/de\/wp-json\/wp\/v2\/media?parent=747022"}],"wp:term":[{"taxonomy":"product_brand","embeddable":true,"href":"https:\/\/lucacastelli.com\/de\/wp-json\/wp\/v2\/product_brand?post=747022"},{"taxonomy":"product_cat","embeddable":true,"href":"https:\/\/lucacastelli.com\/de\/wp-json\/wp\/v2\/product_cat?post=747022"},{"taxonomy":"product_tag","embeddable":true,"href":"https:\/\/lucacastelli.com\/de\/wp-json\/wp\/v2\/product_tag?post=747022"}],"curies":[{"name":"wp","href":"https:\/\/api.w.org\/{rel}","templated":true}]}}