{"id":746998,"date":"2026-02-24T13:40:27","date_gmt":"2026-02-24T12:40:27","guid":{"rendered":"https:\/\/lucacastelli.com\/prodotto\/milwaukee-m18-akku-fettpresse-m18-gg-201c\/"},"modified":"2026-02-24T13:40:27","modified_gmt":"2026-02-24T12:40:27","slug":"milwaukee-m18-akku-fettpresse-m18-gg-201c","status":"publish","type":"product","link":"https:\/\/lucacastelli.com\/de\/produkt\/milwaukee-m18-akku-fettpresse-m18-gg-201c\/","title":{"rendered":"Milwaukee M18\u2122 Akku-Fettpresse M18 GG-201C"},"content":{"rendered":"<p>Leistungsstarker 18-V-Motor liefert \u00fcber 690 bar Druck<br \/>\nREDLINK\u2122 \u2013 \u00dcberlastungsschutz f\u00fcr Werkzeug und Akku f\u00fcr maximale Lebensdauer<br \/>\nMaximale Laufzeit, bis zu 7 Kartuschen pro Ladung<br \/>\nErgonomisch und handlich, nur 355 mm lang und 3,9 kg schwer<br \/>\nEntl\u00fcftungsventil<br \/>\nIntegrierte Schlauchaufbewahrung, Tragegurt und LED-Ladestandsanzeige<br \/>\nVentil zur Bef\u00fcllung \u00fcber externe Fettpumpen<br \/>\nDrei Bef\u00fcllungsm\u00f6glichkeiten: 400-ml-Kartusche, 473 ml lose, Ansaugen m\u00f6glich<br \/>\nFassungsverm\u00f6gen: 400-ml-Kartusche, 473 ml lose<br \/>\nEinzelzellen\u00fcberwachung f\u00fcr optimierte Standzeit und l\u00e4ngere Lebensdauer des Akkus<br \/>\nAkku-Ladestandsanzeige<br \/>\nDer REDLITHIUM\u2122-Akku bietet eine \u00fcberlegene Konstruktion, Elektronik und konstante Leistung f\u00fcr l\u00e4ngere Laufzeit und mehr Arbeit w\u00e4hrend der Lebensdauer des Akkus<br \/>\n18-V-Akkusystem: funktioniert mit allen MILWAUKEE\u00ae M18\u2122 Akkus<br \/>\n1219 mm langer Schlauch mit Federschutz<\/p>\n<p>&nbsp;<\/p>\n<p><span class=\"ProductDetailsContentstyles__StandardEquipmentLabel-sc-x8zwy7-32 kfkwbJ\">Standardausr\u00fcstung:<\/span><\/p>\n<div class=\"ProductDetailsContentstyles__StandardEquipmentText-sc-x8zwy7-33 caBfcR\">14,4 mm Schlauch mit Federschutz, gerades Mundst\u00fcck, Winkelmundst\u00fcck, Tragegurt<\/div>\n<p>&nbsp;<\/p>\n","protected":false},"excerpt":{"rendered":"<p>Leistungsstarker 18-V-Motor liefert \u00fcber 690 bar Druck REDLINK\u2122 \u2013 \u00dcberlastungsschutz f\u00fcr Werkzeug und Akku f\u00fcr maximale Lebensdauer Maximale Laufzeit, bis<\/p>\n","protected":false},"featured_media":746614,"template":"","meta":{"_seopress_robots_primary_cat":"","_seopress_titles_title":"","_seopress_titles_desc":"","_seopress_robots_index":""},"product_brand":[3656],"product_cat":[5534,169,1454],"product_tag":[],"class_list":{"0":"post-746998","1":"product","2":"type-product","3":"status-publish","4":"has-post-thumbnail","6":"product_brand-milwaukee-de","7":"product_cat-verschiedene-maschinen-von-milwaukee","8":"product_cat-maschinen","9":"product_cat-andere-gerate","10":"sws-gruppo-macchinari-de","11":"sws-conto-ricavi-merci-rivendita-macchinari-de","12":"sws-gruppo-iva-iva81-de","14":"first","15":"instock","16":"sale","17":"shipping-taxable","18":"purchasable","19":"product-type-simple"},"_links":{"self":[{"href":"https:\/\/lucacastelli.com\/de\/wp-json\/wp\/v2\/product\/746998","targetHints":{"allow":["GET"]}}],"collection":[{"href":"https:\/\/lucacastelli.com\/de\/wp-json\/wp\/v2\/product"}],"about":[{"href":"https:\/\/lucacastelli.com\/de\/wp-json\/wp\/v2\/types\/product"}],"wp:featuredmedia":[{"embeddable":true,"href":"https:\/\/lucacastelli.com\/de\/wp-json\/wp\/v2\/media\/746614"}],"wp:attachment":[{"href":"https:\/\/lucacastelli.com\/de\/wp-json\/wp\/v2\/media?parent=746998"}],"wp:term":[{"taxonomy":"product_brand","embeddable":true,"href":"https:\/\/lucacastelli.com\/de\/wp-json\/wp\/v2\/product_brand?post=746998"},{"taxonomy":"product_cat","embeddable":true,"href":"https:\/\/lucacastelli.com\/de\/wp-json\/wp\/v2\/product_cat?post=746998"},{"taxonomy":"product_tag","embeddable":true,"href":"https:\/\/lucacastelli.com\/de\/wp-json\/wp\/v2\/product_tag?post=746998"}],"curies":[{"name":"wp","href":"https:\/\/api.w.org\/{rel}","templated":true}]}}