{"id":746849,"date":"2026-02-24T10:07:25","date_gmt":"2026-02-24T09:07:25","guid":{"rendered":"https:\/\/lucacastelli.com\/prodotto\/milwaukee-m12-fuel-1-4-akku-vierkant-schlagschrauber-mit-sprengring-m12fsciwf14-0\/"},"modified":"2026-02-24T10:07:25","modified_gmt":"2026-02-24T09:07:25","slug":"milwaukee-m12-fuel-1-4-akku-vierkant-schlagschrauber-mit-sprengring-m12fsciwf14-0","status":"publish","type":"product","link":"https:\/\/lucacastelli.com\/de\/produkt\/milwaukee-m12-fuel-1-4-akku-vierkant-schlagschrauber-mit-sprengring-m12fsciwf14-0\/","title":{"rendered":"Milwaukee M12 FUEL\u2122 1\/4&#8243; Akku-Vierkant-Schlagschrauber mit Sprengring M12FSCIWF14-0"},"content":{"rendered":"<ul>\n<li>Ein Gewicht von 0,86 kg mit M12 HB 2,5 Ah Akku, eine L\u00e4nge von 112 mm und ein Umfang von 51 mm garantieren einen besseren Zugang in engen R\u00e4umen und eine geringere Erm\u00fcdung des Anwenders<\/li>\n<li>95 Nm Anzugsdrehmoment und 136 Nm L\u00f6semoment f\u00fcr die g\u00e4ngigsten Automobilanwendungen in engen R\u00e4umen<\/li>\n<li>Bis zu 3.800 min\u207b\u00b9 f\u00fcr eine au\u00dfergew\u00f6hnliche Anwendungsgeschwindigkeit<\/li>\n<li>Mit der 4-Modus-DRIVE CONTROL kann der Anwender zwischen vier verschiedenen Geschwindigkeits- und Drehmomenteinstellungen w\u00e4hlen, um die Vielseitigkeit der Anwendung zu maximieren<\/li>\n<li>Modus 4 (vorw\u00e4rts): Die automatische Abschaltsteuerung wendet ein Drehmoment von maximal 9 Nm f\u00fcr handfeste Verschraubungen an, um ein \u00dcberdrehen zu vermeiden<\/li>\n<li>Modus 4 (r\u00fcckw\u00e4rts): Die Steuerung zum L\u00f6sen von Schrauben liefert das maximale Drehmoment und reduziert dann die Geschwindigkeit, sobald die Schraube gel\u00f6st ist, um ein Herunterfallen der Schraube zu verhindern<\/li>\n<li>Modus-Auswahl f\u00fcr eine einfache Einstellung der Geschwindigkeit mit nur einer Hand<\/li>\n<li>Tri-LEDs f\u00fcr eine schattenfreie Beleuchtung des Arbeitsbereichs<\/li>\n<li>Die DNA unserer FUEL\u2122-Plattform definiert das Gleichgewicht kabelloser Technologien neu. Der b\u00fcrstenlose POWERSTATE\u2122-Motor von MILWAUKEE\u00ae, der REDLITHIUM\u2122-Akku und die REDLINK PLUS\u2122-Elektronik garantieren au\u00dfergew\u00f6hnliche Leistung, Laufzeit und Langlebigkeit <\/li>\n<li>Flexibles Akkusystem: kompatibel mit allen MILWAUKEE\u00ae M12\u2122 Akkus<\/li>\n<\/ul>\n<p>&nbsp;<\/p>\n<p><b>TECHNISCHE DATEN<\/b><\/p>\n<p><b>Anzugsdrehmoment (Nm) <\/b>41\/ 68\/ 95\/ 9<\/p>\n<p><b>Schlagzahl (min\u207b\u00b9) <\/b>0-1.350 \/ 0-3.700 \/ 0-4.400 \/ 0-4.400<\/p>\n<p><b>Max. Schraubendurchmesser <\/b>M12<\/p>\n<p><b>Max. Drehmoment (Nm) <\/b>136<\/p>\n<p><b>Leerlaufdrehzahl (min\u207b\u00b9) <\/b>0-1500 \/ 0-2900 \/ 0-3800 \/ 0-2200<\/p>\n<p><b>Geliefert in <\/b>Karton<\/p>\n<p><b>Werkzeugaufnahme <\/b>\u00bc\u2033 Vierkant<\/p>\n<p><b>Werkzeugaufnahme <\/b>Sprengring<\/p>\n<p><b>Akkutyp <\/b>Li-ion<\/p>\n<p><b>Ladeger\u00e4t im Lieferumfang enthalten <\/b>Kein Ladeger\u00e4t enthalten<\/p>\n<p><b>Gewicht mit Akku (EPTA) (kg) <\/b>0,86 (M12 HB2,5)<\/p>\n<p><b>Schallleistungspegel (Lwa)(dB(A)) <\/b>105<\/p>\n<p><b>Schallleistungspegel Unsicherheit (dB(A)) <\/b>3<\/p>\n<p><b>Schalldruckpegel (Lpa)(dB(A)) <\/b>97<\/p>\n<p><b>Schalldruckpegel Unsicherheit (dB(A)) <\/b>3<\/p>\n<p><b>Vibrationspegel (m\/s\u00b2) <\/b>12,1<\/p>\n<p><b>Vibrationsunsicherheit (m\/s\u00b2) <\/b>1,5<\/p>\n","protected":false},"excerpt":{"rendered":"<p>Ein Gewicht von 0,86 kg mit M12 HB 2,5 Ah Akku, eine L\u00e4nge von 112 mm und ein Umfang von<\/p>\n","protected":false},"featured_media":746187,"template":"","meta":{"_seopress_robots_primary_cat":"none","_seopress_titles_title":"","_seopress_titles_desc":"","_seopress_robots_index":""},"product_brand":[3656],"product_cat":[169,1454,1553],"product_tag":[],"class_list":{"0":"post-746849","1":"product","2":"type-product","3":"status-publish","4":"has-post-thumbnail","6":"product_brand-milwaukee-de","7":"product_cat-maschinen","8":"product_cat-andere-gerate","9":"product_cat-bohrer-und-schraubendreher","10":"sws-gruppo-macchinari-de","11":"sws-conto-ricavi-merci-rivendita-macchinari-de","12":"sws-gruppo-iva-iva81-de","14":"first","15":"instock","16":"sale","17":"shipping-taxable","18":"purchasable","19":"product-type-simple"},"_links":{"self":[{"href":"https:\/\/lucacastelli.com\/de\/wp-json\/wp\/v2\/product\/746849","targetHints":{"allow":["GET"]}}],"collection":[{"href":"https:\/\/lucacastelli.com\/de\/wp-json\/wp\/v2\/product"}],"about":[{"href":"https:\/\/lucacastelli.com\/de\/wp-json\/wp\/v2\/types\/product"}],"wp:featuredmedia":[{"embeddable":true,"href":"https:\/\/lucacastelli.com\/de\/wp-json\/wp\/v2\/media\/746187"}],"wp:attachment":[{"href":"https:\/\/lucacastelli.com\/de\/wp-json\/wp\/v2\/media?parent=746849"}],"wp:term":[{"taxonomy":"product_brand","embeddable":true,"href":"https:\/\/lucacastelli.com\/de\/wp-json\/wp\/v2\/product_brand?post=746849"},{"taxonomy":"product_cat","embeddable":true,"href":"https:\/\/lucacastelli.com\/de\/wp-json\/wp\/v2\/product_cat?post=746849"},{"taxonomy":"product_tag","embeddable":true,"href":"https:\/\/lucacastelli.com\/de\/wp-json\/wp\/v2\/product_tag?post=746849"}],"curies":[{"name":"wp","href":"https:\/\/api.w.org\/{rel}","templated":true}]}}