{"id":746774,"date":"2026-02-24T09:53:09","date_gmt":"2026-02-24T08:53:09","guid":{"rendered":"https:\/\/lucacastelli.com\/prodotto\/milwaukee-akku-saebelsaege-m12chz-0\/"},"modified":"2026-02-24T09:53:09","modified_gmt":"2026-02-24T08:53:09","slug":"milwaukee-akku-saebelsaege-m12chz-0","status":"publish","type":"product","link":"https:\/\/lucacastelli.com\/de\/produkt\/milwaukee-akku-saebelsaege-m12chz-0\/","title":{"rendered":"Milwaukee Akku-S\u00e4bels\u00e4ge M12CHZ-0"},"content":{"rendered":"<p>Eigenschaften<\/p>\n<p>Der b\u00fcrstenlose POWERSTATE\u2122-Motor liefert eine bis zu 70 % schnellere Leistung<br \/>\nDie REDLINK PLUS\u2122-Elektronik bietet einen fortschrittlichen \u00dcberlastungsschutz f\u00fcr Ger\u00e4t und Akku und sorgt f\u00fcr eine l\u00e4ngere Lebensdauer bei schweren Anwendungen<br \/>\nDer REDLITHIUM\u2122-Akku bietet eine fortschrittliche Konstruktion und konstante Leistung f\u00fcr eine l\u00e4ngere Laufzeit und maximale Lebensdauer<br \/>\nOptimierte Elektronik f\u00fcr maximale Laufzeit<br \/>\nFIXTEC\u2122-System f\u00fcr schnellen S\u00e4geblattwechsel<br \/>\nGeringe Vibrationen: 6,5 m\/s\u00b2 f\u00fcr l\u00e4ngere Anwendungen<br \/>\nVersiegeltes Getriebegeh\u00e4use verhindert das Eindringen von Staub und Wasser<br \/>\nLED-Beleuchtung des Arbeitsbereichs<br \/>\nLeicht und kompakt: f\u00fcr Anwendungen in engen Bereichen<br \/>\nKompatibel mit allen MILWAUKEE\u00ae M12\u2122-Akkus<\/p>\n<p>&nbsp;<\/p>\n<p>&nbsp;<\/p>\n<p><b>TECHNISCHE DATEN<\/b><\/p>\n<p><b>Spannung [V]: <\/b>12<\/p>\n<p><b>Akkutyp: <\/b>Li-ion<\/p>\n<p><b>Geliefert in: <\/b>im Karton<\/p>\n<p><b>Standardausr\u00fcstung | Lieferumfang: <\/b>1 x S\u00e4geblatt<\/p>\n<p><b>Bezeichnung: Modellvariante: <\/b>M12 CHZ-0<\/p>\n<p><b>Gewicht mit Akku [kg]: <\/b>1,6 (M12 B4)<\/p>\n<p><b>Ladeger\u00e4t im Lieferumfang enthalten: <\/b>Kein Ladeger\u00e4t im Lieferumfang enthalten<\/p>\n<p><b>Akku im Lieferumfang enthalten: <\/b>Kein Akku im Lieferumfang enthalten<\/p>\n<p><b>EAN: <\/b>4058546618742<\/p>\n<p><b>System: <\/b>M12<\/p>\n","protected":false},"excerpt":{"rendered":"<p>Eigenschaften Der b\u00fcrstenlose POWERSTATE\u2122-Motor liefert eine bis zu 70 % schnellere Leistung Die REDLINK PLUS\u2122-Elektronik bietet einen fortschrittlichen \u00dcberlastungsschutz f\u00fcr<\/p>\n","protected":false},"featured_media":746163,"template":"","meta":{"_seopress_robots_primary_cat":"","_seopress_titles_title":"","_seopress_titles_desc":"","_seopress_robots_index":""},"product_brand":[3656],"product_cat":[169,1454,1535],"product_tag":[],"class_list":{"0":"post-746774","1":"product","2":"type-product","3":"status-publish","4":"has-post-thumbnail","6":"product_brand-milwaukee-de","7":"product_cat-maschinen","8":"product_cat-andere-gerate","9":"product_cat-sagen","10":"sws-gruppo-macchinari-de","11":"sws-conto-ricavi-merci-rivendita-macchinari-de","12":"sws-gruppo-iva-iva81-de","14":"first","15":"instock","16":"sale","17":"shipping-taxable","18":"purchasable","19":"product-type-simple"},"_links":{"self":[{"href":"https:\/\/lucacastelli.com\/de\/wp-json\/wp\/v2\/product\/746774","targetHints":{"allow":["GET"]}}],"collection":[{"href":"https:\/\/lucacastelli.com\/de\/wp-json\/wp\/v2\/product"}],"about":[{"href":"https:\/\/lucacastelli.com\/de\/wp-json\/wp\/v2\/types\/product"}],"wp:featuredmedia":[{"embeddable":true,"href":"https:\/\/lucacastelli.com\/de\/wp-json\/wp\/v2\/media\/746163"}],"wp:attachment":[{"href":"https:\/\/lucacastelli.com\/de\/wp-json\/wp\/v2\/media?parent=746774"}],"wp:term":[{"taxonomy":"product_brand","embeddable":true,"href":"https:\/\/lucacastelli.com\/de\/wp-json\/wp\/v2\/product_brand?post=746774"},{"taxonomy":"product_cat","embeddable":true,"href":"https:\/\/lucacastelli.com\/de\/wp-json\/wp\/v2\/product_cat?post=746774"},{"taxonomy":"product_tag","embeddable":true,"href":"https:\/\/lucacastelli.com\/de\/wp-json\/wp\/v2\/product_tag?post=746774"}],"curies":[{"name":"wp","href":"https:\/\/api.w.org\/{rel}","templated":true}]}}