{"id":746666,"date":"2026-02-24T13:02:53","date_gmt":"2026-02-24T12:02:53","guid":{"rendered":"https:\/\/lucacastelli.com\/prodotto\/milwaukee-stud-magnetbandmass-33-mm-bandbreite-10-meter\/"},"modified":"2026-02-24T13:02:53","modified_gmt":"2026-02-24T12:02:53","slug":"milwaukee-stud-magnetbandmass-33-mm-bandbreite-10-meter","status":"publish","type":"product","link":"https:\/\/lucacastelli.com\/de\/produkt\/milwaukee-stud-magnetbandmass-33-mm-bandbreite-10-meter\/","title":{"rendered":"Milwaukee STUD Magnetbandma\u00df, 33 mm Bandbreite, 10 Meter"},"content":{"rendered":"<ul>\n<li>Gut sichtbare Bandfarbe f\u00fcr optimale Lesbarkeit, speziell entwickelt f\u00fcr Au\u00dfen- und Erdarbeiten<\/li>\n<li>EXO 360\u2122 Nylon-Vollbeschichtungstechnologie: extrem widerstandsf\u00e4hig und verschlei\u00dffest<\/li>\n<li>Sanfter R\u00fccklauf des Ma\u00dfbandes: f\u00fcr weniger Verformung bei anspruchsvollen Aushubarbeiten<\/li>\n<li>Robustes, schlagfestes Geh\u00e4use, ideal f\u00fcr den harten Baustelleneinsatz<\/li>\n<li>Beidseitige, rei\u00dffeste Bandbeschichtung verst\u00e4rkt die ersten 15 cm des Bandes<\/li>\n<li>33 mm breites Band garantiert hohe Stabilit\u00e4t und Steifigkeit<\/li>\n<li>Fingerstopp-Funktion f\u00fcr einen schnellen und kontrollierten R\u00fccklauf des Ma\u00dfbandes<\/li>\n<li>Selbststehender Bandauszug: misst bis zu 4,5 m ohne Abknicken<\/li>\n<li>Beidseitiger Druck mit vertikaler und horizontaler Skala: ideal f\u00fcr flexible Messanwendungen<\/li>\n<li>Architekturskala f\u00fcr das pr\u00e4zise Messen von ma\u00dfst\u00e4blichen Zeichnungen, wie z. B. Baupl\u00e4nen<\/li>\n<\/ul>\n","protected":false},"excerpt":{"rendered":"<p>Gut sichtbare Bandfarbe f\u00fcr optimale Lesbarkeit, speziell entwickelt f\u00fcr Au\u00dfen- und Erdarbeiten EXO 360\u2122 Nylon-Vollbeschichtungstechnologie: extrem widerstandsf\u00e4hig und verschlei\u00dffest Sanfter<\/p>\n","protected":false},"featured_media":746445,"template":"","meta":{"_seopress_robots_primary_cat":"none","_seopress_titles_title":"","_seopress_titles_desc":"","_seopress_robots_index":""},"product_brand":[3656],"product_cat":[169,1454,1470,150,1396,1494],"product_tag":[],"class_list":{"0":"post-746666","1":"product","2":"type-product","3":"status-publish","4":"has-post-thumbnail","6":"product_brand-milwaukee-de","7":"product_cat-maschinen","8":"product_cat-andere-gerate","9":"product_cat-messgerate","10":"product_cat-ausrustung","11":"product_cat-arbeitsausrustung","12":"product_cat-sonstige-arbeitsausrustung","13":"sws-gruppo-macchinari-de","14":"sws-conto-ricavi-merci-rivendita-macchinari-de","15":"sws-gruppo-iva-iva81-de","17":"first","18":"instock","19":"sale","20":"shipping-taxable","21":"purchasable","22":"product-type-simple"},"_links":{"self":[{"href":"https:\/\/lucacastelli.com\/de\/wp-json\/wp\/v2\/product\/746666","targetHints":{"allow":["GET"]}}],"collection":[{"href":"https:\/\/lucacastelli.com\/de\/wp-json\/wp\/v2\/product"}],"about":[{"href":"https:\/\/lucacastelli.com\/de\/wp-json\/wp\/v2\/types\/product"}],"wp:featuredmedia":[{"embeddable":true,"href":"https:\/\/lucacastelli.com\/de\/wp-json\/wp\/v2\/media\/746445"}],"wp:attachment":[{"href":"https:\/\/lucacastelli.com\/de\/wp-json\/wp\/v2\/media?parent=746666"}],"wp:term":[{"taxonomy":"product_brand","embeddable":true,"href":"https:\/\/lucacastelli.com\/de\/wp-json\/wp\/v2\/product_brand?post=746666"},{"taxonomy":"product_cat","embeddable":true,"href":"https:\/\/lucacastelli.com\/de\/wp-json\/wp\/v2\/product_cat?post=746666"},{"taxonomy":"product_tag","embeddable":true,"href":"https:\/\/lucacastelli.com\/de\/wp-json\/wp\/v2\/product_tag?post=746666"}],"curies":[{"name":"wp","href":"https:\/\/api.w.org\/{rel}","templated":true}]}}