{"id":743602,"date":"2026-02-22T17:28:42","date_gmt":"2026-02-22T16:28:42","guid":{"rendered":"https:\/\/lucacastelli.com\/prodotto\/milwaukee-weichschaumeinlage-6\/"},"modified":"2026-02-22T17:28:42","modified_gmt":"2026-02-22T16:28:42","slug":"milwaukee-weichschaumeinlage-6","status":"publish","type":"product","link":"https:\/\/lucacastelli.com\/de\/produkt\/milwaukee-weichschaumeinlage-6\/","title":{"rendered":"MILWAUKEE Weichschaumeinlage"},"content":{"rendered":"<p>SCHL\u00dcSSEL-MIX-SET IN WEICHMODUL-EINLAGE<br \/>\nSchl\u00fcssel-Mix-Set in Weichmodul-Einlage<\/p>\n<p>Ringmaulschl\u00fcssel 6\u201332 mm, Doppelringschl\u00fcssel 6 x 7, 8 x 9, 10 x 11, 12 x 13, 14 x 15, 16 x 17, 18 x 19, 20 x 22 mm, Doppelmaulschl\u00fcssel 6 x 7, 8 x 9, 10 x 11, 12 x 13, 14 x 15, 16 x 17, 18 x 19, 20 x 22 mm<br \/>\n4058546620608<\/p>\n","protected":false},"excerpt":{"rendered":"<p>SCHL\u00dcSSEL-MIX-SET IN WEICHMODUL-EINLAGE Schl\u00fcssel-Mix-Set in Weichmodul-Einlage Ringmaulschl\u00fcssel 6\u201332 mm, Doppelringschl\u00fcssel 6 x 7, 8 x 9, 10 x 11, 12<\/p>\n","protected":false},"featured_media":741237,"template":"","meta":{"_seopress_robots_primary_cat":"","_seopress_titles_title":"","_seopress_titles_desc":"","_seopress_robots_index":""},"product_brand":[3656],"product_cat":[5529,150],"product_tag":[6835],"class_list":{"0":"post-743602","1":"product","2":"type-product","3":"status-publish","4":"has-post-thumbnail","6":"product_brand-milwaukee-de","7":"product_cat-workshop-tools","8":"product_cat-ausrustung","9":"product_tag-imp-26-mw_new","10":"sws-gruppo-macchinari-de","11":"sws-conto-ricavi-merci-rivendita-macchinari-de","12":"sws-gruppo-iva-iva81-de","14":"first","15":"instock","16":"sale","17":"shipping-taxable","18":"purchasable","19":"product-type-simple"},"_links":{"self":[{"href":"https:\/\/lucacastelli.com\/de\/wp-json\/wp\/v2\/product\/743602","targetHints":{"allow":["GET"]}}],"collection":[{"href":"https:\/\/lucacastelli.com\/de\/wp-json\/wp\/v2\/product"}],"about":[{"href":"https:\/\/lucacastelli.com\/de\/wp-json\/wp\/v2\/types\/product"}],"wp:featuredmedia":[{"embeddable":true,"href":"https:\/\/lucacastelli.com\/de\/wp-json\/wp\/v2\/media\/741237"}],"wp:attachment":[{"href":"https:\/\/lucacastelli.com\/de\/wp-json\/wp\/v2\/media?parent=743602"}],"wp:term":[{"taxonomy":"product_brand","embeddable":true,"href":"https:\/\/lucacastelli.com\/de\/wp-json\/wp\/v2\/product_brand?post=743602"},{"taxonomy":"product_cat","embeddable":true,"href":"https:\/\/lucacastelli.com\/de\/wp-json\/wp\/v2\/product_cat?post=743602"},{"taxonomy":"product_tag","embeddable":true,"href":"https:\/\/lucacastelli.com\/de\/wp-json\/wp\/v2\/product_tag?post=743602"}],"curies":[{"name":"wp","href":"https:\/\/api.w.org\/{rel}","templated":true}]}}