{"id":743551,"date":"2026-02-22T17:29:41","date_gmt":"2026-02-22T16:29:41","guid":{"rendered":"https:\/\/lucacastelli.com\/prodotto\/milwaukee-werkzeugwagen-3\/"},"modified":"2026-02-22T17:29:41","modified_gmt":"2026-02-22T16:29:41","slug":"milwaukee-werkzeugwagen-3","status":"publish","type":"product","link":"https:\/\/lucacastelli.com\/de\/produkt\/milwaukee-werkzeugwagen-3\/","title":{"rendered":"MILWAUKEE Werkzeugwagen"},"content":{"rendered":"<p>BEST\u00dcCKT TOOLGUARD 27\u201d\/69 UNIVERSAL 131-TLG.<br \/>\nNICHT ANZEIGEN<\/p>\n<p>28-teiliges Set mit \u00bc-Zoll-Ratschenschl\u00fcssel und \u00bc-Zoll-Steckschl\u00fcsseln, Standard-Steckschl\u00fcsseleins\u00e4tze 5\u201315 mm, lange Steckschl\u00fcsseleins\u00e4tze 5\u201315 mm, Verl\u00e4ngerungen 76 mm und 152 mm, Kardangelenk, 32-teiliges Set mit 3\u20448-Zoll-Ratschenschl\u00fcssel und 3\u20448-Zoll-Steckschl\u00fcsseln, Standard-Steckschl\u00fcsseleins\u00e4tze 6\u201319 mm, lange Steckschl\u00fcsseleins\u00e4tze 6\u201319 mm, Verl\u00e4ngerungen 76 mm und 152 mm, Kardangelenk, 28-teiliges \u00bd-Zoll-Steckschl\u00fcssel- und Ratschenset mit \u00bd-Zoll-Ratsche, Standard-Steckschl\u00fcsseleins\u00e4tze 10\u201324 mm, lange Steckschl\u00fcsseleins\u00e4tze 10\u201319 mm, Verl\u00e4ngerungen 76 mm und 152 mm, Kardangelenk. 15-teiliges MAXBITE\u2122-Ringmaulschl\u00fcsselset mit Ringmaulschl\u00fcsseln 8\u201322 mm, 6-teiliges Tri-Lobe-Schraubendreherset mit Schraubendrehern TX10\u2013TX40, 7-teiliges Tri-Lobe-Schraubendreherset mit Schraubendrehern SL 0,5\u20131,2, PH0\u2013PH2. SCHUBLADE 3: 15-teiliger Universal-Einsatz mit metrischem Innensechskantschl\u00fcsselset, Seitenschneider 160 mm, Kombizange 165 mm, Wasserpumpenzange 250 mm, Schlosserhammer aus amerikanischem Nussbaumholz 500 g, Hands\u00e4ge, magnetisches Ma\u00dfband 5 m \/ 16 ft<br \/>\n4058546624552  <\/p>\n","protected":false},"excerpt":{"rendered":"<p>BEST\u00dcCKT TOOLGUARD 27\u201d\/69 UNIVERSAL 131-TLG. NICHT ANZEIGEN 28-teiliges Set mit \u00bc-Zoll-Ratschenschl\u00fcssel und \u00bc-Zoll-Steckschl\u00fcsseln, Standard-Steckschl\u00fcsseleins\u00e4tze 5\u201315 mm, lange Steckschl\u00fcsseleins\u00e4tze 5\u201315 mm,<\/p>\n","protected":false},"featured_media":741255,"template":"","meta":{"_seopress_robots_primary_cat":"","_seopress_titles_title":"","_seopress_titles_desc":"","_seopress_robots_index":""},"product_brand":[3656],"product_cat":[5529,150],"product_tag":[6835],"class_list":{"0":"post-743551","1":"product","2":"type-product","3":"status-publish","4":"has-post-thumbnail","6":"product_brand-milwaukee-de","7":"product_cat-workshop-tools","8":"product_cat-ausrustung","9":"product_tag-imp-26-mw_new","10":"sws-gruppo-macchinari-de","11":"sws-conto-ricavi-merci-rivendita-macchinari-de","12":"sws-gruppo-iva-iva81-de","14":"first","15":"instock","16":"sale","17":"shipping-taxable","18":"purchasable","19":"product-type-simple"},"_links":{"self":[{"href":"https:\/\/lucacastelli.com\/de\/wp-json\/wp\/v2\/product\/743551","targetHints":{"allow":["GET"]}}],"collection":[{"href":"https:\/\/lucacastelli.com\/de\/wp-json\/wp\/v2\/product"}],"about":[{"href":"https:\/\/lucacastelli.com\/de\/wp-json\/wp\/v2\/types\/product"}],"wp:featuredmedia":[{"embeddable":true,"href":"https:\/\/lucacastelli.com\/de\/wp-json\/wp\/v2\/media\/741255"}],"wp:attachment":[{"href":"https:\/\/lucacastelli.com\/de\/wp-json\/wp\/v2\/media?parent=743551"}],"wp:term":[{"taxonomy":"product_brand","embeddable":true,"href":"https:\/\/lucacastelli.com\/de\/wp-json\/wp\/v2\/product_brand?post=743551"},{"taxonomy":"product_cat","embeddable":true,"href":"https:\/\/lucacastelli.com\/de\/wp-json\/wp\/v2\/product_cat?post=743551"},{"taxonomy":"product_tag","embeddable":true,"href":"https:\/\/lucacastelli.com\/de\/wp-json\/wp\/v2\/product_tag?post=743551"}],"curies":[{"name":"wp","href":"https:\/\/api.w.org\/{rel}","templated":true}]}}