{"id":743522,"date":"2026-02-22T17:29:47","date_gmt":"2026-02-22T16:29:47","guid":{"rendered":"https:\/\/lucacastelli.com\/prodotto\/milwaukee-werkzeugwagen-2\/"},"modified":"2026-02-22T17:29:47","modified_gmt":"2026-02-22T16:29:47","slug":"milwaukee-werkzeugwagen-2","status":"publish","type":"product","link":"https:\/\/lucacastelli.com\/de\/produkt\/milwaukee-werkzeugwagen-2\/","title":{"rendered":"MILWAUKEE Werkzeugwagen"},"content":{"rendered":"<p>TOOLGUARD FILLED 30in\/78CM PR EU<br \/>\nNICHT ANZEIGEN<\/p>\n<p>194-teiliges Set mit Ratschenschl\u00fcsseln und Steckschl\u00fcsseln 1\/4&#8243;, 3\/8&#8243; und 1\/2&#8243; in Schaumstoffeinlage, 27-teiliges MAXBITE Ringmaulschl\u00fcssel-Set in Schaumstoffeinlage, 4-teiliges Zangen-Set in Schaumstoffeinlage, 15-teiliges MAXBITE Ratschenschl\u00fcssel-Set in Schaumstoffeinlage, 10-teiliges Doppelmaulschl\u00fcssel-Set in Schaumstoffeinlage, 23-teiliges Schraubendreher-Set mit Trilobat-Antrieb in Schaumstoffeinlage, 3-teiliges Sicherungsringzangen-Set in Schaumstoffeinlage, 2-teiliges Hammer-Set in Schaumstoffeinlage, 3-teiliges Schneid- und Messwerkzeug-Set in Schaumstoffeinlage, 32-teiliges Shockwave\u2122 1\/2&#8243; Schlagschrauber-Steckschl\u00fcssel-Set in Schaumstoffeinlage, M18FIW2F12-0 kompakter 1\/2&#8243; Schlagschrauber, 2 chemikalienbest\u00e4ndige M18\u2122 5.0 Ah Akkus, M12\u2122 und M18\u2122 Schnellladeger\u00e4t, kratzfeste Schutzbrille, 3 wiederverwendbare Ohrst\u00f6psel, 30&#8243; TOOLGUARD\u2122 Werkstattwagen<br \/>\n4058546620455<\/p>\n","protected":false},"excerpt":{"rendered":"<p>TOOLGUARD FILLED 30in\/78CM PR EU NICHT ANZEIGEN 194-teiliges Set mit Ratschenschl\u00fcsseln und Steckschl\u00fcsseln 1\/4&#8243;, 3\/8&#8243; und 1\/2&#8243; in Schaumstoffeinlage, 27-teiliges<\/p>\n","protected":false},"featured_media":741257,"template":"","meta":{"_seopress_robots_primary_cat":"","_seopress_titles_title":"","_seopress_titles_desc":"","_seopress_robots_index":""},"product_brand":[3656],"product_cat":[150,5529],"product_tag":[6835],"class_list":{"0":"post-743522","1":"product","2":"type-product","3":"status-publish","4":"has-post-thumbnail","6":"product_brand-milwaukee-de","7":"product_cat-ausrustung","8":"product_cat-workshop-tools","9":"product_tag-imp-26-mw_new","10":"sws-gruppo-macchinari-de","11":"sws-conto-ricavi-merci-rivendita-macchinari-de","12":"sws-gruppo-iva-iva81-de","14":"first","15":"instock","16":"sale","17":"shipping-taxable","18":"purchasable","19":"product-type-simple"},"_links":{"self":[{"href":"https:\/\/lucacastelli.com\/de\/wp-json\/wp\/v2\/product\/743522","targetHints":{"allow":["GET"]}}],"collection":[{"href":"https:\/\/lucacastelli.com\/de\/wp-json\/wp\/v2\/product"}],"about":[{"href":"https:\/\/lucacastelli.com\/de\/wp-json\/wp\/v2\/types\/product"}],"wp:featuredmedia":[{"embeddable":true,"href":"https:\/\/lucacastelli.com\/de\/wp-json\/wp\/v2\/media\/741257"}],"wp:attachment":[{"href":"https:\/\/lucacastelli.com\/de\/wp-json\/wp\/v2\/media?parent=743522"}],"wp:term":[{"taxonomy":"product_brand","embeddable":true,"href":"https:\/\/lucacastelli.com\/de\/wp-json\/wp\/v2\/product_brand?post=743522"},{"taxonomy":"product_cat","embeddable":true,"href":"https:\/\/lucacastelli.com\/de\/wp-json\/wp\/v2\/product_cat?post=743522"},{"taxonomy":"product_tag","embeddable":true,"href":"https:\/\/lucacastelli.com\/de\/wp-json\/wp\/v2\/product_tag?post=743522"}],"curies":[{"name":"wp","href":"https:\/\/api.w.org\/{rel}","templated":true}]}}