{"id":743495,"date":"2026-02-22T17:28:28","date_gmt":"2026-02-22T16:28:28","guid":{"rendered":"https:\/\/lucacastelli.com\/prodotto\/milwaukee-weichschaumeinlage-4\/"},"modified":"2026-02-22T17:28:28","modified_gmt":"2026-02-22T16:28:28","slug":"milwaukee-weichschaumeinlage-4","status":"publish","type":"product","link":"https:\/\/lucacastelli.com\/de\/produkt\/milwaukee-weichschaumeinlage-4\/","title":{"rendered":"MILWAUKEE Weichschaumeinlage"},"content":{"rendered":"<p>BIT-SET, STECKSCHL\u00dcSSEL-KNARREN 1\/4 UND 3\/8 WEICHSCHAUMMODUL<br \/>\nBit-Set, Steckschl\u00fcssel und Knarren \u00bc\u2033 und \u215c\u2033 in Weichschaummodul<\/p>\n<p>Sechskant-Steckschl\u00fcssel 1\/4 Zoll: Standard 5-14 mm, lang 5-14 mm, Hex-Bits 1\/4 Zoll: 2,5-6 mm, Torx-Bits 1\/4 Zoll: T8-T27, Knarren 1\/4 Zoll Standard und Kompakt, Griff mit Vierkantantrieb 1\/4 Zoll, Verl\u00e4ngerungen 1\/4 Zoll: 76 mm, 152 mm, Kardangelenk 1\/4 Zoll, Adapter: 1\/4 Zoll F X 3\/8 Zoll M, 3\/8 Zoll F X 1\/2 Zoll M, 1\/2 Zoll F X 3\/8 Zoll M, 3\/8 Zoll F X 1\/4 Zoll M, Shockwave 1\/4 Zoll Sechskant &#8211; 1\/4 Zoll Vierkant, Shockwave 1\/4 Zoll Sechskant &#8211; 3\/8 Zoll Vierkant, Shockwave 1\/4 Zoll Sechskant &#8211; 1\/2 Zoll Vierkant, Shockwave 3\/8 Zoll Sechskant &#8211; 1\/4 Zoll Vierkant, Bit-Steckschl\u00fcssel 1\/4 Zoll und 3\/8 Zoll, Sechskant-Steckschl\u00fcssel 3\/8 Zoll: Standard 8-22 mm, lang 8-22 mm, Hex-Bits 3\/8 Zoll: 7-13 mm, Torx-Bits 3\/8 Zoll: T27-T55, Z\u00fcndkerzen-Steckschl\u00fcssel 3\/8 Zoll: 14-20,8, Gelenkverl\u00e4ngerungen 3\/8 Zoll: 76 mm, 152 mm, 254 mm, 305 mm, 9-tlg. Torx-Winkelschl\u00fcssel-Set, 9-tlg. Sechskant-Winkelschl\u00fcssel-Set, 32-tlg. Shockwave Bit-Set f\u00fcr Schlagschrauber<br \/>\n4058546620585  <\/p>\n","protected":false},"excerpt":{"rendered":"<p>BIT-SET, STECKSCHL\u00dcSSEL-KNARREN 1\/4 UND 3\/8 WEICHSCHAUMMODUL Bit-Set, Steckschl\u00fcssel und Knarren \u00bc\u2033 und \u215c\u2033 in Weichschaummodul Sechskant-Steckschl\u00fcssel 1\/4 Zoll: Standard 5-14<\/p>\n","protected":false},"featured_media":741233,"template":"","meta":{"_seopress_robots_primary_cat":"","_seopress_titles_title":"","_seopress_titles_desc":"","_seopress_robots_index":""},"product_brand":[3656],"product_cat":[5529,150],"product_tag":[6835],"class_list":{"0":"post-743495","1":"product","2":"type-product","3":"status-publish","4":"has-post-thumbnail","6":"product_brand-milwaukee-de","7":"product_cat-workshop-tools","8":"product_cat-ausrustung","9":"product_tag-imp-26-mw_new","10":"sws-gruppo-macchinari-de","11":"sws-conto-ricavi-merci-rivendita-macchinari-de","12":"sws-gruppo-iva-iva81-de","14":"first","15":"instock","16":"sale","17":"shipping-taxable","18":"purchasable","19":"product-type-simple"},"_links":{"self":[{"href":"https:\/\/lucacastelli.com\/de\/wp-json\/wp\/v2\/product\/743495","targetHints":{"allow":["GET"]}}],"collection":[{"href":"https:\/\/lucacastelli.com\/de\/wp-json\/wp\/v2\/product"}],"about":[{"href":"https:\/\/lucacastelli.com\/de\/wp-json\/wp\/v2\/types\/product"}],"wp:featuredmedia":[{"embeddable":true,"href":"https:\/\/lucacastelli.com\/de\/wp-json\/wp\/v2\/media\/741233"}],"wp:attachment":[{"href":"https:\/\/lucacastelli.com\/de\/wp-json\/wp\/v2\/media?parent=743495"}],"wp:term":[{"taxonomy":"product_brand","embeddable":true,"href":"https:\/\/lucacastelli.com\/de\/wp-json\/wp\/v2\/product_brand?post=743495"},{"taxonomy":"product_cat","embeddable":true,"href":"https:\/\/lucacastelli.com\/de\/wp-json\/wp\/v2\/product_cat?post=743495"},{"taxonomy":"product_tag","embeddable":true,"href":"https:\/\/lucacastelli.com\/de\/wp-json\/wp\/v2\/product_tag?post=743495"}],"curies":[{"name":"wp","href":"https:\/\/api.w.org\/{rel}","templated":true}]}}